{"id":6469,"date":"2019-11-07T06:40:00","date_gmt":"2019-11-07T06:40:00","guid":{"rendered":"https:\/\/www.tgdf.org.tr\/en\/?page_id=6469"},"modified":"2020-05-26T02:19:22","modified_gmt":"2020-05-26T02:19:22","slug":"ufe-ve-tufe-verileri","status":"publish","type":"page","link":"https:\/\/www.tgdf.org.tr\/en\/ufe-ve-tufe-verileri\/","title":{"rendered":"\u00dcFE ve T\u00dcFE Verileri"},"content":{"rendered":"<p align=\"center\"><iframe loading=\"lazy\" src=\"https:\/\/app.powerbi.com\/view?r=eyJrIjoiMTgxNzBlYzgtMDNjOS00YmI1LThlNDEtM2ZkN2QwOGUxMjM5IiwidCI6IjI4MjdjNTliLTA0ZTQtNDc1Mi05NzM0LTYxZGIwZjVkNzc5ZSIsImMiOjl9\" width=\"900\" height=\"700\" frameborder=\"0\" allowfullscreen=\"allowfullscreen\"><span data-mce-type=\"bookmark\" style=\"display: inline-block; width: 0px; overflow: hidden; line-height: 0;\" class=\"mce_SELRES_start\">\ufeff<\/span><span data-mce-type=\"bookmark\" style=\"display: inline-block; width: 0px; overflow: hidden; line-height: 0;\" class=\"mce_SELRES_start\">\ufeff<\/span><\/iframe><\/p>\n<p align=\"center\"><strong><em>Kaynak: T\u00fcrkiye \u0130statistik Kurumu<\/em><\/strong><\/p>\n<p style=\"text-align: left;\" align=\"center\"><span style=\"color: #999999;\">Tar\u0131m \u00fcr\u00fcnleri \u00fcretici fiyat endeksi \u00fcr\u00fcn fiyatlar\u0131, T\u00fcketici fiyat endeksi \u00fcr\u00fcn fiyatlar\u0131. G\u0131da fiyatlar\u0131 t\u0131klanabilir dinamik tablo \u015feklinde haz\u0131rlanm\u0131\u015ft\u0131r. Detaylar\u0131n\u0131 g\u00f6rmek istedi\u011finiz \u00fcr\u00fcn\u00fc t\u0131klyarak fiyat de\u011fi\u015fim e\u011frisini inceleyebilirsiniz.<\/span><\/p>\n<p align=\"center\"><a href=\"https:\/\/agrimetre.com\/?utm_medium=embedreport&amp;utm_source=tgdf&amp;utm_campaign=ufetufe\"><img loading=\"lazy\" decoding=\"async\" class=\"aligncenter wp-image-7003\" src=\"https:\/\/www.tgdf.org.tr\/en\/wp-content\/uploads\/2020\/05\/pba-light-color_small.png\" alt=\"agrimetre\" width=\"200\" height=\"78\" \/><\/a><\/p>\n","protected":false},"excerpt":{"rendered":"<p>\ufeff\ufeff Kaynak: T\u00fcrkiye \u0130statistik Kurumu Tar\u0131m \u00fcr\u00fcnleri \u00fcretici fiyat endeksi \u00fcr\u00fcn fiyatlar\u0131, T\u00fcketici fiyat endeksi \u00fcr\u00fcn fiyatlar\u0131. G\u0131da fiyatlar\u0131 t\u0131klanabilir dinamik tablo \u015feklinde haz\u0131rlanm\u0131\u015ft\u0131r. Detaylar\u0131n\u0131 g\u00f6rmek istedi\u011finiz \u00fcr\u00fcn\u00fc t\u0131klyarak fiyat de\u011fi\u015fim e\u011frisini inceleyebilirsiniz.<\/p>\n","protected":false},"author":1436,"featured_media":0,"parent":0,"menu_order":0,"comment_status":"closed","ping_status":"closed","template":"","meta":{"footnotes":""},"class_list":["post-6469","page","type-page","status-publish","hentry"],"_links":{"self":[{"href":"https:\/\/www.tgdf.org.tr\/en\/wp-json\/wp\/v2\/pages\/6469","targetHints":{"allow":["GET"]}}],"collection":[{"href":"https:\/\/www.tgdf.org.tr\/en\/wp-json\/wp\/v2\/pages"}],"about":[{"href":"https:\/\/www.tgdf.org.tr\/en\/wp-json\/wp\/v2\/types\/page"}],"author":[{"embeddable":true,"href":"https:\/\/www.tgdf.org.tr\/en\/wp-json\/wp\/v2\/users\/1436"}],"replies":[{"embeddable":true,"href":"https:\/\/www.tgdf.org.tr\/en\/wp-json\/wp\/v2\/comments?post=6469"}],"version-history":[{"count":0,"href":"https:\/\/www.tgdf.org.tr\/en\/wp-json\/wp\/v2\/pages\/6469\/revisions"}],"wp:attachment":[{"href":"https:\/\/www.tgdf.org.tr\/en\/wp-json\/wp\/v2\/media?parent=6469"}],"curies":[{"name":"wp","href":"https:\/\/api.w.org\/{rel}","templated":true}]}}