{"id":6368,"date":"2019-10-17T16:10:05","date_gmt":"2019-10-17T16:10:05","guid":{"rendered":"https:\/\/www.tgdf.org.tr\/en\/?page_id=6368"},"modified":"2020-05-26T02:19:41","modified_gmt":"2020-05-26T02:19:41","slug":"turkiye-gida-ve-icecek-sektorleri-dis-ticaret-verileri","status":"publish","type":"page","link":"https:\/\/www.tgdf.org.tr\/en\/turkiye-gida-ve-icecek-sektorleri-dis-ticaret-verileri\/","title":{"rendered":"T\u00fcrkiye G\u0131da ve \u0130\u00e7ecek Sekt\u00f6rleri D\u0131\u015f Ticaret Verileri"},"content":{"rendered":"<p align=\"center\"><iframe loading=\"lazy\" src=\"https:\/\/app.powerbi.com\/view?r=eyJrIjoiZDc2NWQyZmUtODA4YS00MDU5LWFiNTMtMWEyMTk2OTM5YzVkIiwidCI6IjI4MjdjNTliLTA0ZTQtNDc1Mi05NzM0LTYxZGIwZjVkNzc5ZSIsImMiOjl9\" width=\"900\" height=\"700\" frameborder=\"0\" allowfullscreen=\"allowfullscreen\"><span data-mce-type=\"bookmark\" style=\"display: inline-block; width: 0px; overflow: hidden; line-height: 0;\" class=\"mce_SELRES_start\">\ufeff<\/span><span data-mce-type=\"bookmark\" style=\"display: inline-block; width: 0px; overflow: hidden; line-height: 0;\" class=\"mce_SELRES_start\">\ufeff<\/span><\/iframe><\/p>\n<p align=\"center\"><strong><em>Kaynak: T\u00fcrkiye \u0130statistik Kurumu<\/em><\/strong><\/p>\n<p style=\"text-align: left;\" align=\"center\"><span style=\"color: #999999;\">T\u00fcrkiye G\u0131da ve \u0130\u00e7ecek Sekt\u00f6rleri D\u0131\u015f Ticaret Verileri. Sekt\u00f6r ve \u00fclke ithalat ve ihracat\u0131 t\u0131klanabilir, dinamik tablo \u015feklinde haz\u0131rlanm\u0131\u015ft\u0131r. Detaylar\u0131n\u0131 g\u00f6rmek istedi\u011finiz \u00fcr\u00fcn ve \u00fclkeyi t\u0131klayarak bir \u00f6nceki y\u0131l ile kar\u015f\u0131la\u015ft\u0131rmal\u0131 olarak inceleyebilirsiniz. Hesaplamalarda 01-24 GT\u0130P'leri aras\u0131nda t\u00fcm \u00fcr\u00fcnler dahil edilmi\u015f ve s\u0131n\u0131fland\u0131r\u0131lm\u0131\u015ft\u0131r.<\/span><\/p>\n<p align=\"center\"><a href=\"https:\/\/agrimetre.com\/?utm_medium=embedreport&amp;utm_source=tgdf&amp;utm_campaign=disticaret\"><img loading=\"lazy\" decoding=\"async\" class=\"aligncenter wp-image-7003\" src=\"https:\/\/www.tgdf.org.tr\/en\/wp-content\/uploads\/2020\/05\/pba-light-color_small.png\" alt=\"agrimetre\" width=\"200\" height=\"78\" \/><\/a><\/p>\n","protected":false},"excerpt":{"rendered":"<p>\ufeff\ufeff Kaynak: T\u00fcrkiye \u0130statistik Kurumu T\u00fcrkiye G\u0131da ve \u0130\u00e7ecek Sekt\u00f6rleri D\u0131\u015f Ticaret Verileri. Sekt\u00f6r ve \u00fclke ithalat ve ihracat\u0131 t\u0131klanabilir, dinamik tablo \u015feklinde haz\u0131rlanm\u0131\u015ft\u0131r. Detaylar\u0131n\u0131 g\u00f6rmek istedi\u011finiz \u00fcr\u00fcn ve \u00fclkeyi t\u0131klayarak bir \u00f6nceki y\u0131l ile kar\u015f\u0131la\u015ft\u0131rmal\u0131 olarak inceleyebilirsiniz. Hesaplamalarda 01-24 GT\u0130P&#8217;leri aras\u0131nda t\u00fcm \u00fcr\u00fcnler dahil edilmi\u015f ve s\u0131n\u0131fland\u0131r\u0131lm\u0131\u015ft\u0131r.<\/p>\n","protected":false},"author":1436,"featured_media":0,"parent":0,"menu_order":0,"comment_status":"closed","ping_status":"closed","template":"","meta":{"footnotes":""},"class_list":["post-6368","page","type-page","status-publish","hentry"],"_links":{"self":[{"href":"https:\/\/www.tgdf.org.tr\/en\/wp-json\/wp\/v2\/pages\/6368","targetHints":{"allow":["GET"]}}],"collection":[{"href":"https:\/\/www.tgdf.org.tr\/en\/wp-json\/wp\/v2\/pages"}],"about":[{"href":"https:\/\/www.tgdf.org.tr\/en\/wp-json\/wp\/v2\/types\/page"}],"author":[{"embeddable":true,"href":"https:\/\/www.tgdf.org.tr\/en\/wp-json\/wp\/v2\/users\/1436"}],"replies":[{"embeddable":true,"href":"https:\/\/www.tgdf.org.tr\/en\/wp-json\/wp\/v2\/comments?post=6368"}],"version-history":[{"count":0,"href":"https:\/\/www.tgdf.org.tr\/en\/wp-json\/wp\/v2\/pages\/6368\/revisions"}],"wp:attachment":[{"href":"https:\/\/www.tgdf.org.tr\/en\/wp-json\/wp\/v2\/media?parent=6368"}],"curies":[{"name":"wp","href":"https:\/\/api.w.org\/{rel}","templated":true}]}}