{"id":580,"date":"2016-06-23T12:10:27","date_gmt":"2016-06-23T12:10:27","guid":{"rendered":"https:\/\/www.tgdf.org.tr\/en\/yeni1\/?page_id=580"},"modified":"2021-05-31T19:49:18","modified_gmt":"2021-05-31T16:49:18","slug":"iletisim","status":"publish","type":"page","link":"https:\/\/www.tgdf.org.tr\/en\/iletisim\/","title":{"rendered":"Contact"},"content":{"rendered":"<div class=\"wpb-content-wrapper\"><p>[vc_row][vc_column width=\"1\/2\"][vc_column_text]<\/p>\n<p class=\"p1\"><b>Head Office of the Federation of Food &amp; Drink Industry Associations of Turkey <\/b><\/p>\n<p>&#x1f4de;\u00a0Tel : 0 216 651 86 81 -\u00a0Fax : 0 216 651 86 83<\/p>\n<p>&#x1f3e2;\u00a0Altunizade Mah. K\u0131s\u0131kl\u0131 Cad.\u00a0Tekin Ak \u0130\u015f Merkezi No: 3<br \/>\nKat: 2 Daire: 7 34662\u00a0Ba\u011flarba\u015f\u0131 \u2013 \u00dcsk\u00fcdar ISTANBUL<\/p>\n<p>&#x2709; E-mail: <a href=\"mailto:genelsekreterlik@tgdf.org.tr\">genelsekreterlik@tgdf.org.tr<\/a><\/p>\n<p>KEP Address: <a href=\"mailto:tgdf@hs01.kep.tr\">tgdf@hs01.kep.tr<\/a>[\/vc_column_text][\/vc_column][vc_column width=\"1\/2\"][vc_gmaps link=\"#E-8_JTNDaWZyYW1lJTIwc3JjJTNEJTIyaHR0cHMlM0ElMkYlMkZ3d3cuZ29vZ2xlLmNvbSUyRm1hcHMlMkZlbWJlZCUzRnBiJTNEJTIxMW0xOCUyMTFtMTIlMjExbTMlMjExZDMwMTAuMDYwODQ0MjUxNDcxNyUyMTJkMjkuMDM1NDgwMTE1NDE0NTQ3JTIxM2Q0MS4wMjM5MjQ3NzkyOTkxNiUyMTJtMyUyMTFmMCUyMTJmMCUyMTNmMCUyMTNtMiUyMTFpMTAyNCUyMTJpNzY4JTIxNGYxMy4xJTIxM20zJTIxMW0yJTIxMXMweDE0Y2FiN2ZiMmY0NTg4OGIlMjUzQTB4MWEyYmE3NDllMjg1NzAyYSUyMTJzVCUyNUMzJTI1QkNya2l5ZSUyQkclMjVDNCUyNUIxZGElMkJ2ZSUyQiUyNUM0JTI1QjAlMjVDMyUyNUE3ZWNlayUyQlNhbmF5aWklMkJEZXJuZWtsZXJpJTJCRmVkZXJhc3lvbnUlMjE1ZTAlMjEzbTIlMjExc3RyJTIxMnNrciUyMTR2MTUyMjk4MDc4NDMzNyUyMiUyMHdpZHRoJTNEJTIyNjAwJTIyJTIwaGVpZ2h0JTNEJTIyNDUwJTIyJTIwZnJhbWVib3JkZXIlM0QlMjIwJTIyJTIwc3R5bGUlM0QlMjJib3JkZXIlM0EwJTIyJTIwYWxsb3dmdWxsc2NyZWVuJTNFJTNDJTJGaWZyYW1lJTNF\"][\/vc_column][\/vc_row]<\/p>\n<\/div>","protected":false},"excerpt":{"rendered":"<p>[vc_row][vc_column width=&#8221;1\/2&#8243;][vc_column_text] Head Office of the Federation of Food &amp; Drink Industry Associations of Turkey &#x1f4de;\u00a0Tel : 0 216 651 86 81 &#8211;\u00a0Fax : 0 216 651 86 83 &#x1f3e2;\u00a0Altunizade Mah. K\u0131s\u0131kl\u0131 Cad.\u00a0Tekin Ak \u0130\u015f Merkezi No: 3 Kat: 2 Daire: 7 34662\u00a0Ba\u011flarba\u015f\u0131 \u2013 \u00dcsk\u00fcdar ISTANBUL &#x2709; E-mail: genelsekreterlik@tgdf.org.tr KEP Address: tgdf@hs01.kep.tr[\/vc_column_text][\/vc_column][vc_column width=&#8221;1\/2&#8243;][vc_gmaps link=&#8221;#E-8_JTNDaWZyYW1lJTIwc3JjJTNEJTIyaHR0cHMlM0ElMkYlMkZ3d3cuZ29vZ2xlLmNvbSUyRm1hcHMlMkZlbWJlZCUzRnBiJTNEJTIxMW0xOCUyMTFtMTIlMjExbTMlMjExZDMwMTAuMDYwODQ0MjUxNDcxNyUyMTJkMjkuMDM1NDgwMTE1NDE0NTQ3JTIxM2Q0MS4wMjM5MjQ3NzkyOTkxNiUyMTJtMyUyMTFmMCUyMTJmMCUyMTNmMCUyMTNtMiUyMTFpMTAyNCUyMTJpNzY4JTIxNGYxMy4xJTIxM20zJTIxMW0yJTIxMXMweDE0Y2FiN2ZiMmY0NTg4OGIlMjUzQTB4MWEyYmE3NDllMjg1NzAyYSUyMTJzVCUyNUMzJTI1QkNya2l5ZSUyQkclMjVDNCUyNUIxZGElMkJ2ZSUyQiUyNUM0JTI1QjAlMjVDMyUyNUE3ZWNlayUyQlNhbmF5aWklMkJEZXJuZWtsZXJpJTJCRmVkZXJhc3lvbnUlMjE1ZTAlMjEzbTIlMjExc3RyJTIxMnNrciUyMTR2MTUyMjk4MDc4NDMzNyUyMiUyMHdpZHRoJTNEJTIyNjAwJTIyJTIwaGVpZ2h0JTNEJTIyNDUwJTIyJTIwZnJhbWVib3JkZXIlM0QlMjIwJTIyJTIwc3R5bGUlM0QlMjJib3JkZXIlM0EwJTIyJTIwYWxsb3dmdWxsc2NyZWVuJTNFJTNDJTJGaWZyYW1lJTNF&#8221;][\/vc_column][\/vc_row]<\/p>\n","protected":false},"author":1436,"featured_media":0,"parent":0,"menu_order":0,"comment_status":"closed","ping_status":"closed","template":"","meta":{"footnotes":""},"class_list":["post-580","page","type-page","status-publish","hentry"],"_links":{"self":[{"href":"https:\/\/www.tgdf.org.tr\/en\/wp-json\/wp\/v2\/pages\/580","targetHints":{"allow":["GET"]}}],"collection":[{"href":"https:\/\/www.tgdf.org.tr\/en\/wp-json\/wp\/v2\/pages"}],"about":[{"href":"https:\/\/www.tgdf.org.tr\/en\/wp-json\/wp\/v2\/types\/page"}],"author":[{"embeddable":true,"href":"https:\/\/www.tgdf.org.tr\/en\/wp-json\/wp\/v2\/users\/1436"}],"replies":[{"embeddable":true,"href":"https:\/\/www.tgdf.org.tr\/en\/wp-json\/wp\/v2\/comments?post=580"}],"version-history":[{"count":0,"href":"https:\/\/www.tgdf.org.tr\/en\/wp-json\/wp\/v2\/pages\/580\/revisions"}],"wp:attachment":[{"href":"https:\/\/www.tgdf.org.tr\/en\/wp-json\/wp\/v2\/media?parent=580"}],"curies":[{"name":"wp","href":"https:\/\/api.w.org\/{rel}","templated":true}]}}