{"id":564,"date":"2016-06-23T12:08:00","date_gmt":"2016-06-23T12:08:00","guid":{"rendered":"https:\/\/www.tgdf.org.tr\/en\/yeni1\/?page_id=564"},"modified":"2022-02-14T16:43:04","modified_gmt":"2022-02-14T13:43:04","slug":"ticaret-ve-rekabet-komisyonu","status":"publish","type":"page","link":"https:\/\/www.tgdf.org.tr\/en\/komisyonlar\/ticaret-ve-rekabet-komisyonu\/","title":{"rendered":"Trade, Competition and Public Relations Commission"},"content":{"rendered":"<div class=\"wpb-content-wrapper\"><p>[vc_row][vc_column width=\"2\/3\"][vc_column_text]<\/p>\n<p class=\"p1\">Food and beverage industry is one of the largest sectors that make significant contributions to the Turkish economy in terms of turnover and employment. As independent of its size, the <span class=\"s1\">Federation of Food &amp; Drink Industry Associations of Turkey (<\/span>TGDF) operates within wide parameters in the fields of science, nutrition and health and environmental sustainability to provide an environment where all food and beverage companies can become more competitive. The duties assumed by the TGDF include monitoring and development of the problems encountered in agricultural markets, thus taking actions that will enhance business opportunities, improvement of the profitability and development of the Turkish Food and Beverage Industry within global economy and particularly supporting technology transfer and researches on new technologies for the SMEs and converting them into efforts that will increase competitive edge.<\/p>\n<p class=\"p1\">The areas of interest of TGDF include following up unfair business practices within food supply chain and conducting the necessary studies to resolve the issues. Also, it assists industrialists to enable wide access to high-quality raw materials at competitive prices and to give priority to the use of agricultural raw materials in foodstuffs.<\/p>\n<p style=\"text-align: justify;\">G\u0131da tedarik zincirindeki adil olmayan ticari uygulamalar\u0131 takip etmek, \u00e7\u00f6z\u00fcmleriyle ilgili \u00e7al\u0131\u015fmalar yapmak TGDF\u2019nin ilgilendi\u011fi konular aras\u0131ndad\u0131r. Ayr\u0131ca rekabet edebilir fiyatlarla y\u00fcksek kaliteli hammaddelere geni\u015f eri\u015fimi sa\u011flamak ve tar\u0131msal hammaddelerin g\u0131dalarda kullan\u0131m\u0131na \u00f6ncelik vermek i\u00e7in sanayicilere yard\u0131mc\u0131 olmaktad\u0131r.<\/p>\n<p>[\/vc_column_text][\/vc_column][vc_column width=\"1\/3\"][vc_column_text]<\/p>\n<p class=\"p1\" style=\"text-align: center;\"><strong>CHAIRMAN IN CHARGE<\/strong><\/p>\n<p style=\"text-align: center;\">NAC\u0130 KAPLAN<\/p>\n<p>[\/vc_column_text][vc_single_image image=\"7548\" img_size=\"full\" alignment=\"center\"][\/vc_column][\/vc_row]<\/p>\n<\/div>","protected":false},"excerpt":{"rendered":"<p>[vc_row][vc_column width=&#8221;2\/3&#8243;][vc_column_text] Food and beverage industry is one of the largest sectors that make significant contributions to the Turkish economy in terms of turnover and employment. As independent of its size, the Federation of Food &amp; Drink Industry Associations of Turkey (TGDF) operates within wide parameters in the fields of science, nutrition and health and [&hellip;]<\/p>\n","protected":false},"author":1436,"featured_media":0,"parent":520,"menu_order":0,"comment_status":"closed","ping_status":"closed","template":"","meta":{"footnotes":""},"class_list":["post-564","page","type-page","status-publish","hentry"],"_links":{"self":[{"href":"https:\/\/www.tgdf.org.tr\/en\/wp-json\/wp\/v2\/pages\/564","targetHints":{"allow":["GET"]}}],"collection":[{"href":"https:\/\/www.tgdf.org.tr\/en\/wp-json\/wp\/v2\/pages"}],"about":[{"href":"https:\/\/www.tgdf.org.tr\/en\/wp-json\/wp\/v2\/types\/page"}],"author":[{"embeddable":true,"href":"https:\/\/www.tgdf.org.tr\/en\/wp-json\/wp\/v2\/users\/1436"}],"replies":[{"embeddable":true,"href":"https:\/\/www.tgdf.org.tr\/en\/wp-json\/wp\/v2\/comments?post=564"}],"version-history":[{"count":0,"href":"https:\/\/www.tgdf.org.tr\/en\/wp-json\/wp\/v2\/pages\/564\/revisions"}],"up":[{"embeddable":true,"href":"https:\/\/www.tgdf.org.tr\/en\/wp-json\/wp\/v2\/pages\/520"}],"wp:attachment":[{"href":"https:\/\/www.tgdf.org.tr\/en\/wp-json\/wp\/v2\/media?parent=564"}],"curies":[{"name":"wp","href":"https:\/\/api.w.org\/{rel}","templated":true}]}}