{"id":4221,"date":"2016-12-12T07:04:50","date_gmt":"2016-12-12T07:04:50","guid":{"rendered":"https:\/\/www.tgdf.org.tr\/en\/?page_id=4221"},"modified":"2016-12-12T07:22:00","modified_gmt":"2016-12-12T07:22:00","slug":"bultenler","status":"publish","type":"page","link":"https:\/\/www.tgdf.org.tr\/en\/basin-odasi\/bultenler\/","title":{"rendered":"B\u00fcltenler"},"content":{"rendered":"\n\t<div class=\"row post-list full-width\"       >\n        \n        \n                    <article class=\"medium-12 large-12 columns\">\n\n                        <div id=\"post-7129\" class=\"post none border post-alternate-2 post-7129 type-post status-publish format-standard has-post-thumbnail hentry category-basin-bulteni tag-472 tag-covid19 tag-dis-ticaret tag-gida-ve-tarim-urunleri tag-ihracat tag-ithalat tag-tgdf\">\n\n                            <div class=\"entry-media\">\n\t\n\t<a href=\"https:\/\/www.tgdf.org.tr\/en\/temmuz-ayinda-tarim-ve-gida-ithalati-dustu\/\" class=\"image-post item-overlay \" >\n\t\t<img decoding=\"async\"  src=\"https:\/\/placehold.it\/105x80&#038;text=NO%20IMAGE\" alt=\"Temmuz ay\u0131nda tar\u0131m ve g\u0131da ithalat\u0131 d\u00fc\u015ft\u00fc!\" \/>\n\t<\/a>\n\n\t<\/div>\n\n<div class=\"entry-content\">\n\n\t<header class=\"entry-header\">\n\n\t\t<span class=\"cat-links\"><a href=\"https:\/\/www.tgdf.org.tr\/en\/category\/basin-bulteni\/\" rel=\"category tag\">Bas\u0131n B\u00fclteni<\/a><\/span>\n\n\t\t<h4 class=\"entry-title\"><a href=\"https:\/\/www.tgdf.org.tr\/en\/temmuz-ayinda-tarim-ve-gida-ithalati-dustu\/\">Temmuz ay\u0131nda tar\u0131m ve g\u0131da ithalat\u0131 d\u00fc\u015ft\u00fc!<\/a><\/h4>\n\n\t<\/header>\n\n\t<footer class=\"entry-footer\">\n\n\t\t<span class=\"posted-on\"><a href=\"https:\/\/www.tgdf.org.tr\/en\/2020\/09\/02\/\">02\/09\/2020<\/a><\/span>\n\n\t\t<span class=\"comments-link\"><a href=\"https:\/\/www.tgdf.org.tr\/en\/temmuz-ayinda-tarim-ve-gida-ithalati-dustu\/#comments\">0<\/a><\/span>\n\n\t<\/footer>\n\n<\/div>\n                        <\/div><!--\/ .post-extra-->\n\n                    <\/article>\n\n            \n                    <article class=\"medium-12 large-12 columns\">\n\n                        <div id=\"post-7104\" class=\"post none border post-alternate-2 post-7104 type-post status-publish format-standard has-post-thumbnail hentry category-basin-bulteni tag-472 tag-covid19 tag-dis-ticaret tag-gida-ve-tarim-urunleri tag-ihracat tag-ithalat tag-tgdf\">\n\n                            <div class=\"entry-media\">\n\t\n\t<a href=\"https:\/\/www.tgdf.org.tr\/en\/yilin-ilk-yarisinda-gida-ve-tarimda-10-milyar-dolarlik-ihracat\/\" class=\"image-post item-overlay \" >\n\t\t<img decoding=\"async\"  src=\"https:\/\/placehold.it\/105x80&#038;text=NO%20IMAGE\" alt=\"Y\u0131l\u0131n ilk yar\u0131s\u0131nda g\u0131da ve tar\u0131mda 10 milyar dolarl\u0131k ihracat!\" \/>\n\t<\/a>\n\n\t<\/div>\n\n<div class=\"entry-content\">\n\n\t<header class=\"entry-header\">\n\n\t\t<span class=\"cat-links\"><a href=\"https:\/\/www.tgdf.org.tr\/en\/category\/basin-bulteni\/\" rel=\"category tag\">Bas\u0131n B\u00fclteni<\/a><\/span>\n\n\t\t<h4 class=\"entry-title\"><a href=\"https:\/\/www.tgdf.org.tr\/en\/yilin-ilk-yarisinda-gida-ve-tarimda-10-milyar-dolarlik-ihracat\/\">Y\u0131l\u0131n ilk yar\u0131s\u0131nda g\u0131da ve tar\u0131mda 10 milyar dolarl\u0131k ihracat!<\/a><\/h4>\n\n\t<\/header>\n\n\t<footer class=\"entry-footer\">\n\n\t\t<span class=\"posted-on\"><a href=\"https:\/\/www.tgdf.org.tr\/en\/2020\/08\/06\/\">06\/08\/2020<\/a><\/span>\n\n\t\t<span class=\"comments-link\"><a href=\"https:\/\/www.tgdf.org.tr\/en\/yilin-ilk-yarisinda-gida-ve-tarimda-10-milyar-dolarlik-ihracat\/#comments\">0<\/a><\/span>\n\n\t<\/footer>\n\n<\/div>\n                        <\/div><!--\/ .post-extra-->\n\n                    <\/article>\n\n            \n                    <article class=\"medium-12 large-12 columns\">\n\n                        <div id=\"post-7069\" class=\"post none border post-alternate-2 post-7069 type-post status-publish format-standard has-post-thumbnail hentry category-basin-bulteni tag-472 tag-covid19 tag-dis-ticaret tag-gida-ve-tarim-urunleri tag-ihracat tag-ithalat tag-tgdf\">\n\n                            <div class=\"entry-media\">\n\t\n\t<a href=\"https:\/\/www.tgdf.org.tr\/en\/tgdf-arastirmasi-gida-ve-icecek-sektoru-icin-carpici-ongoruler\/\" class=\"image-post item-overlay \" >\n\t\t<img decoding=\"async\"  src=\"https:\/\/placehold.it\/105x80&#038;text=NO%20IMAGE\" alt=\"TGDF Ara\u015ft\u0131rmas\u0131: G\u0131da ve \u0130\u00e7ecek Sekt\u00f6r\u00fc i\u00e7in \u00e7arp\u0131c\u0131 \u00f6ng\u00f6r\u00fcler\" \/>\n\t<\/a>\n\n\t<\/div>\n\n<div class=\"entry-content\">\n\n\t<header class=\"entry-header\">\n\n\t\t<span class=\"cat-links\"><a href=\"https:\/\/www.tgdf.org.tr\/en\/category\/basin-bulteni\/\" rel=\"category tag\">Bas\u0131n B\u00fclteni<\/a><\/span>\n\n\t\t<h4 class=\"entry-title\"><a href=\"https:\/\/www.tgdf.org.tr\/en\/tgdf-arastirmasi-gida-ve-icecek-sektoru-icin-carpici-ongoruler\/\">TGDF Ara\u015ft\u0131rmas\u0131: G\u0131da ve \u0130\u00e7ecek Sekt\u00f6r\u00fc i\u00e7in \u00e7arp\u0131c\u0131 \u00f6ng\u00f6r\u00fcler<\/a><\/h4>\n\n\t<\/header>\n\n\t<footer class=\"entry-footer\">\n\n\t\t<span class=\"posted-on\"><a href=\"https:\/\/www.tgdf.org.tr\/en\/2020\/07\/06\/\">06\/07\/2020<\/a><\/span>\n\n\t\t<span class=\"comments-link\"><a href=\"https:\/\/www.tgdf.org.tr\/en\/tgdf-arastirmasi-gida-ve-icecek-sektoru-icin-carpici-ongoruler\/#comments\">0<\/a><\/span>\n\n\t<\/footer>\n\n<\/div>\n                        <\/div><!--\/ .post-extra-->\n\n                    <\/article>\n\n            \n                    <article class=\"medium-12 large-12 columns\">\n\n                        <div id=\"post-7063\" class=\"post none border post-alternate-2 post-7063 type-post status-publish format-standard has-post-thumbnail hentry category-basin-bulteni tag-472 tag-covid19 tag-dis-ticaret tag-gida-ve-tarim-urunleri tag-ihracat tag-ithalat tag-tgdf\">\n\n                            <div class=\"entry-media\">\n\t\n\t<a href=\"https:\/\/www.tgdf.org.tr\/en\/mayis-ayinda-gida-ve-tarim-urunleri-ihracati-geriledi\/\" class=\"image-post item-overlay \" >\n\t\t<img decoding=\"async\"  src=\"https:\/\/placehold.it\/105x80&#038;text=NO%20IMAGE\" alt=\"May\u0131s ay\u0131nda g\u0131da ve tar\u0131m \u00fcr\u00fcnleri ihracat\u0131 geriledi!\" \/>\n\t<\/a>\n\n\t<\/div>\n\n<div class=\"entry-content\">\n\n\t<header class=\"entry-header\">\n\n\t\t<span class=\"cat-links\"><a href=\"https:\/\/www.tgdf.org.tr\/en\/category\/basin-bulteni\/\" rel=\"category tag\">Bas\u0131n B\u00fclteni<\/a><\/span>\n\n\t\t<h4 class=\"entry-title\"><a href=\"https:\/\/www.tgdf.org.tr\/en\/mayis-ayinda-gida-ve-tarim-urunleri-ihracati-geriledi\/\">May\u0131s ay\u0131nda g\u0131da ve tar\u0131m \u00fcr\u00fcnleri ihracat\u0131 geriledi!<\/a><\/h4>\n\n\t<\/header>\n\n\t<footer class=\"entry-footer\">\n\n\t\t<span class=\"posted-on\"><a href=\"https:\/\/www.tgdf.org.tr\/en\/2020\/07\/05\/\">05\/07\/2020<\/a><\/span>\n\n\t\t<span class=\"comments-link\"><a href=\"https:\/\/www.tgdf.org.tr\/en\/mayis-ayinda-gida-ve-tarim-urunleri-ihracati-geriledi\/#comments\">0<\/a><\/span>\n\n\t<\/footer>\n\n<\/div>\n                        <\/div><!--\/ .post-extra-->\n\n                    <\/article>\n\n            \n                    <article class=\"medium-12 large-12 columns\">\n\n                        <div id=\"post-7059\" class=\"post none border post-alternate-2 post-7059 type-post status-publish format-standard has-post-thumbnail hentry category-basin-bulteni tag-brc tag-gida-muhendisligi tag-kalite-yonetimi tag-kok-neden-analizi tag-tgdf tag-tgdf-akademi\">\n\n                            <div class=\"entry-media\">\n\t\n\t<a href=\"https:\/\/www.tgdf.org.tr\/en\/tgdf-akademi-kalite-yoneticisi-yetistirme-programi-basliyor\/\" class=\"image-post item-overlay \" >\n\t\t<img decoding=\"async\"  src=\"https:\/\/placehold.it\/105x80&#038;text=NO%20IMAGE\" alt=\"TGDF Akademi Kalite Y\u00f6neticisi Yeti\u015ftirme Program\u0131 ba\u015fl\u0131yor\" \/>\n\t<\/a>\n\n\t<\/div>\n\n<div class=\"entry-content\">\n\n\t<header class=\"entry-header\">\n\n\t\t<span class=\"cat-links\"><a href=\"https:\/\/www.tgdf.org.tr\/en\/category\/basin-bulteni\/\" rel=\"category tag\">Bas\u0131n B\u00fclteni<\/a><\/span>\n\n\t\t<h4 class=\"entry-title\"><a href=\"https:\/\/www.tgdf.org.tr\/en\/tgdf-akademi-kalite-yoneticisi-yetistirme-programi-basliyor\/\">TGDF Akademi Kalite Y\u00f6neticisi Yeti\u015ftirme Program\u0131 ba\u015fl\u0131yor<\/a><\/h4>\n\n\t<\/header>\n\n\t<footer class=\"entry-footer\">\n\n\t\t<span class=\"posted-on\"><a href=\"https:\/\/www.tgdf.org.tr\/en\/2020\/07\/01\/\">01\/07\/2020<\/a><\/span>\n\n\t\t<span class=\"comments-link\"><a href=\"https:\/\/www.tgdf.org.tr\/en\/tgdf-akademi-kalite-yoneticisi-yetistirme-programi-basliyor\/#comments\">0<\/a><\/span>\n\n\t<\/footer>\n\n<\/div>\n                        <\/div><!--\/ .post-extra-->\n\n                    <\/article>\n\n                        \n\t<\/div><!--\/ .post-area-->\n\n\t\n","protected":false},"excerpt":{"rendered":"TGDF Akademi, bir dizi e\u011fitimin yer ald\u0131\u011f\u0131 Kalite Y\u00f6neticisi Yeti\u015ftirme Program\u0131\u2019n\u0131n ba\u015flayaca\u011f\u0131n\u0131 duyurdu. Program\u0131n e\u011fitmenli\u011fini, alanda deneyimli isimler olan Dr. Atila Tunaboylu ve Ok\u015fan Bitirmi\u015f Karde\u015f y\u00fcr\u00fctecek. Online d\u00fczenlenecek e\u011fitimlere kat\u0131lanlara sertifika verilecek. T\u00fcrkiye G\u0131da ve \u0130\u00e7ecek Sanayii Dernekleri Federasyonu\u2019nun hayata ge\u00e7irdi\u011fi TGDF Akademi, Kalite Y\u00f6neticisi Yeti\u015ftirme Program\u0131 ba\u015fl\u0131\u011f\u0131 alt\u0131nda kapsaml\u0131 bir dizi e\u011fitim d\u00fczenleyece\u011fini [...]","protected":false},"author":1436,"featured_media":0,"parent":1652,"menu_order":0,"comment_status":"closed","ping_status":"closed","template":"","meta":{"footnotes":""},"class_list":["post-4221","page","type-page","status-publish","hentry"],"_links":{"self":[{"href":"https:\/\/www.tgdf.org.tr\/en\/wp-json\/wp\/v2\/pages\/4221","targetHints":{"allow":["GET"]}}],"collection":[{"href":"https:\/\/www.tgdf.org.tr\/en\/wp-json\/wp\/v2\/pages"}],"about":[{"href":"https:\/\/www.tgdf.org.tr\/en\/wp-json\/wp\/v2\/types\/page"}],"author":[{"embeddable":true,"href":"https:\/\/www.tgdf.org.tr\/en\/wp-json\/wp\/v2\/users\/1436"}],"replies":[{"embeddable":true,"href":"https:\/\/www.tgdf.org.tr\/en\/wp-json\/wp\/v2\/comments?post=4221"}],"version-history":[{"count":0,"href":"https:\/\/www.tgdf.org.tr\/en\/wp-json\/wp\/v2\/pages\/4221\/revisions"}],"up":[{"embeddable":true,"href":"https:\/\/www.tgdf.org.tr\/en\/wp-json\/wp\/v2\/pages\/1652"}],"wp:attachment":[{"href":"https:\/\/www.tgdf.org.tr\/en\/wp-json\/wp\/v2\/media?parent=4221"}],"curies":[{"name":"wp","href":"https:\/\/api.w.org\/{rel}","templated":true}]}}