{"id":12140,"date":"2024-12-13T23:05:29","date_gmt":"2024-12-13T20:05:29","guid":{"rendered":"https:\/\/www.tgdf.org.tr\/en\/?page_id=12140"},"modified":"2024-12-13T23:05:29","modified_gmt":"2024-12-13T20:05:29","slug":"sirkeder","status":"publish","type":"page","link":"https:\/\/www.tgdf.org.tr\/en\/about-us\/member-associations\/sirkeder\/","title":{"rendered":"S\u0130RKEDER"},"content":{"rendered":"<div class=\"wpb-content-wrapper\"><p>[vc_row][vc_column width=\"1\/2\"][vc_text_separator title=\"S\u0130RKEDER - VINEGAR PRODUCERS ASSOCIATION\" title_align=\"separator_align_left\" color=\"black\" css=\"\"][\/vc_column][vc_column width=\"1\/2\"][vc_text_separator title=\"CONTACT INFORMATION\" title_align=\"separator_align_left\" color=\"black\" css=\"\"][\/vc_column][\/vc_row][vc_row][vc_column width=\"1\/2\"][\/vc_column][vc_column width=\"1\/2\"][vc_column_text css=\"\"]<\/p>\n<table style=\"width: 100%; height: 264px;\">\n<tbody>\n<tr style=\"height: 24px;\">\n<td style=\"height: 24px; width: 21.283784%;\"><strong>Chairman:<\/strong><\/td>\n<td style=\"width: 77.364865%; height: 24px;\"><strong>G\u00fcrhan G\u00fcven<\/strong><\/td>\n<\/tr>\n<tr style=\"height: 24px;\">\n<td style=\"height: 24px; width: 21.283784%;\"><b>Phone:<\/b><\/td>\n<td style=\"width: 77.364865%; height: 24px;\"><\/td>\n<\/tr>\n<tr style=\"height: 24px;\">\n<td style=\"height: 24px; width: 21.283784%;\"><b>E-mail:<\/b><\/td>\n<td style=\"width: 77.364865%;\">info@sirkeder.org.tr<\/td>\n<\/tr>\n<tr style=\"height: 24px;\">\n<td style=\"height: 24px; width: 21.283784%;\"><b>Address:<\/b><\/td>\n<td style=\"width: 77.364865%; height: 24px;\">Sekiz Eyl\u00fcl Mah. 89.sokak. No:7 \u0130\u00e7 Kap\u0131: 19 Kemalpa\u015fa\/\u0130zmir<\/td>\n<\/tr>\n<tr style=\"height: 48px;\">\n<td style=\"height: 48px; width: 21.283784%;\"><b>Secretary General:<\/b><\/td>\n<td style=\"width: 77.364865%;\"><strong>P\u00fcrnur \u00dcner \u00d6bek<\/strong><\/td>\n<\/tr>\n<tr style=\"height: 24px;\">\n<td style=\"height: 24px; width: 21.283784%;\"><b>Phone:<\/b><\/td>\n<td style=\"width: 77.364865%; height: 24px;\"><\/td>\n<\/tr>\n<tr style=\"height: 24px;\">\n<td style=\"height: 24px; width: 21.283784%;\"><b>E-mail:<\/b><\/td>\n<td style=\"width: 77.364865%; height: 24px;\"><\/td>\n<\/tr>\n<tr style=\"height: 48px;\">\n<td style=\"height: 48px; width: 21.283784%;\"><b>Address:<\/b><\/td>\n<td style=\"width: 77.364865%;\">Mithat Pa\u015fa Mah. Bartu Sok. Kemer Koru Sitesi A-60 Ey\u00fcpsultan\/\u0130stanbul<\/td>\n<\/tr>\n<tr style=\"height: 24px;\">\n<td style=\"height: 24px; width: 21.283784%;\"><b>Web Address:<\/b><\/td>\n<td style=\"height: 24px; width: 77.364865%;\"><\/td>\n<\/tr>\n<\/tbody>\n<\/table>\n<p>[\/vc_column_text][\/vc_column][\/vc_row]<\/p>\n<\/div>","protected":false},"excerpt":{"rendered":"<p>[vc_row][vc_column width=&#8221;1\/2&#8243;][vc_text_separator title=&#8221;S\u0130RKEDER &#8211; VINEGAR PRODUCERS ASSOCIATION&#8221; title_align=&#8221;separator_align_left&#8221; color=&#8221;black&#8221; css=&#8221;&#8221;][\/vc_column][vc_column width=&#8221;1\/2&#8243;][vc_text_separator title=&#8221;CONTACT INFORMATION&#8221; title_align=&#8221;separator_align_left&#8221; color=&#8221;black&#8221; css=&#8221;&#8221;][\/vc_column][\/vc_row][vc_row][vc_column width=&#8221;1\/2&#8243;][\/vc_column][vc_column width=&#8221;1\/2&#8243;][vc_column_text css=&#8221;&#8221;] Chairman: G\u00fcrhan G\u00fcven Phone: E-mail: info@sirkeder.org.tr Address: Sekiz Eyl\u00fcl Mah. 89.sokak. No:7 \u0130\u00e7 Kap\u0131: 19 Kemalpa\u015fa\/\u0130zmir Secretary General: P\u00fcrnur \u00dcner \u00d6bek Phone: E-mail: Address: Mithat Pa\u015fa Mah. Bartu Sok. Kemer Koru Sitesi A-60 Ey\u00fcpsultan\/\u0130stanbul Web Address: [&hellip;]<\/p>\n","protected":false},"author":1440,"featured_media":0,"parent":538,"menu_order":0,"comment_status":"closed","ping_status":"closed","template":"","meta":{"footnotes":""},"class_list":["post-12140","page","type-page","status-publish","hentry"],"_links":{"self":[{"href":"https:\/\/www.tgdf.org.tr\/en\/wp-json\/wp\/v2\/pages\/12140","targetHints":{"allow":["GET"]}}],"collection":[{"href":"https:\/\/www.tgdf.org.tr\/en\/wp-json\/wp\/v2\/pages"}],"about":[{"href":"https:\/\/www.tgdf.org.tr\/en\/wp-json\/wp\/v2\/types\/page"}],"author":[{"embeddable":true,"href":"https:\/\/www.tgdf.org.tr\/en\/wp-json\/wp\/v2\/users\/1440"}],"replies":[{"embeddable":true,"href":"https:\/\/www.tgdf.org.tr\/en\/wp-json\/wp\/v2\/comments?post=12140"}],"version-history":[{"count":1,"href":"https:\/\/www.tgdf.org.tr\/en\/wp-json\/wp\/v2\/pages\/12140\/revisions"}],"predecessor-version":[{"id":12141,"href":"https:\/\/www.tgdf.org.tr\/en\/wp-json\/wp\/v2\/pages\/12140\/revisions\/12141"}],"up":[{"embeddable":true,"href":"https:\/\/www.tgdf.org.tr\/en\/wp-json\/wp\/v2\/pages\/538"}],"wp:attachment":[{"href":"https:\/\/www.tgdf.org.tr\/en\/wp-json\/wp\/v2\/media?parent=12140"}],"curies":[{"name":"wp","href":"https:\/\/api.w.org\/{rel}","templated":true}]}}