{"id":12121,"date":"2024-12-13T22:51:56","date_gmt":"2024-12-13T19:51:56","guid":{"rendered":"https:\/\/www.tgdf.org.tr\/en\/?page_id=12121"},"modified":"2024-12-13T22:51:56","modified_gmt":"2024-12-13T19:51:56","slug":"gisder","status":"publish","type":"page","link":"https:\/\/www.tgdf.org.tr\/en\/about-us\/member-associations\/gisder\/","title":{"rendered":"G\u0130SDER"},"content":{"rendered":"<div class=\"wpb-content-wrapper\"><p>[vc_row][vc_column width=\"1\/2\"][vc_text_separator title=\"G\u0130SDER \u2013 TRADITIONAL ALCOHOLIC BEVERAGE PRODUCERS ASSOCIATION\" title_align=\"separator_align_left\" color=\"black\" css=\"\"][\/vc_column][vc_column width=\"1\/2\"][vc_text_separator title=\"CONTACT INFORMATION\" title_align=\"separator_align_left\" color=\"black\" css=\"\"][\/vc_column][\/vc_row][vc_row][vc_column width=\"1\/2\"][\/vc_column][vc_column width=\"1\/2\"][vc_column_text css=\"\"]<\/p>\n<table style=\"width: 100%; height: 264px;\">\n<tbody>\n<tr style=\"height: 24px;\">\n<td style=\"height: 24px; width: 21.283784%;\"><strong>Chairman:<\/strong><\/td>\n<td style=\"width: 77.364865%;\"><b>Egemen Demirta\u015f<\/b><\/td>\n<\/tr>\n<tr style=\"height: 24px;\">\n<td style=\"height: 24px; width: 21.283784%;\"><b>Phone:<\/b><\/td>\n<td style=\"width: 77.364865%; height: 24px;\"><\/td>\n<\/tr>\n<tr style=\"height: 24px;\">\n<td style=\"height: 24px; width: 21.283784%;\"><b>E-mail:<\/b><\/td>\n<td style=\"width: 77.364865%; height: 24px;\"><\/td>\n<\/tr>\n<tr style=\"height: 24px;\">\n<td style=\"height: 24px; width: 21.283784%;\"><b>Address:<\/b><\/td>\n<td style=\"width: 77.364865%;\">\u0130TOB Organize Sanayi B\u00f6lgesi Tekeli\u00a0Menderes \/\u0130ZM\u0130R<\/td>\n<\/tr>\n<tr style=\"height: 48px;\">\n<td style=\"height: 48px; width: 21.283784%;\"><b>Secretary General:<\/b><\/td>\n<td style=\"height: 48px; width: 77.364865%;\"><b>T\u00fclay Aktan<\/b><\/td>\n<\/tr>\n<tr style=\"height: 24px;\">\n<td style=\"height: 24px; width: 21.283784%;\"><b>Phone:<\/b><\/td>\n<td style=\"width: 77.364865%; height: 24px;\">0232 799 00 20\u00a0Fax: 0232\u00a0799 00 30<\/td>\n<\/tr>\n<tr style=\"height: 24px;\">\n<td style=\"height: 24px; width: 21.283784%;\"><b>E-mail:<\/b><\/td>\n<td style=\"width: 77.364865%; height: 24px;\"><\/td>\n<\/tr>\n<tr style=\"height: 48px;\">\n<td style=\"height: 48px; width: 21.283784%;\"><b>Address:<\/b><\/td>\n<td style=\"width: 77.364865%; height: 48px;\">\u0130TOB Organize Sanayi B\u00f6lgesi Tekeli\u00a0Menderes \/\u0130ZM\u0130R<\/td>\n<\/tr>\n<tr style=\"height: 24px;\">\n<td style=\"height: 24px; width: 21.283784%;\"><b>Web Address:<\/b><\/td>\n<td style=\"height: 24px; width: 77.364865%;\"><a href=\"http:\/\/www.gis-der.org\">http:\/\/www.gis-der.org<\/a><\/td>\n<\/tr>\n<\/tbody>\n<\/table>\n<p>[\/vc_column_text][\/vc_column][\/vc_row]<\/p>\n<\/div>","protected":false},"excerpt":{"rendered":"<p>[vc_row][vc_column width=&#8221;1\/2&#8243;][vc_text_separator title=&#8221;G\u0130SDER \u2013 TRADITIONAL ALCOHOLIC BEVERAGE PRODUCERS ASSOCIATION&#8221; title_align=&#8221;separator_align_left&#8221; color=&#8221;black&#8221; css=&#8221;&#8221;][\/vc_column][vc_column width=&#8221;1\/2&#8243;][vc_text_separator title=&#8221;CONTACT INFORMATION&#8221; title_align=&#8221;separator_align_left&#8221; color=&#8221;black&#8221; css=&#8221;&#8221;][\/vc_column][\/vc_row][vc_row][vc_column width=&#8221;1\/2&#8243;][\/vc_column][vc_column width=&#8221;1\/2&#8243;][vc_column_text css=&#8221;&#8221;] Chairman: Egemen Demirta\u015f Phone: E-mail: Address: \u0130TOB Organize Sanayi B\u00f6lgesi Tekeli\u00a0Menderes \/\u0130ZM\u0130R Secretary General: T\u00fclay Aktan Phone: 0232 799 00 20\u00a0Fax: 0232\u00a0799 00 30 E-mail: Address: \u0130TOB Organize Sanayi B\u00f6lgesi Tekeli\u00a0Menderes \/\u0130ZM\u0130R Web Address: [&hellip;]<\/p>\n","protected":false},"author":1440,"featured_media":0,"parent":538,"menu_order":0,"comment_status":"closed","ping_status":"closed","template":"","meta":{"footnotes":""},"class_list":["post-12121","page","type-page","status-publish","hentry"],"_links":{"self":[{"href":"https:\/\/www.tgdf.org.tr\/en\/wp-json\/wp\/v2\/pages\/12121","targetHints":{"allow":["GET"]}}],"collection":[{"href":"https:\/\/www.tgdf.org.tr\/en\/wp-json\/wp\/v2\/pages"}],"about":[{"href":"https:\/\/www.tgdf.org.tr\/en\/wp-json\/wp\/v2\/types\/page"}],"author":[{"embeddable":true,"href":"https:\/\/www.tgdf.org.tr\/en\/wp-json\/wp\/v2\/users\/1440"}],"replies":[{"embeddable":true,"href":"https:\/\/www.tgdf.org.tr\/en\/wp-json\/wp\/v2\/comments?post=12121"}],"version-history":[{"count":1,"href":"https:\/\/www.tgdf.org.tr\/en\/wp-json\/wp\/v2\/pages\/12121\/revisions"}],"predecessor-version":[{"id":12122,"href":"https:\/\/www.tgdf.org.tr\/en\/wp-json\/wp\/v2\/pages\/12121\/revisions\/12122"}],"up":[{"embeddable":true,"href":"https:\/\/www.tgdf.org.tr\/en\/wp-json\/wp\/v2\/pages\/538"}],"wp:attachment":[{"href":"https:\/\/www.tgdf.org.tr\/en\/wp-json\/wp\/v2\/media?parent=12121"}],"curies":[{"name":"wp","href":"https:\/\/api.w.org\/{rel}","templated":true}]}}