{"id":12114,"date":"2024-12-13T22:43:33","date_gmt":"2024-12-13T19:43:33","guid":{"rendered":"https:\/\/www.tgdf.org.tr\/en\/?page_id=12114"},"modified":"2024-12-13T22:44:51","modified_gmt":"2024-12-13T19:44:51","slug":"suther","status":"publish","type":"page","link":"https:\/\/www.tgdf.org.tr\/en\/about-us\/member-associations\/suther\/","title":{"rendered":"SUTHER"},"content":{"rendered":"<div class=\"wpb-content-wrapper\"><p>[vc_row][vc_column width=\"1\/2\"][vc_text_separator title=\"SUTHER \u2013 SESAME, HALVA AND JAM MANUFACTURERS ASSOCIATION\" title_align=\"separator_align_left\" color=\"black\" css=\"\"][\/vc_column][vc_column width=\"1\/2\"][vc_text_separator title=\"CONTACT INFORMATION\" title_align=\"separator_align_left\" color=\"black\" css=\"\"][\/vc_column][\/vc_row][vc_row][vc_column width=\"1\/2\"][\/vc_column][vc_column width=\"1\/2\"][vc_column_text css=\"\"]<\/p>\n<table style=\"width: 100%; height: 264px;\">\n<tbody>\n<tr style=\"height: 24px;\">\n<td style=\"height: 24px; width: 21.283784%;\"><strong>Chairman:<\/strong><\/td>\n<td style=\"width: 77.364865%; height: 24px;\"><b>Necati G\u00f6ksu<\/b><\/td>\n<\/tr>\n<tr style=\"height: 24px;\">\n<td style=\"height: 24px; width: 21.283784%;\"><b>Phone:<\/b><\/td>\n<td style=\"width: 77.364865%; height: 24px;\">0212 771 19 20<\/td>\n<\/tr>\n<tr style=\"height: 24px;\">\n<td style=\"height: 24px; width: 21.283784%;\"><b>E-mail:<\/b><\/td>\n<td style=\"width: 77.364865%; height: 24px;\"><\/td>\n<\/tr>\n<tr style=\"height: 24px;\">\n<td style=\"height: 24px; width: 21.283784%;\"><b>Address:<\/b><\/td>\n<td style=\"width: 77.364865%; height: 24px;\">Had\u0131mk\u00f6y Mahallesi, \u00dcrg\u00fcpl\u00fc Cad. No:44, 34555 Arnavutk\u00f6y\/\u0130stanbul<\/td>\n<\/tr>\n<tr style=\"height: 48px;\">\n<td style=\"height: 48px; width: 21.283784%;\"><b>Secretary General:<\/b><\/td>\n<td style=\"height: 48px; width: 77.364865%;\"><\/td>\n<\/tr>\n<tr style=\"height: 24px;\">\n<td style=\"height: 24px; width: 21.283784%;\"><b>Phone:<\/b><\/td>\n<td style=\"width: 77.364865%; height: 24px;\">0212 771 19 20<\/td>\n<\/tr>\n<tr style=\"height: 24px;\">\n<td style=\"height: 24px; width: 21.283784%;\"><b>E-mail:<\/b><\/td>\n<td style=\"width: 77.364865%; height: 24px;\"><\/td>\n<\/tr>\n<tr style=\"height: 48px;\">\n<td style=\"height: 48px; width: 21.283784%;\"><b>Address:<\/b><\/td>\n<td style=\"height: 48px; width: 77.364865%;\">Had\u0131mk\u00f6y Mahallesi, \u00dcrg\u00fcpl\u00fc Cad. No:44, 34555 Arnavutk\u00f6y\/\u0130stanbul<\/td>\n<\/tr>\n<tr style=\"height: 24px;\">\n<td style=\"height: 24px; width: 21.283784%;\"><b>Web Address:<\/b><\/td>\n<td style=\"height: 24px; width: 77.364865%;\"><\/td>\n<\/tr>\n<\/tbody>\n<\/table>\n<p>[\/vc_column_text][\/vc_column][\/vc_row]<\/p>\n<\/div>","protected":false},"excerpt":{"rendered":"<p>[vc_row][vc_column width=&#8221;1\/2&#8243;][vc_text_separator title=&#8221;SUTHER \u2013 SESAME, HALVA AND JAM MANUFACTURERS ASSOCIATION&#8221; title_align=&#8221;separator_align_left&#8221; color=&#8221;black&#8221; css=&#8221;&#8221;][\/vc_column][vc_column width=&#8221;1\/2&#8243;][vc_text_separator title=&#8221;CONTACT INFORMATION&#8221; title_align=&#8221;separator_align_left&#8221; color=&#8221;black&#8221; css=&#8221;&#8221;][\/vc_column][\/vc_row][vc_row][vc_column width=&#8221;1\/2&#8243;][\/vc_column][vc_column width=&#8221;1\/2&#8243;][vc_column_text css=&#8221;&#8221;] Chairman: Necati G\u00f6ksu Phone: 0212 771 19 20 E-mail: Address: Had\u0131mk\u00f6y Mahallesi, \u00dcrg\u00fcpl\u00fc Cad. No:44, 34555 Arnavutk\u00f6y\/\u0130stanbul Secretary General: Phone: 0212 771 19 20 E-mail: Address: Had\u0131mk\u00f6y Mahallesi, \u00dcrg\u00fcpl\u00fc Cad. No:44, 34555 Arnavutk\u00f6y\/\u0130stanbul [&hellip;]<\/p>\n","protected":false},"author":1440,"featured_media":0,"parent":538,"menu_order":0,"comment_status":"closed","ping_status":"closed","template":"","meta":{"footnotes":""},"class_list":["post-12114","page","type-page","status-publish","hentry"],"_links":{"self":[{"href":"https:\/\/www.tgdf.org.tr\/en\/wp-json\/wp\/v2\/pages\/12114","targetHints":{"allow":["GET"]}}],"collection":[{"href":"https:\/\/www.tgdf.org.tr\/en\/wp-json\/wp\/v2\/pages"}],"about":[{"href":"https:\/\/www.tgdf.org.tr\/en\/wp-json\/wp\/v2\/types\/page"}],"author":[{"embeddable":true,"href":"https:\/\/www.tgdf.org.tr\/en\/wp-json\/wp\/v2\/users\/1440"}],"replies":[{"embeddable":true,"href":"https:\/\/www.tgdf.org.tr\/en\/wp-json\/wp\/v2\/comments?post=12114"}],"version-history":[{"count":2,"href":"https:\/\/www.tgdf.org.tr\/en\/wp-json\/wp\/v2\/pages\/12114\/revisions"}],"predecessor-version":[{"id":12118,"href":"https:\/\/www.tgdf.org.tr\/en\/wp-json\/wp\/v2\/pages\/12114\/revisions\/12118"}],"up":[{"embeddable":true,"href":"https:\/\/www.tgdf.org.tr\/en\/wp-json\/wp\/v2\/pages\/538"}],"wp:attachment":[{"href":"https:\/\/www.tgdf.org.tr\/en\/wp-json\/wp\/v2\/media?parent=12114"}],"curies":[{"name":"wp","href":"https:\/\/api.w.org\/{rel}","templated":true}]}}