{"id":12098,"date":"2024-12-13T22:30:07","date_gmt":"2024-12-13T19:30:07","guid":{"rendered":"https:\/\/www.tgdf.org.tr\/en\/?page_id=12098"},"modified":"2024-12-13T23:10:14","modified_gmt":"2024-12-13T20:10:14","slug":"tugider","status":"publish","type":"page","link":"https:\/\/www.tgdf.org.tr\/en\/about-us\/member-associations\/tugider\/","title":{"rendered":"T\u00dcG\u0130DER"},"content":{"rendered":"<div class=\"wpb-content-wrapper\"><p>[vc_row][vc_column width=\"1\/2\"][vc_text_separator title=\"T\u00dcG\u0130DER \u2013 ALL FOOD FOREIGN TRADE ASSOCIATION\" title_align=\"separator_align_left\" color=\"black\" css=\"\"][\/vc_column][vc_column width=\"1\/2\"][vc_text_separator title=\"CONTACT INFORMATION\" title_align=\"separator_align_left\" color=\"black\" css=\"\"][\/vc_column][\/vc_row][vc_row][vc_column width=\"1\/2\"][\/vc_column][vc_column width=\"1\/2\"][vc_column_text css=\"\"]<\/p>\n<table style=\"width: 100%; height: 264px;\">\n<tbody>\n<tr style=\"height: 24px;\">\n<td style=\"height: 24px; width: 21.283784%;\"><strong>Chairman:\u00a0<\/strong><\/td>\n<td style=\"height: 24px; width: 77.364865%;\"><b>Mustafa Manav<\/b><\/td>\n<\/tr>\n<tr style=\"height: 24px;\">\n<td style=\"height: 24px; width: 21.283784%;\"><b>Phone:<\/b><\/td>\n<td style=\"width: 77.364865%; height: 24px;\">0 216 478 32 45 <strong>Fax:<\/strong> 0216 478 32 48<\/td>\n<\/tr>\n<tr style=\"height: 24px;\">\n<td style=\"height: 24px; width: 21.283784%;\"><b>E-mail:<\/b><\/td>\n<td style=\"width: 77.364865%; height: 24px;\"><\/td>\n<\/tr>\n<tr style=\"height: 24px;\">\n<td style=\"height: 24px; width: 21.283784%;\"><b>Address:<\/b><\/td>\n<td style=\"width: 77.364865%; height: 24px;\">Sahray\u0131cedid Mah. Atat\u00fcrk caddesi Sarayk\u00f6y Apt NO : 28 Daire : 1 Kad\u0131k\u00f6y \u0130stanbul<\/td>\n<\/tr>\n<tr style=\"height: 48px;\">\n<td style=\"height: 48px; width: 21.283784%;\"><b>Secretary General:<\/b><\/td>\n<td style=\"height: 48px; width: 77.364865%;\"><strong>Emel Molla<\/strong><\/td>\n<\/tr>\n<tr style=\"height: 24px;\">\n<td style=\"height: 24px; width: 21.283784%;\"><b>Phone:<\/b><\/td>\n<td style=\"width: 77.364865%; height: 24px;\">0212 347\u00a025 60 -\u00a0<strong>Fax:<\/strong> 0212 347 25 70<\/td>\n<\/tr>\n<tr style=\"height: 24px;\">\n<td style=\"height: 24px; width: 21.283784%;\"><b>E-mail:<\/b><\/td>\n<td style=\"width: 77.364865%; height: 24px;\"><\/td>\n<\/tr>\n<tr style=\"height: 48px;\">\n<td style=\"height: 48px; width: 21.283784%;\"><b>Address:<\/b><\/td>\n<td style=\"height: 48px; width: 77.364865%;\">B\u00fcy\u00fckdere Cad. Somer Apt. No:64 Kat:5 D:13 Mecidiyek\u00f6y \/\u0130STANBUL<\/td>\n<\/tr>\n<tr style=\"height: 24px;\">\n<td style=\"height: 24px; width: 21.283784%;\"><b>Web Address:<\/b><\/td>\n<td style=\"height: 24px; width: 77.364865%;\"><a href=\"http:\/\/www.tugider.org.tr\">http:\/\/www.tugider.org.tr<\/a><\/td>\n<\/tr>\n<\/tbody>\n<\/table>\n<p>[\/vc_column_text][\/vc_column][\/vc_row]<\/p>\n<\/div>","protected":false},"excerpt":{"rendered":"<p>[vc_row][vc_column width=&#8221;1\/2&#8243;][vc_text_separator title=&#8221;T\u00dcG\u0130DER \u2013 ALL FOOD FOREIGN TRADE ASSOCIATION&#8221; title_align=&#8221;separator_align_left&#8221; color=&#8221;black&#8221; css=&#8221;&#8221;][\/vc_column][vc_column width=&#8221;1\/2&#8243;][vc_text_separator title=&#8221;CONTACT INFORMATION&#8221; title_align=&#8221;separator_align_left&#8221; color=&#8221;black&#8221; css=&#8221;&#8221;][\/vc_column][\/vc_row][vc_row][vc_column width=&#8221;1\/2&#8243;][\/vc_column][vc_column width=&#8221;1\/2&#8243;][vc_column_text css=&#8221;&#8221;] Chairman:\u00a0 Mustafa Manav Phone: 0 216 478 32 45 Fax: 0216 478 32 48 E-mail: Address: Sahray\u0131cedid Mah. Atat\u00fcrk caddesi Sarayk\u00f6y Apt NO : 28 Daire : 1 Kad\u0131k\u00f6y \u0130stanbul Secretary General: Emel Molla [&hellip;]<\/p>\n","protected":false},"author":1440,"featured_media":0,"parent":538,"menu_order":0,"comment_status":"closed","ping_status":"closed","template":"","meta":{"footnotes":""},"class_list":["post-12098","page","type-page","status-publish","hentry"],"_links":{"self":[{"href":"https:\/\/www.tgdf.org.tr\/en\/wp-json\/wp\/v2\/pages\/12098","targetHints":{"allow":["GET"]}}],"collection":[{"href":"https:\/\/www.tgdf.org.tr\/en\/wp-json\/wp\/v2\/pages"}],"about":[{"href":"https:\/\/www.tgdf.org.tr\/en\/wp-json\/wp\/v2\/types\/page"}],"author":[{"embeddable":true,"href":"https:\/\/www.tgdf.org.tr\/en\/wp-json\/wp\/v2\/users\/1440"}],"replies":[{"embeddable":true,"href":"https:\/\/www.tgdf.org.tr\/en\/wp-json\/wp\/v2\/comments?post=12098"}],"version-history":[{"count":4,"href":"https:\/\/www.tgdf.org.tr\/en\/wp-json\/wp\/v2\/pages\/12098\/revisions"}],"predecessor-version":[{"id":12144,"href":"https:\/\/www.tgdf.org.tr\/en\/wp-json\/wp\/v2\/pages\/12098\/revisions\/12144"}],"up":[{"embeddable":true,"href":"https:\/\/www.tgdf.org.tr\/en\/wp-json\/wp\/v2\/pages\/538"}],"wp:attachment":[{"href":"https:\/\/www.tgdf.org.tr\/en\/wp-json\/wp\/v2\/media?parent=12098"}],"curies":[{"name":"wp","href":"https:\/\/api.w.org\/{rel}","templated":true}]}}