{"id":12088,"date":"2024-12-13T22:18:27","date_gmt":"2024-12-13T19:18:27","guid":{"rendered":"https:\/\/www.tgdf.org.tr\/en\/?page_id=12088"},"modified":"2024-12-13T22:23:42","modified_gmt":"2024-12-13T19:23:42","slug":"etuder","status":"publish","type":"page","link":"https:\/\/www.tgdf.org.tr\/en\/about-us\/member-associations\/etuder\/","title":{"rendered":"ET\u00dcDER"},"content":{"rendered":"<div class=\"wpb-content-wrapper\"><p>[vc_row][vc_column width=\"1\/2\"][vc_text_separator title=\"ET\u00dcDER \u2013 OUT-OF-HOME CONSUMPTION SUPPLIERS ASSOCIATION\" title_align=\"separator_align_left\" color=\"black\" css=\"\"][\/vc_column][vc_column width=\"1\/2\"][vc_text_separator title=\"CONTACT INFORMATION\" title_align=\"separator_align_left\" color=\"black\" css=\"\"][\/vc_column][\/vc_row][vc_row][vc_column width=\"1\/2\"][\/vc_column][vc_column width=\"1\/2\"][vc_column_text css=\"\"]<\/p>\n<table style=\"width: 100%; height: 264px;\">\n<tbody>\n<tr style=\"height: 24px;\">\n<td style=\"height: 24px; width: 21.283784%;\"><strong>Chairman:<\/strong><\/td>\n<td style=\"height: 24px; width: 77.364865%;\"><strong>Melih \u015eahin\u00f6z<\/strong><\/td>\n<\/tr>\n<tr style=\"height: 24px;\">\n<td style=\"height: 24px; width: 21.283784%;\"><b>Phone:<\/b><\/td>\n<td style=\"width: 77.364865%; height: 24px;\">0216 456 96 90<\/td>\n<\/tr>\n<tr style=\"height: 24px;\">\n<td style=\"height: 24px; width: 21.283784%;\"><b>E-mail:<\/b><\/td>\n<td style=\"width: 77.364865%; height: 24px;\">info@etuder.org.tr<\/td>\n<\/tr>\n<tr style=\"height: 24px;\">\n<td style=\"height: 24px; width: 21.283784%;\"><b>Address:<\/b><\/td>\n<td style=\"height: 24px; width: 77.364865%;\">Atat\u00fcrk Mah. Girne Cad. Tercan \u0130\u015f Merkezi<br \/>\nNo:29 Kat:1 Ata\u015fehir \/ \u0130stanbul<\/td>\n<\/tr>\n<tr style=\"height: 48px;\">\n<td style=\"height: 48px; width: 21.283784%;\"><b>Secretary General:<\/b><\/td>\n<td style=\"height: 48px; width: 77.364865%;\"><strong>Ayd\u0131n Bagater<\/strong><\/td>\n<\/tr>\n<tr style=\"height: 24px;\">\n<td style=\"height: 24px; width: 21.283784%;\"><b>Phone:<\/b><\/td>\n<td style=\"width: 77.364865%; height: 24px;\">0216 456 96 90<\/td>\n<\/tr>\n<tr style=\"height: 24px;\">\n<td style=\"height: 24px; width: 21.283784%;\"><b>E-mail:<\/b><\/td>\n<td style=\"width: 77.364865%; height: 24px;\">info@etuder.org.tr<\/td>\n<\/tr>\n<tr style=\"height: 48px;\">\n<td style=\"height: 48px; width: 21.283784%;\"><b>Address:<\/b><\/td>\n<td style=\"height: 48px; width: 77.364865%;\">Atat\u00fcrk Mah. Girne Cad. Tercan \u0130\u015f Merkezi<br \/>\nNo:29 Kat:1 Ata\u015fehir \/ \u0130stanbul<\/td>\n<\/tr>\n<tr style=\"height: 24px;\">\n<td style=\"height: 24px; width: 21.283784%;\"><b>Web Address:<\/b><\/td>\n<td style=\"height: 24px; width: 77.364865%;\"><a href=\"http:\/\/www.etuder.org.tr\">http:\/\/www.etuder.org.tr<\/a><\/td>\n<\/tr>\n<\/tbody>\n<\/table>\n<p>[\/vc_column_text][\/vc_column][\/vc_row]<\/p>\n<\/div>","protected":false},"excerpt":{"rendered":"<p>[vc_row][vc_column width=&#8221;1\/2&#8243;][vc_text_separator title=&#8221;ET\u00dcDER \u2013 OUT-OF-HOME CONSUMPTION SUPPLIERS ASSOCIATION&#8221; title_align=&#8221;separator_align_left&#8221; color=&#8221;black&#8221; css=&#8221;&#8221;][\/vc_column][vc_column width=&#8221;1\/2&#8243;][vc_text_separator title=&#8221;CONTACT INFORMATION&#8221; title_align=&#8221;separator_align_left&#8221; color=&#8221;black&#8221; css=&#8221;&#8221;][\/vc_column][\/vc_row][vc_row][vc_column width=&#8221;1\/2&#8243;][\/vc_column][vc_column width=&#8221;1\/2&#8243;][vc_column_text css=&#8221;&#8221;] Chairman: Melih \u015eahin\u00f6z Phone: 0216 456 96 90 E-mail: info@etuder.org.tr Address: Atat\u00fcrk Mah. Girne Cad. Tercan \u0130\u015f Merkezi No:29 Kat:1 Ata\u015fehir \/ \u0130stanbul Secretary General: Ayd\u0131n Bagater Phone: 0216 456 96 90 E-mail: info@etuder.org.tr Address: [&hellip;]<\/p>\n","protected":false},"author":1440,"featured_media":0,"parent":538,"menu_order":0,"comment_status":"closed","ping_status":"closed","template":"","meta":{"footnotes":""},"class_list":["post-12088","page","type-page","status-publish","hentry"],"_links":{"self":[{"href":"https:\/\/www.tgdf.org.tr\/en\/wp-json\/wp\/v2\/pages\/12088","targetHints":{"allow":["GET"]}}],"collection":[{"href":"https:\/\/www.tgdf.org.tr\/en\/wp-json\/wp\/v2\/pages"}],"about":[{"href":"https:\/\/www.tgdf.org.tr\/en\/wp-json\/wp\/v2\/types\/page"}],"author":[{"embeddable":true,"href":"https:\/\/www.tgdf.org.tr\/en\/wp-json\/wp\/v2\/users\/1440"}],"replies":[{"embeddable":true,"href":"https:\/\/www.tgdf.org.tr\/en\/wp-json\/wp\/v2\/comments?post=12088"}],"version-history":[{"count":3,"href":"https:\/\/www.tgdf.org.tr\/en\/wp-json\/wp\/v2\/pages\/12088\/revisions"}],"predecessor-version":[{"id":12093,"href":"https:\/\/www.tgdf.org.tr\/en\/wp-json\/wp\/v2\/pages\/12088\/revisions\/12093"}],"up":[{"embeddable":true,"href":"https:\/\/www.tgdf.org.tr\/en\/wp-json\/wp\/v2\/pages\/538"}],"wp:attachment":[{"href":"https:\/\/www.tgdf.org.tr\/en\/wp-json\/wp\/v2\/media?parent=12088"}],"curies":[{"name":"wp","href":"https:\/\/api.w.org\/{rel}","templated":true}]}}