{"id":12063,"date":"2024-12-13T20:59:52","date_gmt":"2024-12-13T17:59:52","guid":{"rendered":"https:\/\/www.tgdf.org.tr\/en\/?page_id=12063"},"modified":"2024-12-13T21:02:04","modified_gmt":"2024-12-13T18:02:04","slug":"asud","status":"publish","type":"page","link":"https:\/\/www.tgdf.org.tr\/en\/about-us\/member-associations\/asud\/","title":{"rendered":"AS\u00dcD"},"content":{"rendered":"<div class=\"wpb-content-wrapper\"><p>[vc_row][vc_column width=\"1\/2\"][vc_text_separator title=\"AS\u00dcD \u2013 Packaged Milk and Dairy Products Industrialists Association\" title_align=\"separator_align_left\" color=\"black\" css=\"\"][\/vc_column][vc_column width=\"1\/2\"][vc_text_separator title=\"CONTACT INFORMATION\" title_align=\"separator_align_left\" color=\"black\" css=\"\"][\/vc_column][\/vc_row][vc_row][vc_column width=\"1\/2\"][\/vc_column][vc_column width=\"1\/2\"][vc_column_text css=\"\"]<\/p>\n<table style=\"width: 100%; height: 264px;\">\n<tbody>\n<tr style=\"height: 24px;\">\n<td style=\"height: 24px;\"><strong>Chairman:<\/strong><\/td>\n<td style=\"height: 24px;\"><b>Harun \u00c7all\u0131<\/b><\/td>\n<\/tr>\n<tr style=\"height: 24px;\">\n<td style=\"height: 24px;\"><b>Phone:<\/b><\/td>\n<td style=\"height: 24px;\">0216\u00a0317 49 77 Fax: 0216 317 00 54<\/td>\n<\/tr>\n<tr style=\"height: 24px;\">\n<td style=\"height: 24px;\"><b>E-mail:<\/b><\/td>\n<td style=\"height: 24px;\"><\/td>\n<\/tr>\n<tr style=\"height: 24px;\">\n<td style=\"height: 24px;\"><b>Address:<\/b><\/td>\n<td style=\"height: 24px;\">Barbaros Mahallesi Evren Caddesi \u00c7im sokak no:17 Yenisahra Kad\u0131k\u00f6y \/ \u0130stanbul<\/td>\n<\/tr>\n<tr style=\"height: 48px;\">\n<td style=\"height: 48px;\"><b>Secretary General:<\/b><\/td>\n<td style=\"height: 48px;\"><b>Burhan Sakkao\u011flu<\/b><\/td>\n<\/tr>\n<tr style=\"height: 24px;\">\n<td style=\"height: 24px;\"><b>Phone:<\/b><\/td>\n<td style=\"height: 24px;\">0312 284 92 53\u00a0Fax: 0312 284 92 58<\/td>\n<\/tr>\n<tr style=\"height: 24px;\">\n<td style=\"height: 24px;\"><b>E-mail:<\/b><\/td>\n<td style=\"height: 24px;\"><\/td>\n<\/tr>\n<tr style=\"height: 48px;\">\n<td style=\"height: 48px;\"><b>Address:<\/b><\/td>\n<td style=\"height: 48px;\">Ceyhun At\u0131f Kansu Cad. 1386. Sok. No: 8\/4 Balgat \/ANKARA<\/td>\n<\/tr>\n<tr style=\"height: 24px;\">\n<td style=\"height: 24px;\"><b>Web Address:<\/b><\/td>\n<td style=\"height: 24px;\"><a href=\"http:\/\/www.asuder.org.tr\">http:\/\/www.asuder.org.tr<\/a><\/td>\n<\/tr>\n<\/tbody>\n<\/table>\n<p>[\/vc_column_text][\/vc_column][\/vc_row]<\/p>\n<\/div>","protected":false},"excerpt":{"rendered":"<p>[vc_row][vc_column width=&#8221;1\/2&#8243;][vc_text_separator title=&#8221;AS\u00dcD \u2013 Packaged Milk and Dairy Products Industrialists Association&#8221; title_align=&#8221;separator_align_left&#8221; color=&#8221;black&#8221; css=&#8221;&#8221;][\/vc_column][vc_column width=&#8221;1\/2&#8243;][vc_text_separator title=&#8221;CONTACT INFORMATION&#8221; title_align=&#8221;separator_align_left&#8221; color=&#8221;black&#8221; css=&#8221;&#8221;][\/vc_column][\/vc_row][vc_row][vc_column width=&#8221;1\/2&#8243;][\/vc_column][vc_column width=&#8221;1\/2&#8243;][vc_column_text css=&#8221;&#8221;] Chairman: Harun \u00c7all\u0131 Phone: 0216\u00a0317 49 77 Fax: 0216 317 00 54 E-mail: Address: Barbaros Mahallesi Evren Caddesi \u00c7im sokak no:17 Yenisahra Kad\u0131k\u00f6y \/ \u0130stanbul Secretary General: Burhan Sakkao\u011flu Phone: 0312 284 [&hellip;]<\/p>\n","protected":false},"author":1440,"featured_media":0,"parent":538,"menu_order":0,"comment_status":"closed","ping_status":"closed","template":"","meta":{"footnotes":""},"class_list":["post-12063","page","type-page","status-publish","hentry"],"_links":{"self":[{"href":"https:\/\/www.tgdf.org.tr\/en\/wp-json\/wp\/v2\/pages\/12063","targetHints":{"allow":["GET"]}}],"collection":[{"href":"https:\/\/www.tgdf.org.tr\/en\/wp-json\/wp\/v2\/pages"}],"about":[{"href":"https:\/\/www.tgdf.org.tr\/en\/wp-json\/wp\/v2\/types\/page"}],"author":[{"embeddable":true,"href":"https:\/\/www.tgdf.org.tr\/en\/wp-json\/wp\/v2\/users\/1440"}],"replies":[{"embeddable":true,"href":"https:\/\/www.tgdf.org.tr\/en\/wp-json\/wp\/v2\/comments?post=12063"}],"version-history":[{"count":3,"href":"https:\/\/www.tgdf.org.tr\/en\/wp-json\/wp\/v2\/pages\/12063\/revisions"}],"predecessor-version":[{"id":12066,"href":"https:\/\/www.tgdf.org.tr\/en\/wp-json\/wp\/v2\/pages\/12063\/revisions\/12066"}],"up":[{"embeddable":true,"href":"https:\/\/www.tgdf.org.tr\/en\/wp-json\/wp\/v2\/pages\/538"}],"wp:attachment":[{"href":"https:\/\/www.tgdf.org.tr\/en\/wp-json\/wp\/v2\/media?parent=12063"}],"curies":[{"name":"wp","href":"https:\/\/api.w.org\/{rel}","templated":true}]}}