{"id":12058,"date":"2024-12-13T20:54:30","date_gmt":"2024-12-13T17:54:30","guid":{"rendered":"https:\/\/www.tgdf.org.tr\/en\/?page_id=12058"},"modified":"2024-12-13T20:58:45","modified_gmt":"2024-12-13T17:58:45","slug":"alkider","status":"publish","type":"page","link":"https:\/\/www.tgdf.org.tr\/en\/about-us\/member-associations\/alkider\/","title":{"rendered":"ALK\u0130DER"},"content":{"rendered":"<div class=\"wpb-content-wrapper\"><p>[vc_row][vc_column width=\"1\/2\"][vc_text_separator title=\"ALK\u0130DER \u2013 Alcoholic Beverage Producers and Importers Association\" title_align=\"separator_align_left\" color=\"black\" css=\"\"][\/vc_column][vc_column width=\"1\/2\"][vc_text_separator title=\"CONTACT INFORMATION\" title_align=\"separator_align_left\" color=\"black\" css=\"\"][\/vc_column][\/vc_row][vc_row][vc_column width=\"1\/2\"][vc_column_text css=\"\"]In 2012, the Association was established with the participation of eight leading companies in the sector operating in the fields of production, import and export in a wide range of categories, primarily in the production, import and export of distilled spirits such as raki, vodka, whiskey, gin, liquor and wine categories, as well as senior executives and sector employees of these companies, bringing together a total of 22 people.<\/p>\n<p>The association has 8 founding members who are legal entities,<\/p>\n<p>Mey \u0130\u00e7ki Sanayi ve Ticaret A.\u015e.<br \/>\nMey Alcoholic Beverages Industry and Trade Inc.<br \/>\nAllied Domecq \u0130stanbul \u0130\u00e7 ve D\u0131\u015f Ticaret Ltd. \u015eti.<br \/>\nBrown Forman \u0130\u00e7ki Ticaret Ltd.<br \/>\nBacardi Martini Sales Marketing Distribution and Trade Ltd.<br \/>\nBT Sales Marketing and Trade Inc.<br \/>\nTopkap\u0131 Beverage Distribution Marketing Inc.<br \/>\nDemirta\u015f G\u0131da \u0130n\u015faat Organizasyon Dan\u0131\u015fmanl\u0131k Sanayi Ve Ticaret Ltd. \u015eti.<br \/>\nand Demirta\u015f Food Construction Organization Consultancy Industry And Trade Ltd.<\/p>\n<p>Upon the approval of the Istanbul Provincial Directorate of Associations dated 05.12.2012, ALK\u0130DER started its activities as an Istanbul-based sectoral association. The first General Assembly of ALK\u0130DER was held on 10.04.2013 and Mr. Ali Galip Yorganc\u0131o\u011flu was elected as the first Chairman of the Board of Directors for a period of 3 years.<\/p>\n<p>In summary, the purpose of ALK\u0130DER's establishment is to support the development and coordination of commercial and industrial activities not only in the distilled spirits sector but also in the entire spirits sector; to represent its members engaged in production, import, sales and distribution activities in the spirits sector nationwide and internationally; to carry out joint activities with all public institutions and private sector in the field of activity of the sector; to represent its members on these platforms; to contribute to the development of the sector by supporting the production and sale of alcoholic beverages in accordance with the law and in a fair competition environment, taking into account public health and conscious consumption.<\/p>\n<p>To this end, ALK\u0130DER has been representing its members in the Tobacco and Alcohol Market Regulatory Authority (TAPDK), Ministry of Food, Agriculture and Livestock, Ministry of Finance, TOBB Beverage Assembly and all related institutions and organizations since its establishment.<\/p>\n<p>ALK\u0130DER is also a member of the Turkish Federation of Food Associations (TGDF).[\/vc_column_text][\/vc_column][vc_column width=\"1\/2\"][vc_column_text css=\"\"]<\/p>\n<table style=\"width: 100%; height: 264px;\">\n<tbody>\n<tr style=\"height: 24px;\">\n<td style=\"height: 24px;\"><strong>Chairman:<\/strong><\/td>\n<td style=\"height: 24px;\"><b>Bahar U\u00e7anlar<\/b><\/td>\n<\/tr>\n<tr style=\"height: 24px;\">\n<td style=\"height: 24px;\"><b>Phone:<\/b><\/td>\n<td style=\"height: 24px;\">0 212 373 45 11\u00a0Fax: 0 212 373 45\u00a059<\/td>\n<\/tr>\n<tr style=\"height: 24px;\">\n<td style=\"height: 24px;\"><b>E-mail:<\/b><\/td>\n<td style=\"height: 24px;\"><\/td>\n<\/tr>\n<tr style=\"height: 24px;\">\n<td style=\"height: 24px;\"><b>Address:<\/b><\/td>\n<td style=\"height: 24px;\">B\u00fcy\u00fckdere cad. Bahar sok. River Plaza, No:13 Kat:26, 34394 \u015ei\u015fli\/\u0130stanbul<\/td>\n<\/tr>\n<tr style=\"height: 48px;\">\n<td style=\"height: 48px;\"><b>Secretary General:<\/b><\/td>\n<td style=\"height: 48px;\"><b>\u00dclk\u00fc Sakalar<\/b><\/td>\n<\/tr>\n<tr style=\"height: 24px;\">\n<td style=\"height: 24px;\"><b>Phone:<\/b><\/td>\n<td style=\"height: 24px;\">0 212 373 44 95\u00a0Fax: 0 212 373 45 49<\/td>\n<\/tr>\n<tr style=\"height: 24px;\">\n<td style=\"height: 24px;\"><b>E-mail:<\/b><\/td>\n<td style=\"height: 24px;\"><\/td>\n<\/tr>\n<tr style=\"height: 48px;\">\n<td style=\"height: 48px;\"><b>Address:<\/b><\/td>\n<td style=\"height: 48px;\">B\u00fcy\u00fckdere cad. Bahar sok. River Plaza, No:13 Kat:26, 34394 \u015ei\u015fli\/\u0130stanbul<\/td>\n<\/tr>\n<tr style=\"height: 24px;\">\n<td style=\"height: 24px;\"><b>Web Address:<\/b><\/td>\n<td style=\"height: 24px;\"><a href=\"http:\/\/www.alkider.org.tr\">http:\/\/www.alkider.org.tr<\/a><\/td>\n<\/tr>\n<\/tbody>\n<\/table>\n<p>[\/vc_column_text][\/vc_column][\/vc_row]<\/p>\n<\/div>","protected":false},"excerpt":{"rendered":"<p>[vc_row][vc_column width=&#8221;1\/2&#8243;][vc_text_separator title=&#8221;ALK\u0130DER \u2013 Alcoholic Beverage Producers and Importers Association&#8221; title_align=&#8221;separator_align_left&#8221; color=&#8221;black&#8221; css=&#8221;&#8221;][\/vc_column][vc_column width=&#8221;1\/2&#8243;][vc_text_separator title=&#8221;CONTACT INFORMATION&#8221; title_align=&#8221;separator_align_left&#8221; color=&#8221;black&#8221; css=&#8221;&#8221;][\/vc_column][\/vc_row][vc_row][vc_column width=&#8221;1\/2&#8243;][vc_column_text css=&#8221;&#8221;]In 2012, the Association was established with the participation of eight leading companies in the sector operating in the fields of production, import and export in a wide range of categories, primarily in the production, [&hellip;]<\/p>\n","protected":false},"author":1440,"featured_media":0,"parent":538,"menu_order":0,"comment_status":"closed","ping_status":"closed","template":"","meta":{"footnotes":""},"class_list":["post-12058","page","type-page","status-publish","hentry"],"_links":{"self":[{"href":"https:\/\/www.tgdf.org.tr\/en\/wp-json\/wp\/v2\/pages\/12058","targetHints":{"allow":["GET"]}}],"collection":[{"href":"https:\/\/www.tgdf.org.tr\/en\/wp-json\/wp\/v2\/pages"}],"about":[{"href":"https:\/\/www.tgdf.org.tr\/en\/wp-json\/wp\/v2\/types\/page"}],"author":[{"embeddable":true,"href":"https:\/\/www.tgdf.org.tr\/en\/wp-json\/wp\/v2\/users\/1440"}],"replies":[{"embeddable":true,"href":"https:\/\/www.tgdf.org.tr\/en\/wp-json\/wp\/v2\/comments?post=12058"}],"version-history":[{"count":3,"href":"https:\/\/www.tgdf.org.tr\/en\/wp-json\/wp\/v2\/pages\/12058\/revisions"}],"predecessor-version":[{"id":12061,"href":"https:\/\/www.tgdf.org.tr\/en\/wp-json\/wp\/v2\/pages\/12058\/revisions\/12061"}],"up":[{"embeddable":true,"href":"https:\/\/www.tgdf.org.tr\/en\/wp-json\/wp\/v2\/pages\/538"}],"wp:attachment":[{"href":"https:\/\/www.tgdf.org.tr\/en\/wp-json\/wp\/v2\/media?parent=12058"}],"curies":[{"name":"wp","href":"https:\/\/api.w.org\/{rel}","templated":true}]}}