{"id":12053,"date":"2024-12-13T20:43:37","date_gmt":"2024-12-13T17:43:37","guid":{"rendered":"https:\/\/www.tgdf.org.tr\/en\/?page_id=12053"},"modified":"2024-12-13T21:21:02","modified_gmt":"2024-12-13T18:21:02","slug":"abuder","status":"publish","type":"page","link":"https:\/\/www.tgdf.org.tr\/en\/about-us\/member-associations\/abuder\/","title":{"rendered":"AB\u00dcDER"},"content":{"rendered":"<div class=\"wpb-content-wrapper\"><p>[vc_row][vc_column width=\"1\/2\"][vc_text_separator title=\"AB\u00dcDER \u2013 AROMATIC HERBS AND SPICES PRODUCERS ASSOCIATION\" title_align=\"separator_align_left\" color=\"black\" css=\"\"][\/vc_column][vc_column width=\"1\/2\"][vc_text_separator title=\"CONTACT INFORMATION\" title_align=\"separator_align_left\" color=\"black\" css=\"\"][\/vc_column][\/vc_row][vc_row][vc_column width=\"1\/2\"][\/vc_column][vc_column width=\"1\/2\"][vc_column_text css=\"\"]<\/p>\n<table style=\"width: 100%; height: 264px;\">\n<tbody>\n<tr style=\"height: 24px;\">\n<td style=\"height: 24px; width: 18.581081%;\"><strong>Chairman:\u00a0<\/strong><\/td>\n<td style=\"height: 24px; width: 80.067568%;\"><b>Ayd\u0131n Acun<\/b><\/td>\n<\/tr>\n<tr style=\"height: 24px;\">\n<td style=\"height: 24px; width: 18.581081%;\"><b>Phone:<\/b><\/td>\n<td style=\"height: 24px; width: 80.067568%;\">0\u00a0212 549 23 63<\/td>\n<\/tr>\n<tr style=\"height: 24px;\">\n<td style=\"height: 24px; width: 18.581081%;\"><b>E-mail:<\/b><\/td>\n<td style=\"height: 24px; width: 80.067568%;\"><\/td>\n<\/tr>\n<tr style=\"height: 24px;\">\n<td style=\"height: 24px; width: 18.581081%;\"><b>Address:<\/b><\/td>\n<td style=\"height: 24px; width: 80.067568%;\">Aykosan Sanayi Sitesi 2 k\u0131s\u0131m 15.Ada A blok \u0130kitelli Organize Sanayi B\u00f6lgesi Ba\u015fak\u015fehir\/\u0130stanbul<\/td>\n<\/tr>\n<tr style=\"height: 48px;\">\n<td style=\"height: 48px; width: 18.581081%;\"><b>Secretary General:<\/b><\/td>\n<td style=\"height: 48px; width: 80.067568%;\"><\/td>\n<\/tr>\n<tr style=\"height: 24px;\">\n<td style=\"height: 24px; width: 18.581081%;\"><b>Phone:<\/b><\/td>\n<td style=\"height: 24px; width: 80.067568%;\"><\/td>\n<\/tr>\n<tr style=\"height: 24px;\">\n<td style=\"height: 24px; width: 18.581081%;\"><b>E-mail:<\/b><\/td>\n<td style=\"height: 24px; width: 80.067568%;\"><\/td>\n<\/tr>\n<tr style=\"height: 48px;\">\n<td style=\"height: 48px; width: 18.581081%;\"><b>Address:<\/b><\/td>\n<td style=\"height: 48px; width: 80.067568%;\"><\/td>\n<\/tr>\n<tr style=\"height: 24px;\">\n<td style=\"height: 24px; width: 18.581081%;\"><b>Web Address:<\/b><\/td>\n<td style=\"height: 24px; width: 80.067568%;\"><a href=\"https:\/\/abuder.org.tr\/\">https:\/\/abuder.org.tr\/<\/a><\/td>\n<\/tr>\n<\/tbody>\n<\/table>\n<p>[\/vc_column_text][\/vc_column][\/vc_row]<\/p>\n<\/div>","protected":false},"excerpt":{"rendered":"<p>[vc_row][vc_column width=&#8221;1\/2&#8243;][vc_text_separator title=&#8221;AB\u00dcDER \u2013 AROMATIC HERBS AND SPICES PRODUCERS ASSOCIATION&#8221; title_align=&#8221;separator_align_left&#8221; color=&#8221;black&#8221; css=&#8221;&#8221;][\/vc_column][vc_column width=&#8221;1\/2&#8243;][vc_text_separator title=&#8221;CONTACT INFORMATION&#8221; title_align=&#8221;separator_align_left&#8221; color=&#8221;black&#8221; css=&#8221;&#8221;][\/vc_column][\/vc_row][vc_row][vc_column width=&#8221;1\/2&#8243;][\/vc_column][vc_column width=&#8221;1\/2&#8243;][vc_column_text css=&#8221;&#8221;] Chairman:\u00a0 Ayd\u0131n Acun Phone: 0\u00a0212 549 23 63 E-mail: Address: Aykosan Sanayi Sitesi 2 k\u0131s\u0131m 15.Ada A blok \u0130kitelli Organize Sanayi B\u00f6lgesi Ba\u015fak\u015fehir\/\u0130stanbul Secretary General: Phone: E-mail: Address: Web Address: https:\/\/abuder.org.tr\/ [\/vc_column_text][\/vc_column][\/vc_row]<\/p>\n","protected":false},"author":1440,"featured_media":0,"parent":538,"menu_order":0,"comment_status":"closed","ping_status":"closed","template":"","meta":{"footnotes":""},"class_list":["post-12053","page","type-page","status-publish","hentry"],"_links":{"self":[{"href":"https:\/\/www.tgdf.org.tr\/en\/wp-json\/wp\/v2\/pages\/12053","targetHints":{"allow":["GET"]}}],"collection":[{"href":"https:\/\/www.tgdf.org.tr\/en\/wp-json\/wp\/v2\/pages"}],"about":[{"href":"https:\/\/www.tgdf.org.tr\/en\/wp-json\/wp\/v2\/types\/page"}],"author":[{"embeddable":true,"href":"https:\/\/www.tgdf.org.tr\/en\/wp-json\/wp\/v2\/users\/1440"}],"replies":[{"embeddable":true,"href":"https:\/\/www.tgdf.org.tr\/en\/wp-json\/wp\/v2\/comments?post=12053"}],"version-history":[{"count":5,"href":"https:\/\/www.tgdf.org.tr\/en\/wp-json\/wp\/v2\/pages\/12053\/revisions"}],"predecessor-version":[{"id":12075,"href":"https:\/\/www.tgdf.org.tr\/en\/wp-json\/wp\/v2\/pages\/12053\/revisions\/12075"}],"up":[{"embeddable":true,"href":"https:\/\/www.tgdf.org.tr\/en\/wp-json\/wp\/v2\/pages\/538"}],"wp:attachment":[{"href":"https:\/\/www.tgdf.org.tr\/en\/wp-json\/wp\/v2\/media?parent=12053"}],"curies":[{"name":"wp","href":"https:\/\/api.w.org\/{rel}","templated":true}]}}