{"id":11995,"date":"2024-12-05T12:30:33","date_gmt":"2024-12-05T09:30:33","guid":{"rendered":"https:\/\/www.tgdf.org.tr\/?page_id=11995"},"modified":"2024-12-07T12:10:11","modified_gmt":"2024-12-07T09:10:11","slug":"board-of-directors","status":"publish","type":"page","link":"https:\/\/www.tgdf.org.tr\/en\/about-us\/board-of-directors\/","title":{"rendered":"Board of Directors"},"content":{"rendered":"<div class=\"wpb-content-wrapper\"><p>[vc_row][vc_column][vc_single_image image=\"7543\" img_size=\"240x320\" alignment=\"center\" style=\"vc_box_shadow_3d\" onclick=\"custom_link\" css=\"\" link=\"https:\/\/www.tgdf.org.tr\/en\/about-us\/board-of-directors\/m-demir-sarman\/\"][vc_column_text css=\"\"]<\/p>\n<h6 style=\"text-align: center;\"><a style=\"color: inherit; text-decoration: none;\" href=\"https:\/\/www.tgdf.org.tr\/en\/about-us\/board-of-directors\/m-demir-sarman\/\"><strong>M. Demir \u015earman<\/strong><\/a><\/h6>\n<p style=\"text-align: center;\"><strong>BA\u015eKAN<\/strong><\/p>\n<p>[\/vc_column_text][\/vc_column][\/vc_row][vc_row][vc_column][vc_separator border_width=\"2\" css=\"\"][\/vc_column][\/vc_row][vc_row][vc_column][vc_column_text css=\"\"]<\/p>\n<h2 style=\"text-align: center;\">PRINCIPAL MEMBERS<\/h2>\n<p>[\/vc_column_text][\/vc_column][\/vc_row][vc_row][vc_column width=\"1\/3\"][vc_single_image image=\"11849\" img_size=\"240x320\" alignment=\"center\" style=\"vc_box_shadow_3d\" onclick=\"custom_link\" css=\"\" link=\"https:\/\/www.tgdf.org.tr\/en\/about-us\/board-of-directors\/ebru-akdag\/\"][vc_column_text css=\"\"]<\/p>\n<h6 style=\"text-align: center;\"><a style=\"color: inherit; text-decoration: none;\" href=\"https:\/\/www.tgdf.org.tr\/en\/about-us\/board-of-directors\/ebru-akdag\/\">Ebru Akda\u011f<\/a><\/h6>\n<p style=\"text-align: center;\"><b>B\u0130TK\u0130DEN<\/b><\/p>\n<p>[\/vc_column_text][\/vc_column][vc_column width=\"1\/3\"][vc_single_image image=\"11853\" img_size=\"240x320\" alignment=\"center\" style=\"vc_box_shadow_3d\" onclick=\"custom_link\" css=\"\" link=\"https:\/\/www.tgdf.org.tr\/en\/about-us\/board-of-directors\/esra-iren\/\"][vc_column_text css=\"\"]<\/p>\n<h6 style=\"text-align: center;\"><a style=\"color: inherit; text-decoration: none;\" href=\"https:\/\/www.tgdf.org.tr\/en\/about-us\/board-of-directors\/esra-iren\/\">Esra \u0130ren<\/a><\/h6>\n<p style=\"text-align: center;\"><strong>MEDER<\/strong><\/p>\n<p>[\/vc_column_text][\/vc_column][vc_column width=\"1\/3\"][vc_single_image image=\"12007\" img_size=\"240x320\" alignment=\"center\" style=\"vc_box_shadow_3d\" onclick=\"custom_link\" css=\"\" link=\"https:\/\/www.tgdf.org.tr\/en\/about-us\/board-of-directors\/faruk-kayar\/\"][vc_column_text css=\"\"]<\/p>\n<h6 style=\"text-align: center;\"><a style=\"color: inherit; text-decoration: none;\" href=\"https:\/\/www.tgdf.org.tr\/en\/about-us\/board-of-directors\/faruk-kayar\/\">Faruk Kayar<\/a><\/h6>\n<p style=\"text-align: center;\"><strong>ETB\u0130R<\/strong><\/p>\n<p>[\/vc_column_text][\/vc_column][\/vc_row][vc_row][vc_column width=\"1\/3\"][vc_single_image image=\"12008\" img_size=\"240x320\" alignment=\"center\" style=\"vc_box_shadow_3d\" onclick=\"custom_link\" css=\"\" link=\"https:\/\/www.tgdf.org.tr\/en\/about-us\/board-of-directors\/fatih-tiryakioglu\/\"][vc_column_text css=\"\"]<\/p>\n<h6 style=\"text-align: center;\"><a style=\"color: inherit; text-decoration: none;\" href=\"https:\/\/www.tgdf.org.tr\/en\/about-us\/board-of-directors\/fatih-tiryakioglu\/\">Fatih Tiryakio\u011flu<\/a><\/h6>\n<p style=\"text-align: center;\"><strong>S\u00dcG\u0130D<\/strong><\/p>\n<p>[\/vc_column_text][\/vc_column][vc_column width=\"1\/3\"][vc_single_image image=\"11863\" img_size=\"240x320\" alignment=\"center\" style=\"vc_box_shadow_3d\" onclick=\"custom_link\" css=\"\" link=\"https:\/\/www.tgdf.org.tr\/en\/about-us\/board-of-directors\/hakan-turan\/\"][vc_column_text css=\"\"]<\/p>\n<h6 style=\"text-align: center;\"><a style=\"color: inherit; text-decoration: none;\" href=\"https:\/\/www.tgdf.org.tr\/en\/about-us\/board-of-directors\/hakan-turan\/\">Hakan Turan<\/a><\/h6>\n<p style=\"text-align: center;\"><strong>SALKONDER<\/strong><\/p>\n<p>[\/vc_column_text][\/vc_column][vc_column width=\"1\/3\"][vc_single_image image=\"11867\" img_size=\"240x320\" alignment=\"center\" style=\"vc_box_shadow_3d\" onclick=\"custom_link\" css=\"\" link=\"https:\/\/www.tgdf.org.tr\/en\/about-us\/board-of-directors\/melih-sahinoz\/\"][vc_column_text css=\"\"]<\/p>\n<h6 style=\"text-align: center;\"><a style=\"color: inherit; text-decoration: none;\" href=\"https:\/\/www.tgdf.org.tr\/en\/about-us\/board-of-directors\/melih-sahinoz\/\">Melih \u015eahin\u00f6z<\/a><\/h6>\n<p style=\"text-align: center;\"><strong>ET\u00dcDER<\/strong><\/p>\n<p>[\/vc_column_text][\/vc_column][\/vc_row][vc_row][vc_column width=\"1\/3\"][vc_single_image image=\"11871\" img_size=\"240x320\" alignment=\"center\" style=\"vc_box_shadow_3d\" onclick=\"custom_link\" css=\"\" link=\"https:\/\/www.tgdf.org.tr\/en\/about-us\/board-of-directors\/metin-akman\/\"][vc_column_text css=\"\"]<\/p>\n<h6 style=\"text-align: center;\"><a style=\"color: inherit; text-decoration: none;\" href=\"https:\/\/www.tgdf.org.tr\/en\/about-us\/board-of-directors\/metin-akman\/\">Metin Akman<\/a><\/h6>\n<p style=\"text-align: center;\"><strong>Y\u00dcSAD<\/strong><\/p>\n<p>[\/vc_column_text][\/vc_column][vc_column width=\"1\/3\"][vc_single_image image=\"11875\" img_size=\"240x320\" alignment=\"center\" style=\"vc_box_shadow_3d\" onclick=\"custom_link\" css=\"\" link=\"https:\/\/www.tgdf.org.tr\/en\/about-us\/board-of-directors\/naci-kaplan\/\"][vc_column_text css=\"\"]<\/p>\n<h6 style=\"text-align: center;\"><a style=\"color: inherit; text-decoration: none;\" href=\"https:\/\/www.tgdf.org.tr\/en\/about-us\/board-of-directors\/naci-kaplan\/\">Naci Kaplan<\/a><\/h6>\n<p style=\"text-align: center;\"><strong>BESD-B\u0130R<\/strong><\/p>\n<p>[\/vc_column_text][\/vc_column][vc_column width=\"1\/3\"][vc_single_image image=\"11879\" img_size=\"240x320\" alignment=\"center\" style=\"vc_box_shadow_3d\" onclick=\"custom_link\" css=\"\" link=\"https:\/\/www.tgdf.org.tr\/en\/about-us\/board-of-directors\/ozen-altiparmak\/\"][vc_column_text css=\"\"]<\/p>\n<h6 style=\"text-align: center;\"><a style=\"color: inherit; text-decoration: none;\" href=\"https:\/\/www.tgdf.org.tr\/en\/about-us\/board-of-directors\/ozen-altiparmak\/\">\u00d6zen Alt\u0131parmak<\/a><\/h6>\n<p style=\"text-align: center;\"><strong>BALDER<\/strong><\/p>\n<p>[\/vc_column_text][\/vc_column][\/vc_row][vc_row][vc_column width=\"1\/3\"][vc_single_image image=\"11835\" img_size=\"240x320\" alignment=\"center\" style=\"vc_box_shadow_3d\" onclick=\"custom_link\" css=\"\" link=\"https:\/\/www.tgdf.org.tr\/en\/about-us\/board-of-directors\/s-tarik-tezel\/\"][vc_column_text css=\"\"]<\/p>\n<h6 style=\"text-align: center;\"><a style=\"color: inherit; text-decoration: none;\" href=\"https:\/\/www.tgdf.org.tr\/en\/about-us\/board-of-directors\/s-tarik-tezel\/\">S. Tar\u0131k Tezel<\/a><\/h6>\n<p style=\"text-align: center;\"><strong>SETB\u0130R<\/strong><\/p>\n<p>[\/vc_column_text][\/vc_column][\/vc_row][vc_row][vc_column][vc_separator border_width=\"2\" css=\"\"][\/vc_column][\/vc_row][vc_row][vc_column][vc_column_text css=\"\"]<\/p>\n<h2 style=\"text-align: center;\">ALTERNATE MEMBERS<\/h2>\n<p>[\/vc_column_text][\/vc_column][\/vc_row][vc_row][vc_column width=\"1\/3\"][vc_single_image image=\"11884\" img_size=\"240x320\" alignment=\"center\" style=\"vc_box_shadow_3d\" onclick=\"custom_link\" css=\"\" link=\"https:\/\/www.tgdf.org.tr\/en\/about-us\/board-of-directors\/suleyman-ferruh-guclu\/\"][vc_column_text css=\"\"]<\/p>\n<h6 style=\"text-align: center;\"><a style=\"color: inherit; text-decoration: none;\" href=\"https:\/\/www.tgdf.org.tr\/en\/about-us\/board-of-directors\/suleyman-ferruh-guclu\/\">S\u00fcleyman Ferruh G\u00fc\u00e7l\u00fc<\/a><\/h6>\n<p style=\"text-align: center;\"><b>S\u0130RKEDER<\/b><\/p>\n<p>[\/vc_column_text][\/vc_column][vc_column width=\"1\/3\"][vc_single_image image=\"11840\" img_size=\"240x320\" alignment=\"center\" style=\"vc_box_shadow_3d\" onclick=\"custom_link\" css=\"\" link=\"https:\/\/www.tgdf.org.tr\/en\/about-us\/board-of-directors\/zeynep-sungu\/\"][vc_column_text css=\"\"]<\/p>\n<h6 style=\"text-align: center;\"><a style=\"color: inherit; text-decoration: none;\" href=\"https:\/\/www.tgdf.org.tr\/en\/about-us\/board-of-directors\/zeynep-sungu\/\">Zeynep Sungu<\/a><\/h6>\n<p style=\"text-align: center;\"><strong>B\u0130TK\u0130DEN<\/strong><\/p>\n<p>[\/vc_column_text][\/vc_column][vc_column width=\"1\/3\"][vc_single_image image=\"11827\" img_size=\"240x320\" alignment=\"center\" style=\"vc_box_shadow_3d\" onclick=\"custom_link\" css=\"\" link=\"https:\/\/www.tgdf.org.tr\/en\/about-us\/board-of-directors\/ali-sozen\/\"][vc_column_text css=\"\"]<\/p>\n<h6 style=\"text-align: center;\"><a style=\"color: inherit; text-decoration: none;\" href=\"https:\/\/www.tgdf.org.tr\/en\/about-us\/board-of-directors\/ali-sozen\/\">Ali S\u00f6zen<\/a><\/h6>\n<p style=\"text-align: center;\"><strong>AS\u00dcD<\/strong><\/p>\n<p>[\/vc_column_text][\/vc_column][\/vc_row][vc_row][vc_column width=\"1\/3\"][vc_single_image image=\"11888\" img_size=\"240x320\" alignment=\"center\" style=\"vc_box_shadow_3d\" onclick=\"custom_link\" css=\"\" link=\"https:\/\/www.tgdf.org.tr\/en\/about-us\/board-of-directors\/r-murat-tarakcioglu\/\"][vc_column_text css=\"\"]<\/p>\n<h6 style=\"text-align: center;\"><a style=\"color: inherit; text-decoration: none;\" href=\"https:\/\/www.tgdf.org.tr\/en\/about-us\/board-of-directors\/r-murat-tarakcioglu\/\">R. Murat Tarak\u00e7\u0131o\u011flu<\/a><\/h6>\n<p style=\"text-align: center;\"><b>N\u0130SAD<\/b><\/p>\n<p>[\/vc_column_text][\/vc_column][vc_column width=\"1\/3\"][vc_single_image image=\"11892\" img_size=\"240x320\" alignment=\"center\" style=\"vc_box_shadow_3d\" onclick=\"custom_link\" css=\"\" link=\"https:\/\/www.tgdf.org.tr\/en\/about-us\/board-of-directors\/necati-goksu\/\"][vc_column_text css=\"\"]<\/p>\n<h6 style=\"text-align: center;\"><a style=\"color: inherit; text-decoration: none;\" href=\"https:\/\/www.tgdf.org.tr\/en\/about-us\/board-of-directors\/necati-goksu\/\">Necati G\u00f6ksu<\/a><\/h6>\n<p style=\"text-align: center;\"><strong>SUTHER<\/strong><\/p>\n<p>[\/vc_column_text][\/vc_column][vc_column width=\"1\/3\"][vc_single_image image=\"11896\" img_size=\"240x320\" alignment=\"center\" style=\"vc_box_shadow_3d\" onclick=\"custom_link\" css=\"\" link=\"https:\/\/www.tgdf.org.tr\/en\/about-us\/board-of-directors\/bora-akin\/\"][vc_column_text css=\"\"]<\/p>\n<h6 style=\"text-align: center;\"><a style=\"color: inherit; text-decoration: none;\" href=\"https:\/\/www.tgdf.org.tr\/en\/about-us\/board-of-directors\/bora-akin\/\">Bora Ak\u0131n<\/a><\/h6>\n<p style=\"text-align: center;\"><strong>GIDAB\u0130L<\/strong><\/p>\n<p>[\/vc_column_text][\/vc_column][\/vc_row][vc_row][vc_column width=\"1\/3\"][vc_single_image image=\"11900\" img_size=\"240x320\" alignment=\"center\" style=\"vc_box_shadow_3d\" onclick=\"custom_link\" css=\"\" link=\"https:\/\/www.tgdf.org.tr\/en\/about-us\/board-of-directors\/mehmet-omer-kizil\/\"][vc_column_text css=\"\"]<\/p>\n<h6 style=\"text-align: center;\"><a style=\"color: inherit; text-decoration: none;\" href=\"https:\/\/www.tgdf.org.tr\/en\/about-us\/board-of-directors\/mehmet-omer-kizil\/\">Mehmet \u00d6mer K\u0131z\u0131l<\/a><\/h6>\n<p style=\"text-align: center;\"><b>MASUDER<\/b><\/p>\n<p>[\/vc_column_text][\/vc_column][vc_column width=\"1\/3\"][vc_single_image image=\"11904\" img_size=\"240x320\" alignment=\"center\" style=\"vc_box_shadow_3d\" onclick=\"custom_link\" css=\"\" link=\"https:\/\/www.tgdf.org.tr\/en\/about-us\/board-of-directors\/ali-basman\/\"][vc_column_text css=\"\"]<\/p>\n<h6 style=\"text-align: center;\"><a style=\"color: inherit; text-decoration: none;\" href=\"https:\/\/www.tgdf.org.tr\/en\/about-us\/board-of-directors\/ali-basman\/\">Ali Ba\u015fman<\/a><\/h6>\n<p style=\"text-align: center;\"><strong>\u015eARAPDER<\/strong><\/p>\n<p>[\/vc_column_text][\/vc_column][vc_column width=\"1\/3\"][vc_single_image image=\"11908\" img_size=\"240x320\" alignment=\"center\" style=\"vc_box_shadow_3d\" onclick=\"custom_link\" css=\"\" link=\"https:\/\/www.tgdf.org.tr\/en\/about-us\/board-of-directors\/hoomer-balazadeh\/\"][vc_column_text css=\"\"]<\/p>\n<h6 style=\"text-align: center;\"><a style=\"color: inherit; text-decoration: none;\" href=\"https:\/\/www.tgdf.org.tr\/en\/about-us\/board-of-directors\/hoomer-balazadeh\/\">Hoomer Balazadeh<\/a><\/h6>\n<p style=\"text-align: center;\"><strong>BYSD<\/strong><\/p>\n<p>[\/vc_column_text][\/vc_column][\/vc_row][vc_row][vc_column width=\"1\/3\"][vc_single_image image=\"11831\" img_size=\"240x320\" alignment=\"center\" style=\"vc_box_shadow_3d\" onclick=\"custom_link\" css=\"\" link=\"https:\/\/www.tgdf.org.tr\/en\/about-us\/board-of-directors\/aykut-goymen\/\"][vc_column_text css=\"\"]<\/p>\n<h6 style=\"text-align: center;\"><a style=\"color: inherit; text-decoration: none;\" href=\"https:\/\/www.tgdf.org.tr\/en\/about-us\/board-of-directors\/aykut-goymen\/\">Aykut G\u00f6ymen<\/a><\/h6>\n<p style=\"text-align: center;\"><b>TMSD<\/b><\/p>\n<p>[\/vc_column_text][\/vc_column][vc_column width=\"1\/3\"][vc_single_image image=\"11912\" img_size=\"240x320\" alignment=\"center\" style=\"vc_box_shadow_3d\" onclick=\"custom_link\" css=\"\" link=\"https:\/\/www.tgdf.org.tr\/en\/about-us\/board-of-directors\/meltem-manav\/\"][vc_column_text css=\"\"]<\/p>\n<h6 style=\"text-align: center;\"><a style=\"color: inherit; text-decoration: none;\" href=\"https:\/\/www.tgdf.org.tr\/en\/about-us\/board-of-directors\/meltem-manav\/\">Meltem Manav<\/a><\/h6>\n<p style=\"text-align: center;\"><strong>T\u00dcG\u0130DER<\/strong><\/p>\n<p>[\/vc_column_text][\/vc_column][vc_column width=\"1\/3\"][\/vc_column][\/vc_row]<\/p>\n<\/div>","protected":false},"excerpt":{"rendered":"<p>[vc_row][vc_column][vc_single_image image=&#8221;7543&#8243; img_size=&#8221;240&#215;320&#8243; alignment=&#8221;center&#8221; style=&#8221;vc_box_shadow_3d&#8221; onclick=&#8221;custom_link&#8221; css=&#8221;&#8221; link=&#8221;https:\/\/www.tgdf.org.tr\/en\/about-us\/board-of-directors\/m-demir-sarman\/&#8221;][vc_column_text css=&#8221;&#8221;] M. Demir \u015earman BA\u015eKAN [\/vc_column_text][\/vc_column][\/vc_row][vc_row][vc_column][vc_separator border_width=&#8221;2&#8243; css=&#8221;&#8221;][\/vc_column][\/vc_row][vc_row][vc_column][vc_column_text css=&#8221;&#8221;] PRINCIPAL MEMBERS [\/vc_column_text][\/vc_column][\/vc_row][vc_row][vc_column width=&#8221;1\/3&#8243;][vc_single_image image=&#8221;11849&#8243; img_size=&#8221;240&#215;320&#8243; alignment=&#8221;center&#8221; style=&#8221;vc_box_shadow_3d&#8221; onclick=&#8221;custom_link&#8221; css=&#8221;&#8221; link=&#8221;https:\/\/www.tgdf.org.tr\/en\/about-us\/board-of-directors\/ebru-akdag\/&#8221;][vc_column_text css=&#8221;&#8221;] Ebru Akda\u011f B\u0130TK\u0130DEN [\/vc_column_text][\/vc_column][vc_column width=&#8221;1\/3&#8243;][vc_single_image image=&#8221;11853&#8243; img_size=&#8221;240&#215;320&#8243; alignment=&#8221;center&#8221; style=&#8221;vc_box_shadow_3d&#8221; onclick=&#8221;custom_link&#8221; css=&#8221;&#8221; link=&#8221;https:\/\/www.tgdf.org.tr\/en\/about-us\/board-of-directors\/esra-iren\/&#8221;][vc_column_text css=&#8221;&#8221;] Esra \u0130ren MEDER [\/vc_column_text][\/vc_column][vc_column width=&#8221;1\/3&#8243;][vc_single_image image=&#8221;12007&#8243; img_size=&#8221;240&#215;320&#8243; alignment=&#8221;center&#8221; style=&#8221;vc_box_shadow_3d&#8221; onclick=&#8221;custom_link&#8221; css=&#8221;&#8221; link=&#8221;https:\/\/www.tgdf.org.tr\/en\/about-us\/board-of-directors\/faruk-kayar\/&#8221;][vc_column_text css=&#8221;&#8221;] [&hellip;]<\/p>\n","protected":false},"author":1440,"featured_media":0,"parent":1074,"menu_order":0,"comment_status":"closed","ping_status":"closed","template":"","meta":{"footnotes":""},"class_list":["post-11995","page","type-page","status-publish","hentry"],"_links":{"self":[{"href":"https:\/\/www.tgdf.org.tr\/en\/wp-json\/wp\/v2\/pages\/11995","targetHints":{"allow":["GET"]}}],"collection":[{"href":"https:\/\/www.tgdf.org.tr\/en\/wp-json\/wp\/v2\/pages"}],"about":[{"href":"https:\/\/www.tgdf.org.tr\/en\/wp-json\/wp\/v2\/types\/page"}],"author":[{"embeddable":true,"href":"https:\/\/www.tgdf.org.tr\/en\/wp-json\/wp\/v2\/users\/1440"}],"replies":[{"embeddable":true,"href":"https:\/\/www.tgdf.org.tr\/en\/wp-json\/wp\/v2\/comments?post=11995"}],"version-history":[{"count":4,"href":"https:\/\/www.tgdf.org.tr\/en\/wp-json\/wp\/v2\/pages\/11995\/revisions"}],"predecessor-version":[{"id":12035,"href":"https:\/\/www.tgdf.org.tr\/en\/wp-json\/wp\/v2\/pages\/11995\/revisions\/12035"}],"up":[{"embeddable":true,"href":"https:\/\/www.tgdf.org.tr\/en\/wp-json\/wp\/v2\/pages\/1074"}],"wp:attachment":[{"href":"https:\/\/www.tgdf.org.tr\/en\/wp-json\/wp\/v2\/media?parent=11995"}],"curies":[{"name":"wp","href":"https:\/\/api.w.org\/{rel}","templated":true}]}}