{"id":11954,"date":"2024-11-29T14:41:14","date_gmt":"2024-11-29T11:41:14","guid":{"rendered":"https:\/\/www.tgdf.org.tr\/?page_id=11954"},"modified":"2024-12-05T12:37:54","modified_gmt":"2024-12-05T09:37:54","slug":"yasabey-kalebasi","status":"publish","type":"page","link":"https:\/\/www.tgdf.org.tr\/en\/about-us\/board-of-auditors\/yasabey-kalebasi\/","title":{"rendered":"Ya\u015fabey Kaleba\u015f\u0131"},"content":{"rendered":"<div class=\"wpb-content-wrapper\"><p>[vc_row][vc_column width=\"1\/4\"][vc_single_image image=\"11956\" img_size=\"full\" alignment=\"center\" css=\"\"][\/vc_column][vc_column width=\"3\/4\"][vc_column_text css=\"\"]Born in 1968 in \u00c7amoluk, Giresun, he completed his primary and secondary education in \u00c7amoluk.<\/p>\n<p>In 1995, he founded Askale \u0130\u00e7ecek \u00dcretim Pazarlama A.\u015e., where he is still the Chairman of the Board of Directors. In 2000, he entered the packaged water sector with the \u201c\u00c7amoluk\u201d brand. In 2011, he continued this journey with the \u201cAssu\u201d brand.<\/p>\n<p>In 2023, he was appointed as the Chairman of the Board of Directors of SUDER Packaged Water Producers Association, where he became a Board Member in 2018.<\/p>\n<p>Currently, he is the Chairman of the Board of Directors of Askale Beverage Production Paz. A.\u015e. and SUDER Association of Packaged Water Producers, which is within his family company Askale Holding.<\/p>\n<p>He is married and has three children.[\/vc_column_text][\/vc_column][\/vc_row]<\/p>\n<\/div>","protected":false},"excerpt":{"rendered":"<p>[vc_row][vc_column width=&#8221;1\/4&#8243;][vc_single_image image=&#8221;11956&#8243; img_size=&#8221;full&#8221; alignment=&#8221;center&#8221; css=&#8221;&#8221;][\/vc_column][vc_column width=&#8221;3\/4&#8243;][vc_column_text css=&#8221;&#8221;]Born in 1968 in \u00c7amoluk, Giresun, he completed his primary and secondary education in \u00c7amoluk. In 1995, he founded Askale \u0130\u00e7ecek \u00dcretim Pazarlama A.\u015e., where he is still the Chairman of the Board of Directors. In 2000, he entered the packaged water sector with the \u201c\u00c7amoluk\u201d brand. In [&hellip;]<\/p>\n","protected":false},"author":1440,"featured_media":0,"parent":11929,"menu_order":0,"comment_status":"closed","ping_status":"closed","template":"","meta":{"footnotes":""},"class_list":["post-11954","page","type-page","status-publish","hentry"],"_links":{"self":[{"href":"https:\/\/www.tgdf.org.tr\/en\/wp-json\/wp\/v2\/pages\/11954","targetHints":{"allow":["GET"]}}],"collection":[{"href":"https:\/\/www.tgdf.org.tr\/en\/wp-json\/wp\/v2\/pages"}],"about":[{"href":"https:\/\/www.tgdf.org.tr\/en\/wp-json\/wp\/v2\/types\/page"}],"author":[{"embeddable":true,"href":"https:\/\/www.tgdf.org.tr\/en\/wp-json\/wp\/v2\/users\/1440"}],"replies":[{"embeddable":true,"href":"https:\/\/www.tgdf.org.tr\/en\/wp-json\/wp\/v2\/comments?post=11954"}],"version-history":[{"count":1,"href":"https:\/\/www.tgdf.org.tr\/en\/wp-json\/wp\/v2\/pages\/11954\/revisions"}],"predecessor-version":[{"id":12000,"href":"https:\/\/www.tgdf.org.tr\/en\/wp-json\/wp\/v2\/pages\/11954\/revisions\/12000"}],"up":[{"embeddable":true,"href":"https:\/\/www.tgdf.org.tr\/en\/wp-json\/wp\/v2\/pages\/11929"}],"wp:attachment":[{"href":"https:\/\/www.tgdf.org.tr\/en\/wp-json\/wp\/v2\/media?parent=11954"}],"curies":[{"name":"wp","href":"https:\/\/api.w.org\/{rel}","templated":true}]}}