{"id":11941,"date":"2024-11-29T14:09:56","date_gmt":"2024-11-29T11:09:56","guid":{"rendered":"https:\/\/www.tgdf.org.tr\/?page_id=11941"},"modified":"2024-12-05T12:39:01","modified_gmt":"2024-12-05T09:39:01","slug":"ahmet-yazicioglu","status":"publish","type":"page","link":"https:\/\/www.tgdf.org.tr\/en\/about-us\/board-of-auditors\/ahmet-yazicioglu\/","title":{"rendered":"Ahmet Yaz\u0131c\u0131o\u011flu"},"content":{"rendered":"<div class=\"wpb-content-wrapper\"><p>[vc_row][vc_column width=\"1\/4\"][vc_single_image image=\"11943\" img_size=\"full\" alignment=\"center\" css=\"\"][\/vc_column][vc_column width=\"3\/4\"][vc_column_text css=\"\"]<\/p>\n<p style=\"font-weight: 400;\">Ahmet Yaz\u0131c\u0131o\u011flu has been the Corporate Affairs Director at Mey|Diageo since 2022, leading the development and implementation of the company's public relations and corporate communications strategies. A graduate of Eastern Mediterranean University Faculty of Law, Yaz\u0131c\u0131o\u011flu completed a certificate program on European Union Law and the British Legal System at King's College London in 2012. Mr. Yaz\u0131c\u0131o\u011flu started his career as a lawyer at Ko\u00e7 Law Firm in 2005 and joined Mey|Diageo in 2013, where he held various positions in the Regulatory, Legal and Corporate Affairs departments. Mr. Yaz\u0131c\u0131o\u011flu is also the Vice President of the Beverage Assembly of the Union of Chambers and Commodity Exchanges of Turkey (TOBB). He is also a member of Kabata\u015f Erkek Lisesi Alumni Association.<\/p>\n<p>[\/vc_column_text][\/vc_column][\/vc_row]<\/p>\n<\/div>","protected":false},"excerpt":{"rendered":"<p>[vc_row][vc_column width=&#8221;1\/4&#8243;][vc_single_image image=&#8221;11943&#8243; img_size=&#8221;full&#8221; alignment=&#8221;center&#8221; css=&#8221;&#8221;][\/vc_column][vc_column width=&#8221;3\/4&#8243;][vc_column_text css=&#8221;&#8221;] Ahmet Yaz\u0131c\u0131o\u011flu has been the Corporate Affairs Director at Mey|Diageo since 2022, leading the development and implementation of the company&#8217;s public relations and corporate communications strategies. A graduate of Eastern Mediterranean University Faculty of Law, Yaz\u0131c\u0131o\u011flu completed a certificate program on European Union Law and the British [&hellip;]<\/p>\n","protected":false},"author":1440,"featured_media":0,"parent":11929,"menu_order":0,"comment_status":"closed","ping_status":"closed","template":"","meta":{"footnotes":""},"class_list":["post-11941","page","type-page","status-publish","hentry"],"_links":{"self":[{"href":"https:\/\/www.tgdf.org.tr\/en\/wp-json\/wp\/v2\/pages\/11941","targetHints":{"allow":["GET"]}}],"collection":[{"href":"https:\/\/www.tgdf.org.tr\/en\/wp-json\/wp\/v2\/pages"}],"about":[{"href":"https:\/\/www.tgdf.org.tr\/en\/wp-json\/wp\/v2\/types\/page"}],"author":[{"embeddable":true,"href":"https:\/\/www.tgdf.org.tr\/en\/wp-json\/wp\/v2\/users\/1440"}],"replies":[{"embeddable":true,"href":"https:\/\/www.tgdf.org.tr\/en\/wp-json\/wp\/v2\/comments?post=11941"}],"version-history":[{"count":1,"href":"https:\/\/www.tgdf.org.tr\/en\/wp-json\/wp\/v2\/pages\/11941\/revisions"}],"predecessor-version":[{"id":12002,"href":"https:\/\/www.tgdf.org.tr\/en\/wp-json\/wp\/v2\/pages\/11941\/revisions\/12002"}],"up":[{"embeddable":true,"href":"https:\/\/www.tgdf.org.tr\/en\/wp-json\/wp\/v2\/pages\/11929"}],"wp:attachment":[{"href":"https:\/\/www.tgdf.org.tr\/en\/wp-json\/wp\/v2\/media?parent=11941"}],"curies":[{"name":"wp","href":"https:\/\/api.w.org\/{rel}","templated":true}]}}