{"id":11933,"date":"2024-11-29T14:07:22","date_gmt":"2024-11-29T11:07:22","guid":{"rendered":"https:\/\/www.tgdf.org.tr\/?page_id=11933"},"modified":"2024-12-05T12:39:46","modified_gmt":"2024-12-05T09:39:46","slug":"ahmet-yasar-otken","status":"publish","type":"page","link":"https:\/\/www.tgdf.org.tr\/en\/about-us\/board-of-auditors\/ahmet-yasar-otken\/","title":{"rendered":"Ahmet Ya\u015far \u00d6tken"},"content":{"rendered":"<div class=\"wpb-content-wrapper\"><p>[vc_row][vc_column width=\"1\/4\"][vc_single_image image=\"11935\" img_size=\"full\" alignment=\"center\" css=\"\"][\/vc_column][vc_column width=\"3\/4\"][vc_column_text css=\"\"]Ahmet Ya\u015far \u00d6tken was born in 1954. In 1977, he graduated from Bo\u011fazi\u00e7i University, Department of Mechanical Engineering. Since 1960, he is the Chairman of the Board of Directors of BEREKET \u00c7ELT\u0130K FABR\u0130KASI GIDA SANAY\u0130 VE T\u0130CARET A.\u015e., which has paddy processing and rice import activities. He is active in non-governmental organizations. He has been the Vice President of Rice Millers Association for many years. He served as Vice President of TGDF in the previous period.[\/vc_column_text][\/vc_column][\/vc_row]<\/p>\n<\/div>","protected":false},"excerpt":{"rendered":"<p>[vc_row][vc_column width=&#8221;1\/4&#8243;][vc_single_image image=&#8221;11935&#8243; img_size=&#8221;full&#8221; alignment=&#8221;center&#8221; css=&#8221;&#8221;][\/vc_column][vc_column width=&#8221;3\/4&#8243;][vc_column_text css=&#8221;&#8221;]Ahmet Ya\u015far \u00d6tken was born in 1954. In 1977, he graduated from Bo\u011fazi\u00e7i University, Department of Mechanical Engineering. Since 1960, he is the Chairman of the Board of Directors of BEREKET \u00c7ELT\u0130K FABR\u0130KASI GIDA SANAY\u0130 VE T\u0130CARET A.\u015e., which has paddy processing and rice import activities. He is [&hellip;]<\/p>\n","protected":false},"author":1440,"featured_media":0,"parent":11929,"menu_order":0,"comment_status":"closed","ping_status":"closed","template":"","meta":{"footnotes":""},"class_list":["post-11933","page","type-page","status-publish","hentry"],"_links":{"self":[{"href":"https:\/\/www.tgdf.org.tr\/en\/wp-json\/wp\/v2\/pages\/11933","targetHints":{"allow":["GET"]}}],"collection":[{"href":"https:\/\/www.tgdf.org.tr\/en\/wp-json\/wp\/v2\/pages"}],"about":[{"href":"https:\/\/www.tgdf.org.tr\/en\/wp-json\/wp\/v2\/types\/page"}],"author":[{"embeddable":true,"href":"https:\/\/www.tgdf.org.tr\/en\/wp-json\/wp\/v2\/users\/1440"}],"replies":[{"embeddable":true,"href":"https:\/\/www.tgdf.org.tr\/en\/wp-json\/wp\/v2\/comments?post=11933"}],"version-history":[{"count":1,"href":"https:\/\/www.tgdf.org.tr\/en\/wp-json\/wp\/v2\/pages\/11933\/revisions"}],"predecessor-version":[{"id":12004,"href":"https:\/\/www.tgdf.org.tr\/en\/wp-json\/wp\/v2\/pages\/11933\/revisions\/12004"}],"up":[{"embeddable":true,"href":"https:\/\/www.tgdf.org.tr\/en\/wp-json\/wp\/v2\/pages\/11929"}],"wp:attachment":[{"href":"https:\/\/www.tgdf.org.tr\/en\/wp-json\/wp\/v2\/media?parent=11933"}],"curies":[{"name":"wp","href":"https:\/\/api.w.org\/{rel}","templated":true}]}}