{"id":11929,"date":"2024-11-29T13:59:27","date_gmt":"2024-11-29T10:59:27","guid":{"rendered":"https:\/\/www.tgdf.org.tr\/?page_id=11929"},"modified":"2024-12-07T11:36:22","modified_gmt":"2024-12-07T08:36:22","slug":"board-of-auditors","status":"publish","type":"page","link":"https:\/\/www.tgdf.org.tr\/en\/about-us\/board-of-auditors\/","title":{"rendered":"Board of Auditors"},"content":{"rendered":"<div class=\"wpb-content-wrapper\"><p>[vc_row][vc_column][vc_column_text css=\"\"]<\/p>\n<h2 style=\"text-align: center;\">PRINCIPAL MEMBERS<\/h2>\n<p>[\/vc_column_text][\/vc_column][\/vc_row][vc_row][vc_column width=\"1\/3\"][vc_single_image image=\"11935\" img_size=\"240x320\" alignment=\"center\" style=\"vc_box_shadow_3d\" onclick=\"custom_link\" css=\"\" link=\"https:\/\/www.tgdf.org.tr\/en\/about-us\/board-of-auditors\/ahmet-yasar-otken\/\"][vc_column_text css=\"\"]<\/p>\n<h6 style=\"text-align: center;\"><a style=\"color: inherit; text-decoration: none;\" href=\"https:\/\/www.tgdf.org.tr\/en\/about-us\/board-of-auditors\/ahmet-yasar-otken\/\">Ahmet Ya\u015far \u00d6tken<\/a><\/h6>\n<p style=\"text-align: center;\"><b>PDD<\/b><\/p>\n<p>[\/vc_column_text][\/vc_column][vc_column width=\"1\/3\"][vc_single_image image=\"11960\" img_size=\"240x320\" alignment=\"center\" style=\"vc_box_shadow_3d\" onclick=\"custom_link\" css=\"\" link=\"https:\/\/www.tgdf.org.tr\/en\/about-us\/board-of-auditors\/tulay-aktan\/\"][vc_column_text css=\"\"]<\/p>\n<h6 style=\"text-align: center;\"><a style=\"color: inherit; text-decoration: none;\" href=\"https:\/\/www.tgdf.org.tr\/en\/about-us\/board-of-auditors\/tulay-aktan\/\">T\u00fclay Aktan<\/a><\/h6>\n<p style=\"text-align: center;\"><strong>G\u0130SDER<\/strong><\/p>\n<p>[\/vc_column_text][\/vc_column][vc_column width=\"1\/3\"][vc_single_image image=\"11939\" img_size=\"240x320\" alignment=\"center\" style=\"vc_box_shadow_3d\" onclick=\"custom_link\" css=\"\" link=\"https:\/\/www.tgdf.org.tr\/en\/about-us\/board-of-auditors\/muharrem-dogan\/\"][vc_column_text css=\"\"]<\/p>\n<h6 style=\"text-align: center;\"><a style=\"color: inherit; text-decoration: none;\" href=\"https:\/\/www.tgdf.org.tr\/en\/about-us\/board-of-auditors\/muharrem-dogan\/\">Muharrem Do\u011fan<\/a><\/h6>\n<p style=\"text-align: center;\"><strong>ORG\u00dcDER<\/strong><\/p>\n<p>[\/vc_column_text][\/vc_column][\/vc_row][vc_row][vc_column][vc_separator border_width=\"2\" css=\"\"][\/vc_column][\/vc_row][vc_row][vc_column][vc_column_text css=\"\"]<\/p>\n<h2 style=\"text-align: center;\">ALTERNATE MEMBERS<\/h2>\n<p>[\/vc_column_text][\/vc_column][\/vc_row][vc_row][vc_column width=\"1\/3\"][vc_single_image image=\"11943\" img_size=\"240x320\" alignment=\"center\" style=\"vc_box_shadow_3d\" onclick=\"custom_link\" css=\"\" link=\"https:\/\/www.tgdf.org.tr\/en\/about-us\/board-of-auditors\/ahmet-yazicioglu\/\"][vc_column_text css=\"\"]<\/p>\n<h6 style=\"text-align: center;\"><a style=\"color: inherit; text-decoration: none;\" href=\"https:\/\/www.tgdf.org.tr\/en\/about-us\/board-of-auditors\/ahmet-yazicioglu\/\">Ahmet Yaz\u0131c\u0131o\u011flu<\/a><\/h6>\n<p style=\"text-align: center;\"><b>ALK\u0130DER<\/b><\/p>\n<p>[\/vc_column_text][\/vc_column][vc_column width=\"1\/3\"][vc_single_image image=\"11947\" img_size=\"240x320\" alignment=\"center\" style=\"vc_box_shadow_3d\" onclick=\"custom_link\" css=\"\" link=\"https:\/\/www.tgdf.org.tr\/en\/about-us\/board-of-auditors\/m-serdar-palabiyik\/\"][vc_column_text css=\"\"]<\/p>\n<h6 style=\"text-align: center;\"><a style=\"color: inherit; text-decoration: none;\" href=\"https:\/\/www.tgdf.org.tr\/en\/about-us\/board-of-auditors\/m-serdar-palabiyik\/\">M. Serdar Palab\u0131y\u0131k<\/a><\/h6>\n<p style=\"text-align: center;\"><strong>B\u0130MAD<\/strong><\/p>\n<p>[\/vc_column_text][\/vc_column][vc_column width=\"1\/3\"][vc_single_image image=\"11956\" img_size=\"240x320\" alignment=\"center\" style=\"vc_box_shadow_3d\" onclick=\"custom_link\" css=\"\" link=\"https:\/\/www.tgdf.org.tr\/en\/about-us\/board-of-auditors\/yasabey-kalebasi\/\"][vc_column_text css=\"\"]<\/p>\n<h6 style=\"text-align: center;\"><a style=\"color: inherit; text-decoration: none;\" href=\"https:\/\/www.tgdf.org.tr\/en\/about-us\/board-of-auditors\/yasabey-kalebasi\/\">Ya\u015fabey Kaleba\u015f\u0131<\/a><\/h6>\n<p style=\"text-align: center;\"><b>SUDER<\/b><\/p>\n<p>[\/vc_column_text][\/vc_column][\/vc_row]<\/p>\n<\/div>","protected":false},"excerpt":{"rendered":"<p>[vc_row][vc_column][vc_column_text css=&#8221;&#8221;] PRINCIPAL MEMBERS [\/vc_column_text][\/vc_column][\/vc_row][vc_row][vc_column width=&#8221;1\/3&#8243;][vc_single_image image=&#8221;11935&#8243; img_size=&#8221;240&#215;320&#8243; alignment=&#8221;center&#8221; style=&#8221;vc_box_shadow_3d&#8221; onclick=&#8221;custom_link&#8221; css=&#8221;&#8221; link=&#8221;https:\/\/www.tgdf.org.tr\/en\/about-us\/board-of-auditors\/ahmet-yasar-otken\/&#8221;][vc_column_text css=&#8221;&#8221;] Ahmet Ya\u015far \u00d6tken PDD [\/vc_column_text][\/vc_column][vc_column width=&#8221;1\/3&#8243;][vc_single_image image=&#8221;11960&#8243; img_size=&#8221;240&#215;320&#8243; alignment=&#8221;center&#8221; style=&#8221;vc_box_shadow_3d&#8221; onclick=&#8221;custom_link&#8221; css=&#8221;&#8221; link=&#8221;https:\/\/www.tgdf.org.tr\/en\/about-us\/board-of-auditors\/tulay-aktan\/&#8221;][vc_column_text css=&#8221;&#8221;] T\u00fclay Aktan G\u0130SDER [\/vc_column_text][\/vc_column][vc_column width=&#8221;1\/3&#8243;][vc_single_image image=&#8221;11939&#8243; img_size=&#8221;240&#215;320&#8243; alignment=&#8221;center&#8221; style=&#8221;vc_box_shadow_3d&#8221; onclick=&#8221;custom_link&#8221; css=&#8221;&#8221; link=&#8221;https:\/\/www.tgdf.org.tr\/en\/about-us\/board-of-auditors\/muharrem-dogan\/&#8221;][vc_column_text css=&#8221;&#8221;] Muharrem Do\u011fan ORG\u00dcDER [\/vc_column_text][\/vc_column][\/vc_row][vc_row][vc_column][vc_separator border_width=&#8221;2&#8243; css=&#8221;&#8221;][\/vc_column][\/vc_row][vc_row][vc_column][vc_column_text css=&#8221;&#8221;] ALTERNATE MEMBERS [\/vc_column_text][\/vc_column][\/vc_row][vc_row][vc_column width=&#8221;1\/3&#8243;][vc_single_image image=&#8221;11943&#8243; img_size=&#8221;240&#215;320&#8243; alignment=&#8221;center&#8221; [&hellip;]<\/p>\n","protected":false},"author":1440,"featured_media":0,"parent":1074,"menu_order":0,"comment_status":"closed","ping_status":"closed","template":"","meta":{"footnotes":""},"class_list":["post-11929","page","type-page","status-publish","hentry"],"_links":{"self":[{"href":"https:\/\/www.tgdf.org.tr\/en\/wp-json\/wp\/v2\/pages\/11929","targetHints":{"allow":["GET"]}}],"collection":[{"href":"https:\/\/www.tgdf.org.tr\/en\/wp-json\/wp\/v2\/pages"}],"about":[{"href":"https:\/\/www.tgdf.org.tr\/en\/wp-json\/wp\/v2\/types\/page"}],"author":[{"embeddable":true,"href":"https:\/\/www.tgdf.org.tr\/en\/wp-json\/wp\/v2\/users\/1440"}],"replies":[{"embeddable":true,"href":"https:\/\/www.tgdf.org.tr\/en\/wp-json\/wp\/v2\/comments?post=11929"}],"version-history":[{"count":3,"href":"https:\/\/www.tgdf.org.tr\/en\/wp-json\/wp\/v2\/pages\/11929\/revisions"}],"predecessor-version":[{"id":12006,"href":"https:\/\/www.tgdf.org.tr\/en\/wp-json\/wp\/v2\/pages\/11929\/revisions\/12006"}],"up":[{"embeddable":true,"href":"https:\/\/www.tgdf.org.tr\/en\/wp-json\/wp\/v2\/pages\/1074"}],"wp:attachment":[{"href":"https:\/\/www.tgdf.org.tr\/en\/wp-json\/wp\/v2\/media?parent=11929"}],"curies":[{"name":"wp","href":"https:\/\/api.w.org\/{rel}","templated":true}]}}