{"id":11902,"date":"2024-11-29T13:24:41","date_gmt":"2024-11-29T10:24:41","guid":{"rendered":"https:\/\/www.tgdf.org.tr\/?page_id=11902"},"modified":"2024-12-07T12:09:21","modified_gmt":"2024-12-07T09:09:21","slug":"ali-basman","status":"publish","type":"page","link":"https:\/\/www.tgdf.org.tr\/en\/about-us\/board-of-directors\/ali-basman\/","title":{"rendered":"Ali Ba\u015fman"},"content":{"rendered":"<div class=\"wpb-content-wrapper\"><p>[vc_row][vc_column width=\"1\/4\"][vc_single_image image=\"11904\" img_size=\"full\" alignment=\"center\" css=\"\"][\/vc_column][vc_column width=\"3\/4\"][vc_column_text css=\"\"]After graduating in 1979 from Saint Joseph French High School, he graduated from Istanbul University, Faculty of Economics, Department of Finance in 1985. Between 1985 and 1987<\/p>\n<p>He established the Istanbul Sales Distribution Marketing Organization at Kavaklidere \u015earaplar\u0131 A.\u015e. He worked in the Purchasing and Finance Management of Kavakl\u0131dere \u015earaplar\u0131 A.\u015e. between 19881990 and 1992 as Managing Director.<\/p>\n<p>In 2016, he became the Chairman of the Board of Directors of Kavakl\u0131dere \u015earaplar\u0131 A.\u015e.<\/p>\n<p>Ali N. Basman;<\/p>\n<p>President of the Wine Producers Association<br \/>\nVice Chairman of the Board of Directors of Istanbul Exporters' Associations<br \/>\nVice Chairman of the Board of Directors of the Association of Fresh Fruit and Vegetable Exporters<\/p>\n<p>Member of the Board of Directors of the Turkish-French Trade Association, he was presented with the Order of the Knight of Agricultural Merit as an honorary award from the French State.[\/vc_column_text][\/vc_column][\/vc_row]<\/p>\n<\/div>","protected":false},"excerpt":{"rendered":"<p>[vc_row][vc_column width=&#8221;1\/4&#8243;][vc_single_image image=&#8221;11904&#8243; img_size=&#8221;full&#8221; alignment=&#8221;center&#8221; css=&#8221;&#8221;][\/vc_column][vc_column width=&#8221;3\/4&#8243;][vc_column_text css=&#8221;&#8221;]After graduating in 1979 from Saint Joseph French High School, he graduated from Istanbul University, Faculty of Economics, Department of Finance in 1985. Between 1985 and 1987 He established the Istanbul Sales Distribution Marketing Organization at Kavaklidere \u015earaplar\u0131 A.\u015e. He worked in the Purchasing and Finance Management of [&hellip;]<\/p>\n","protected":false},"author":1440,"featured_media":0,"parent":11995,"menu_order":0,"comment_status":"closed","ping_status":"closed","template":"","meta":{"footnotes":""},"class_list":["post-11902","page","type-page","status-publish","hentry"],"_links":{"self":[{"href":"https:\/\/www.tgdf.org.tr\/en\/wp-json\/wp\/v2\/pages\/11902","targetHints":{"allow":["GET"]}}],"collection":[{"href":"https:\/\/www.tgdf.org.tr\/en\/wp-json\/wp\/v2\/pages"}],"about":[{"href":"https:\/\/www.tgdf.org.tr\/en\/wp-json\/wp\/v2\/types\/page"}],"author":[{"embeddable":true,"href":"https:\/\/www.tgdf.org.tr\/en\/wp-json\/wp\/v2\/users\/1440"}],"replies":[{"embeddable":true,"href":"https:\/\/www.tgdf.org.tr\/en\/wp-json\/wp\/v2\/comments?post=11902"}],"version-history":[{"count":2,"href":"https:\/\/www.tgdf.org.tr\/en\/wp-json\/wp\/v2\/pages\/11902\/revisions"}],"predecessor-version":[{"id":12034,"href":"https:\/\/www.tgdf.org.tr\/en\/wp-json\/wp\/v2\/pages\/11902\/revisions\/12034"}],"up":[{"embeddable":true,"href":"https:\/\/www.tgdf.org.tr\/en\/wp-json\/wp\/v2\/pages\/11995"}],"wp:attachment":[{"href":"https:\/\/www.tgdf.org.tr\/en\/wp-json\/wp\/v2\/media?parent=11902"}],"curies":[{"name":"wp","href":"https:\/\/api.w.org\/{rel}","templated":true}]}}