{"id":11898,"date":"2024-11-29T13:23:44","date_gmt":"2024-11-29T10:23:44","guid":{"rendered":"https:\/\/www.tgdf.org.tr\/?page_id=11898"},"modified":"2024-12-07T11:54:32","modified_gmt":"2024-12-07T08:54:32","slug":"mehmet-omer-kizil","status":"publish","type":"page","link":"https:\/\/www.tgdf.org.tr\/en\/about-us\/board-of-directors\/mehmet-omer-kizil\/","title":{"rendered":"Mehmet \u00d6mer K\u0131z\u0131l"},"content":{"rendered":"<div class=\"wpb-content-wrapper\"><p>[vc_row][vc_column width=\"1\/4\"][vc_single_image image=\"11900\" img_size=\"full\" alignment=\"center\" css=\"\"][\/vc_column][vc_column width=\"3\/4\"][vc_column_text css=\"\"]Vice Chairman of the Board of Directors \/ CSMO - Executive Vice President of Sales and Marketing<\/p>\n<p>Since 1989, \u00d6mer K\u0131z\u0131l has been working at Uluda\u011f Beverage and graduated from Uluda\u011f University, Faculty of Business Administration and Economic Sciences, Department of Economics in 1996.<\/p>\n<p>\u00d6mer K\u0131z\u0131l started his professional career at a young age and gained experience in different departments of the company from 1989 to 1995. Between 1995 and 2001, he worked as the Advertising and Public Relations Manager, and between 2001 and 2010, as the Assistant General Manager of Sales and Marketing. In 2010, Mr. K\u0131z\u0131l was promoted to the position of Executive Vice President in charge of Sales and has been serving as Executive Vice President in charge of Sales and Marketing since 2019. In addition, he has been the Vice Chairman of the Board of Directors at Uluda\u011f Beverage since 2016.<\/p>\n<p>\u00d6mer K\u0131z\u0131l successfully completed the Turquality branding program conducted by the Ministry of Economy in 2007 in partnership with Sabanc\u0131 and Ko\u00e7 Universities.<\/p>\n<p>Mr. K\u0131z\u0131l is the President of the Turkish Mineral Water Producers Association (MASUDER), Chairman of the B\u0130RCAM Foundation and Vice President of the Bursa Philharmonic Association,<\/p>\n<p>He is a Founding Member of Bursaspor Basketball Association and a Member of Bursaspor General Assembly, a Member of MEDER, a Member of MEYED, a Member of Bursa Industrialists and Businessmen Association (BUS\u0130AD) and a Member of BURSA SKAL.<\/p>\n<p>\u00d6mer K\u0131z\u0131l is married and has two children.[\/vc_column_text][\/vc_column][\/vc_row]<\/p>\n<\/div>","protected":false},"excerpt":{"rendered":"<p>[vc_row][vc_column width=&#8221;1\/4&#8243;][vc_single_image image=&#8221;11900&#8243; img_size=&#8221;full&#8221; alignment=&#8221;center&#8221; css=&#8221;&#8221;][\/vc_column][vc_column width=&#8221;3\/4&#8243;][vc_column_text css=&#8221;&#8221;]Vice Chairman of the Board of Directors \/ CSMO &#8211; Executive Vice President of Sales and Marketing Since 1989, \u00d6mer K\u0131z\u0131l has been working at Uluda\u011f Beverage and graduated from Uluda\u011f University, Faculty of Business Administration and Economic Sciences, Department of Economics in 1996. \u00d6mer K\u0131z\u0131l started his [&hellip;]<\/p>\n","protected":false},"author":1440,"featured_media":0,"parent":11995,"menu_order":0,"comment_status":"closed","ping_status":"closed","template":"","meta":{"footnotes":""},"class_list":["post-11898","page","type-page","status-publish","hentry"],"_links":{"self":[{"href":"https:\/\/www.tgdf.org.tr\/en\/wp-json\/wp\/v2\/pages\/11898","targetHints":{"allow":["GET"]}}],"collection":[{"href":"https:\/\/www.tgdf.org.tr\/en\/wp-json\/wp\/v2\/pages"}],"about":[{"href":"https:\/\/www.tgdf.org.tr\/en\/wp-json\/wp\/v2\/types\/page"}],"author":[{"embeddable":true,"href":"https:\/\/www.tgdf.org.tr\/en\/wp-json\/wp\/v2\/users\/1440"}],"replies":[{"embeddable":true,"href":"https:\/\/www.tgdf.org.tr\/en\/wp-json\/wp\/v2\/comments?post=11898"}],"version-history":[{"count":1,"href":"https:\/\/www.tgdf.org.tr\/en\/wp-json\/wp\/v2\/pages\/11898\/revisions"}],"predecessor-version":[{"id":12015,"href":"https:\/\/www.tgdf.org.tr\/en\/wp-json\/wp\/v2\/pages\/11898\/revisions\/12015"}],"up":[{"embeddable":true,"href":"https:\/\/www.tgdf.org.tr\/en\/wp-json\/wp\/v2\/pages\/11995"}],"wp:attachment":[{"href":"https:\/\/www.tgdf.org.tr\/en\/wp-json\/wp\/v2\/media?parent=11898"}],"curies":[{"name":"wp","href":"https:\/\/api.w.org\/{rel}","templated":true}]}}