{"id":11886,"date":"2024-11-29T13:19:54","date_gmt":"2024-11-29T10:19:54","guid":{"rendered":"https:\/\/www.tgdf.org.tr\/?page_id=11886"},"modified":"2024-12-07T11:56:30","modified_gmt":"2024-12-07T08:56:30","slug":"r-murat-tarakcioglu","status":"publish","type":"page","link":"https:\/\/www.tgdf.org.tr\/en\/about-us\/board-of-directors\/r-murat-tarakcioglu\/","title":{"rendered":"R. Murat Tarak\u00e7\u0131o\u011flu"},"content":{"rendered":"<div class=\"wpb-content-wrapper\"><p>[vc_row][vc_column width=\"1\/4\"][vc_single_image image=\"11888\" img_size=\"full\" alignment=\"center\" css=\"\"][\/vc_column][vc_column width=\"3\/4\"][vc_column_text css=\"\"]Murat Tarak\u00e7\u0131o\u011flu is the Chairman of the Board of Directors of Cargill Foods Middle East, Turkey &amp; Africa.<\/p>\n<p>Joining Cargill in 1996 in the finance department, Mr. Tarak\u00e7\u0131o\u011flu became the Financial Affairs Leader of the Corn Processing Unit in 2001 and Commercial Director in 2004. In 2005, Mr. Tarak\u00e7\u0131o\u011flu was appointed General Manager of Cargill Turkey and in 2008, he assumed responsibility for business development in North Africa and the Middle East. In line with the regional success achieved in a short period of time, Cargill Turkey organization was restructured as Cargill G\u0131da Middle East, Turkey and North Africa in 2014 and became the management center of the entire region. Murat Tarak\u00e7\u0131o\u011flu is the chairman of the board of directors of the Cargill Foods Middle East, Turkey and Africa organization, which has expanded to include South Africa as of 2018.<\/p>\n<p>He is also on the board of directors of the MEFSCO joint venture, a starch and sweeteners joint venture in Saudi Arabia.<\/p>\n<p>Murat Tarak\u00e7\u0131o\u011flu started his career as an auditor at Ernst &amp; Young and holds a degree in Business Administration from Bo\u011fazi\u00e7i University.[\/vc_column_text][\/vc_column][\/vc_row]<\/p>\n<\/div>","protected":false},"excerpt":{"rendered":"<p>[vc_row][vc_column width=&#8221;1\/4&#8243;][vc_single_image image=&#8221;11888&#8243; img_size=&#8221;full&#8221; alignment=&#8221;center&#8221; css=&#8221;&#8221;][\/vc_column][vc_column width=&#8221;3\/4&#8243;][vc_column_text css=&#8221;&#8221;]Murat Tarak\u00e7\u0131o\u011flu is the Chairman of the Board of Directors of Cargill Foods Middle East, Turkey &amp; Africa. Joining Cargill in 1996 in the finance department, Mr. Tarak\u00e7\u0131o\u011flu became the Financial Affairs Leader of the Corn Processing Unit in 2001 and Commercial Director in 2004. In 2005, Mr. [&hellip;]<\/p>\n","protected":false},"author":1440,"featured_media":0,"parent":11995,"menu_order":0,"comment_status":"closed","ping_status":"closed","template":"","meta":{"footnotes":""},"class_list":["post-11886","page","type-page","status-publish","hentry"],"_links":{"self":[{"href":"https:\/\/www.tgdf.org.tr\/en\/wp-json\/wp\/v2\/pages\/11886","targetHints":{"allow":["GET"]}}],"collection":[{"href":"https:\/\/www.tgdf.org.tr\/en\/wp-json\/wp\/v2\/pages"}],"about":[{"href":"https:\/\/www.tgdf.org.tr\/en\/wp-json\/wp\/v2\/types\/page"}],"author":[{"embeddable":true,"href":"https:\/\/www.tgdf.org.tr\/en\/wp-json\/wp\/v2\/users\/1440"}],"replies":[{"embeddable":true,"href":"https:\/\/www.tgdf.org.tr\/en\/wp-json\/wp\/v2\/comments?post=11886"}],"version-history":[{"count":1,"href":"https:\/\/www.tgdf.org.tr\/en\/wp-json\/wp\/v2\/pages\/11886\/revisions"}],"predecessor-version":[{"id":12018,"href":"https:\/\/www.tgdf.org.tr\/en\/wp-json\/wp\/v2\/pages\/11886\/revisions\/12018"}],"up":[{"embeddable":true,"href":"https:\/\/www.tgdf.org.tr\/en\/wp-json\/wp\/v2\/pages\/11995"}],"wp:attachment":[{"href":"https:\/\/www.tgdf.org.tr\/en\/wp-json\/wp\/v2\/media?parent=11886"}],"curies":[{"name":"wp","href":"https:\/\/api.w.org\/{rel}","templated":true}]}}