{"id":11882,"date":"2024-11-29T13:18:10","date_gmt":"2024-11-29T10:18:10","guid":{"rendered":"https:\/\/www.tgdf.org.tr\/?page_id=11882"},"modified":"2024-12-07T11:58:37","modified_gmt":"2024-12-07T08:58:37","slug":"suleyman-ferruh-guclu","status":"publish","type":"page","link":"https:\/\/www.tgdf.org.tr\/en\/about-us\/board-of-directors\/suleyman-ferruh-guclu\/","title":{"rendered":"S\u00fcleyman Ferruh G\u00fc\u00e7l\u00fc"},"content":{"rendered":"<div class=\"wpb-content-wrapper\"><p>[vc_row][vc_column width=\"1\/4\"][vc_single_image image=\"11884\" img_size=\"full\" alignment=\"center\" css=\"\"][\/vc_column][vc_column width=\"3\/4\"][vc_column_text css=\"\"]S\u00fcleyman G\u00fc\u00e7l\u00fc, who has 27 years of experience in different food categories, has been the General Manager of Carl K\u00fchne Turkey since 2014. Previously, he held the positions of General Manager at Dorpa Bakery Solutions within Doruk Holding, Founder and General Manager at DMS (Doruk Marketing Services) and Commercial Director at SANSET G\u0131da.<\/p>\n<p>Earlier in his career, he gained international experience as Marketing Manager at Nestl\u00e9 Turkey and Strategic Marketing Consultant at Nestl\u00e9 Switzerland Headquarters. Mr. G\u00fc\u00e7l\u00fc is fluent in German and English and has basic fluency in French and Italian.[\/vc_column_text][\/vc_column][\/vc_row]<\/p>\n<\/div>","protected":false},"excerpt":{"rendered":"<p>[vc_row][vc_column width=&#8221;1\/4&#8243;][vc_single_image image=&#8221;11884&#8243; img_size=&#8221;full&#8221; alignment=&#8221;center&#8221; css=&#8221;&#8221;][\/vc_column][vc_column width=&#8221;3\/4&#8243;][vc_column_text css=&#8221;&#8221;]S\u00fcleyman G\u00fc\u00e7l\u00fc, who has 27 years of experience in different food categories, has been the General Manager of Carl K\u00fchne Turkey since 2014. Previously, he held the positions of General Manager at Dorpa Bakery Solutions within Doruk Holding, Founder and General Manager at DMS (Doruk Marketing Services) and [&hellip;]<\/p>\n","protected":false},"author":1440,"featured_media":0,"parent":11995,"menu_order":0,"comment_status":"closed","ping_status":"closed","template":"","meta":{"footnotes":""},"class_list":["post-11882","page","type-page","status-publish","hentry"],"_links":{"self":[{"href":"https:\/\/www.tgdf.org.tr\/en\/wp-json\/wp\/v2\/pages\/11882","targetHints":{"allow":["GET"]}}],"collection":[{"href":"https:\/\/www.tgdf.org.tr\/en\/wp-json\/wp\/v2\/pages"}],"about":[{"href":"https:\/\/www.tgdf.org.tr\/en\/wp-json\/wp\/v2\/types\/page"}],"author":[{"embeddable":true,"href":"https:\/\/www.tgdf.org.tr\/en\/wp-json\/wp\/v2\/users\/1440"}],"replies":[{"embeddable":true,"href":"https:\/\/www.tgdf.org.tr\/en\/wp-json\/wp\/v2\/comments?post=11882"}],"version-history":[{"count":1,"href":"https:\/\/www.tgdf.org.tr\/en\/wp-json\/wp\/v2\/pages\/11882\/revisions"}],"predecessor-version":[{"id":12021,"href":"https:\/\/www.tgdf.org.tr\/en\/wp-json\/wp\/v2\/pages\/11882\/revisions\/12021"}],"up":[{"embeddable":true,"href":"https:\/\/www.tgdf.org.tr\/en\/wp-json\/wp\/v2\/pages\/11995"}],"wp:attachment":[{"href":"https:\/\/www.tgdf.org.tr\/en\/wp-json\/wp\/v2\/media?parent=11882"}],"curies":[{"name":"wp","href":"https:\/\/api.w.org\/{rel}","templated":true}]}}