{"id":11877,"date":"2024-11-29T13:13:49","date_gmt":"2024-11-29T10:13:49","guid":{"rendered":"https:\/\/www.tgdf.org.tr\/?page_id=11877"},"modified":"2024-12-07T11:59:53","modified_gmt":"2024-12-07T08:59:53","slug":"ozen-altiparmak","status":"publish","type":"page","link":"https:\/\/www.tgdf.org.tr\/en\/about-us\/board-of-directors\/ozen-altiparmak\/","title":{"rendered":"\u00d6zen Alt\u0131parmak"},"content":{"rendered":"<div class=\"wpb-content-wrapper\"><p>[vc_row][vc_column width=\"1\/4\"][vc_single_image image=\"11879\" img_size=\"full\" alignment=\"center\" css=\"\"][\/vc_column][vc_column width=\"3\/4\"][vc_column_text css=\"\"]\u00d6zen Alt\u0131parmak graduated from TED Ankara College in 1971 and from METU Faculty of Administrative Sciences, Department of Business Administration in 1978.<\/p>\n<p>Between 1978 and 1980, he worked in the production planning, sales and marketing departments of various companies.<\/p>\n<p>In 1980, he founded the family company Alt\u0131parmak Pazarlama Kollektif \u015eirketi. The company, which was operating in the field of spice sales and distribution during the establishment phase, was later included in the honey packaging and sales category.<\/p>\n<p>Introduced to the market under the Alt\u0131parmak umbrella, Balparmak became Turkey's best-selling honey brand in 1989, and Alt\u0131parmak G\u0131da maintains the market leadership it achieved in 1991 to this day.<\/p>\n<p>\u00d6zen Alt\u0131parmak is the Chairman of the Board of Directors of Alt\u0131parmak G\u0131da Sanayi ve Ticaret A.\u015e. He is also the Chairman of the Board of Directors of the \u201cBee Products and Healthy Living Platform Association\u201d (BAL-DER for short), which was established in 2006 and has 27 active members in the relevant category.[\/vc_column_text][\/vc_column][\/vc_row]<\/p>\n<\/div>","protected":false},"excerpt":{"rendered":"<p>[vc_row][vc_column width=&#8221;1\/4&#8243;][vc_single_image image=&#8221;11879&#8243; img_size=&#8221;full&#8221; alignment=&#8221;center&#8221; css=&#8221;&#8221;][\/vc_column][vc_column width=&#8221;3\/4&#8243;][vc_column_text css=&#8221;&#8221;]\u00d6zen Alt\u0131parmak graduated from TED Ankara College in 1971 and from METU Faculty of Administrative Sciences, Department of Business Administration in 1978. Between 1978 and 1980, he worked in the production planning, sales and marketing departments of various companies. In 1980, he founded the family company Alt\u0131parmak Pazarlama [&hellip;]<\/p>\n","protected":false},"author":1440,"featured_media":0,"parent":11995,"menu_order":0,"comment_status":"closed","ping_status":"closed","template":"","meta":{"footnotes":""},"class_list":["post-11877","page","type-page","status-publish","hentry"],"_links":{"self":[{"href":"https:\/\/www.tgdf.org.tr\/en\/wp-json\/wp\/v2\/pages\/11877","targetHints":{"allow":["GET"]}}],"collection":[{"href":"https:\/\/www.tgdf.org.tr\/en\/wp-json\/wp\/v2\/pages"}],"about":[{"href":"https:\/\/www.tgdf.org.tr\/en\/wp-json\/wp\/v2\/types\/page"}],"author":[{"embeddable":true,"href":"https:\/\/www.tgdf.org.tr\/en\/wp-json\/wp\/v2\/users\/1440"}],"replies":[{"embeddable":true,"href":"https:\/\/www.tgdf.org.tr\/en\/wp-json\/wp\/v2\/comments?post=11877"}],"version-history":[{"count":1,"href":"https:\/\/www.tgdf.org.tr\/en\/wp-json\/wp\/v2\/pages\/11877\/revisions"}],"predecessor-version":[{"id":12023,"href":"https:\/\/www.tgdf.org.tr\/en\/wp-json\/wp\/v2\/pages\/11877\/revisions\/12023"}],"up":[{"embeddable":true,"href":"https:\/\/www.tgdf.org.tr\/en\/wp-json\/wp\/v2\/pages\/11995"}],"wp:attachment":[{"href":"https:\/\/www.tgdf.org.tr\/en\/wp-json\/wp\/v2\/media?parent=11877"}],"curies":[{"name":"wp","href":"https:\/\/api.w.org\/{rel}","templated":true}]}}