{"id":11869,"date":"2024-11-29T13:11:27","date_gmt":"2024-11-29T10:11:27","guid":{"rendered":"https:\/\/www.tgdf.org.tr\/?page_id=11869"},"modified":"2024-12-07T12:01:08","modified_gmt":"2024-12-07T09:01:08","slug":"metin-akman","status":"publish","type":"page","link":"https:\/\/www.tgdf.org.tr\/en\/about-us\/board-of-directors\/metin-akman\/","title":{"rendered":"Metin Akman"},"content":{"rendered":"<div class=\"wpb-content-wrapper\"><p>[vc_row][vc_column width=\"1\/4\"][vc_single_image image=\"11871\" img_size=\"full\" alignment=\"center\" css=\"\"][\/vc_column][vc_column width=\"3\/4\"][vc_column_text css=\"\"]Born in Ankara, Metin Akman received his bachelor's degree in Business Administration from METU Faculty of Economics and Administrative Sciences and his master's degree in International Economic Law from Bilkent University Faculty of Law.<\/p>\n<p>Mr. Akman started his professional career at Unilever and then continued his career as an entrepreneur. Mr. Akman served as the Chairman of the Board of Directors at Nutreco - Trouw Nutrition Turkey and currently serves as the Chairman of the Board of Directors at Anako Yumurta \u00dcr\u00fcnleri, At\u0131ken A\u015e and Yuniko A\u015e, a joint venture with Schaffelaarbos based in the Netherlands. He is also a member of the Board of Trustees of Ya\u015far University and an Independent Board Member of P\u0131nar S\u00fct and Viking Ka\u011f\u0131t.<\/p>\n<p>He is a Board Member of TGDF, Y\u00dcSAD Egg Products and Producers Association and Chairman of OECD BIAC Food &amp; Agriculture Committee.[\/vc_column_text][\/vc_column][\/vc_row]<\/p>\n<\/div>","protected":false},"excerpt":{"rendered":"<p>[vc_row][vc_column width=&#8221;1\/4&#8243;][vc_single_image image=&#8221;11871&#8243; img_size=&#8221;full&#8221; alignment=&#8221;center&#8221; css=&#8221;&#8221;][\/vc_column][vc_column width=&#8221;3\/4&#8243;][vc_column_text css=&#8221;&#8221;]Born in Ankara, Metin Akman received his bachelor&#8217;s degree in Business Administration from METU Faculty of Economics and Administrative Sciences and his master&#8217;s degree in International Economic Law from Bilkent University Faculty of Law. Mr. Akman started his professional career at Unilever and then continued his career as [&hellip;]<\/p>\n","protected":false},"author":1440,"featured_media":0,"parent":11995,"menu_order":0,"comment_status":"closed","ping_status":"closed","template":"","meta":{"footnotes":""},"class_list":["post-11869","page","type-page","status-publish","hentry"],"_links":{"self":[{"href":"https:\/\/www.tgdf.org.tr\/en\/wp-json\/wp\/v2\/pages\/11869","targetHints":{"allow":["GET"]}}],"collection":[{"href":"https:\/\/www.tgdf.org.tr\/en\/wp-json\/wp\/v2\/pages"}],"about":[{"href":"https:\/\/www.tgdf.org.tr\/en\/wp-json\/wp\/v2\/types\/page"}],"author":[{"embeddable":true,"href":"https:\/\/www.tgdf.org.tr\/en\/wp-json\/wp\/v2\/users\/1440"}],"replies":[{"embeddable":true,"href":"https:\/\/www.tgdf.org.tr\/en\/wp-json\/wp\/v2\/comments?post=11869"}],"version-history":[{"count":1,"href":"https:\/\/www.tgdf.org.tr\/en\/wp-json\/wp\/v2\/pages\/11869\/revisions"}],"predecessor-version":[{"id":12025,"href":"https:\/\/www.tgdf.org.tr\/en\/wp-json\/wp\/v2\/pages\/11869\/revisions\/12025"}],"up":[{"embeddable":true,"href":"https:\/\/www.tgdf.org.tr\/en\/wp-json\/wp\/v2\/pages\/11995"}],"wp:attachment":[{"href":"https:\/\/www.tgdf.org.tr\/en\/wp-json\/wp\/v2\/media?parent=11869"}],"curies":[{"name":"wp","href":"https:\/\/api.w.org\/{rel}","templated":true}]}}