{"id":11865,"date":"2024-11-29T13:08:59","date_gmt":"2024-11-29T10:08:59","guid":{"rendered":"https:\/\/www.tgdf.org.tr\/?page_id=11865"},"modified":"2024-12-07T12:01:48","modified_gmt":"2024-12-07T09:01:48","slug":"melih-sahinoz","status":"publish","type":"page","link":"https:\/\/www.tgdf.org.tr\/en\/about-us\/board-of-directors\/melih-sahinoz\/","title":{"rendered":"Melih \u015eahin\u00f6z"},"content":{"rendered":"<div class=\"wpb-content-wrapper\"><p>[vc_row][vc_column width=\"1\/4\"][vc_single_image image=\"11867\" img_size=\"full\" alignment=\"center\" css=\"\"][\/vc_column][vc_column width=\"3\/4\"][vc_column_text css=\"\"]<\/p>\n<div>\n<p>BIOGRAPHY<\/p>\n<p>Melih \u015eahin\u00f6z, who started his business life in the family company G\u00fcney Pazar\u0131, has been instrumental in many firsts in the development of the out-of-home consumption sector in Turkey throughout his career.<\/p>\n<p>Melih \u015eahin\u00f6z, who gives utmost importance to civil society activities as well as his professional business life, is one of the founders of the Association of Out-of-Home Consumption Suppliers (ET\u00dcDER) in order to bring together the sector players and produce value for the country, and is the Chairman of the Board of Directors of the Association.<\/p>\n<p>EXPERIENCE<\/p>\n<p>Melih \u015eahin\u00f6z, who started his career in 1986 at g2m, where he is the founder and still a minority partner, has established many companies in the food, agriculture and logistics verticals. Since 2008, he has acquired controlling stakes in more than 10 companies in the agriculture and food sector, some of which have reached a size of 300 million euros, some with international private funds, and has led the growth and 100% sale of these companies. \u015eahin\u00f6z is still continuing its investments.<\/p>\n<p>He has invested in various companies including fruit and vegetable production, sales, distribution, marketing and packaging, production of fresh-cut ready-to-eat vegetables and salads, sauce production, micro-distribution companies.<\/p>\n<p>Melih \u015eahin\u00f6z is also an active investor in start-up ecosystems in Europe, Middle East, North America and Asia. Melih \u015eahin\u00f6z, who has already invested in more than 30 technology startups, invests primarily in food technologies, agricultural technologies, industrial internet of things and logistics technologies verticals.<\/p>\n<p>In addition, he is also an investor and partner in a corporate venture capital service platform and organizes investment and innovation programs with holdings in Turkey and abroad.<\/p>\n<\/div>\n<div><\/div>\n<p>[\/vc_column_text][\/vc_column][\/vc_row]<\/p>\n<\/div>","protected":false},"excerpt":{"rendered":"<p>[vc_row][vc_column width=&#8221;1\/4&#8243;][vc_single_image image=&#8221;11867&#8243; img_size=&#8221;full&#8221; alignment=&#8221;center&#8221; css=&#8221;&#8221;][\/vc_column][vc_column width=&#8221;3\/4&#8243;][vc_column_text css=&#8221;&#8221;] BIOGRAPHY Melih \u015eahin\u00f6z, who started his business life in the family company G\u00fcney Pazar\u0131, has been instrumental in many firsts in the development of the out-of-home consumption sector in Turkey throughout his career. Melih \u015eahin\u00f6z, who gives utmost importance to civil society activities as well as his [&hellip;]<\/p>\n","protected":false},"author":1440,"featured_media":0,"parent":11995,"menu_order":0,"comment_status":"closed","ping_status":"closed","template":"","meta":{"footnotes":""},"class_list":["post-11865","page","type-page","status-publish","hentry"],"_links":{"self":[{"href":"https:\/\/www.tgdf.org.tr\/en\/wp-json\/wp\/v2\/pages\/11865","targetHints":{"allow":["GET"]}}],"collection":[{"href":"https:\/\/www.tgdf.org.tr\/en\/wp-json\/wp\/v2\/pages"}],"about":[{"href":"https:\/\/www.tgdf.org.tr\/en\/wp-json\/wp\/v2\/types\/page"}],"author":[{"embeddable":true,"href":"https:\/\/www.tgdf.org.tr\/en\/wp-json\/wp\/v2\/users\/1440"}],"replies":[{"embeddable":true,"href":"https:\/\/www.tgdf.org.tr\/en\/wp-json\/wp\/v2\/comments?post=11865"}],"version-history":[{"count":1,"href":"https:\/\/www.tgdf.org.tr\/en\/wp-json\/wp\/v2\/pages\/11865\/revisions"}],"predecessor-version":[{"id":12026,"href":"https:\/\/www.tgdf.org.tr\/en\/wp-json\/wp\/v2\/pages\/11865\/revisions\/12026"}],"up":[{"embeddable":true,"href":"https:\/\/www.tgdf.org.tr\/en\/wp-json\/wp\/v2\/pages\/11995"}],"wp:attachment":[{"href":"https:\/\/www.tgdf.org.tr\/en\/wp-json\/wp\/v2\/media?parent=11865"}],"curies":[{"name":"wp","href":"https:\/\/api.w.org\/{rel}","templated":true}]}}