{"id":11851,"date":"2024-11-29T13:04:19","date_gmt":"2024-11-29T10:04:19","guid":{"rendered":"https:\/\/www.tgdf.org.tr\/?page_id=11851"},"modified":"2024-12-07T12:04:19","modified_gmt":"2024-12-07T09:04:19","slug":"esra-iren","status":"publish","type":"page","link":"https:\/\/www.tgdf.org.tr\/en\/about-us\/board-of-directors\/esra-iren\/","title":{"rendered":"Esra \u0130ren"},"content":{"rendered":"<div class=\"wpb-content-wrapper\"><p>[vc_row][vc_column width=\"1\/4\"][vc_single_image image=\"11853\" img_size=\"full\" alignment=\"center\" css=\"\"][\/vc_column][vc_column width=\"3\/4\"][vc_column_text css=\"\"]PepsiCo Turkey Corporate Affairs and Sustainability Senior Director, Executive Committee Member<\/p>\n<p>In 1993, he graduated from Istanbul Faculty of Law and received his master's degree from Dokuz Eyl\u00fcl University Institute of Social Sciences. He worked as a lawyer at Postac\u0131o\u011flu Law Office, as a legal consultant at Gide Loyrette Nouel Law Office and then as Legal Counselor at Philip Morris SA, Philip Morris Sabanc\u0131 Pazarlama ve Sat\u0131\u015f A.\u015e. In 2008, he was appointed Director of Legal and Corporate Affairs at PepsiCo Food. Between 2017 and 2021, he served as Senior Director of Corporate Affairs for PepsiCo Turkey and Greater Balkans Region. He is a member of the Executive Board of the Company. He is the Chairman of the Board of Directors of MEDER - Soft Drinks Association under the umbrella of the Federation of Food and Beverage Associations of Turkey, Board Member of \u00c7EVKO Environmental Protection and Packaging Waste Recovery and Recycling Foundation, Chairman of YASED Food and Agriculture Working Group and Vice Chairman of the Board of Directors of Corporate Affairs Institute. He is also a Mediator registered with the Ministry of Justice.[\/vc_column_text][\/vc_column][\/vc_row]<\/p>\n<\/div>","protected":false},"excerpt":{"rendered":"<p>[vc_row][vc_column width=&#8221;1\/4&#8243;][vc_single_image image=&#8221;11853&#8243; img_size=&#8221;full&#8221; alignment=&#8221;center&#8221; css=&#8221;&#8221;][\/vc_column][vc_column width=&#8221;3\/4&#8243;][vc_column_text css=&#8221;&#8221;]PepsiCo Turkey Corporate Affairs and Sustainability Senior Director, Executive Committee Member In 1993, he graduated from Istanbul Faculty of Law and received his master&#8217;s degree from Dokuz Eyl\u00fcl University Institute of Social Sciences. He worked as a lawyer at Postac\u0131o\u011flu Law Office, as a legal consultant at Gide [&hellip;]<\/p>\n","protected":false},"author":1440,"featured_media":0,"parent":11995,"menu_order":0,"comment_status":"closed","ping_status":"closed","template":"","meta":{"footnotes":""},"class_list":["post-11851","page","type-page","status-publish","hentry"],"_links":{"self":[{"href":"https:\/\/www.tgdf.org.tr\/en\/wp-json\/wp\/v2\/pages\/11851","targetHints":{"allow":["GET"]}}],"collection":[{"href":"https:\/\/www.tgdf.org.tr\/en\/wp-json\/wp\/v2\/pages"}],"about":[{"href":"https:\/\/www.tgdf.org.tr\/en\/wp-json\/wp\/v2\/types\/page"}],"author":[{"embeddable":true,"href":"https:\/\/www.tgdf.org.tr\/en\/wp-json\/wp\/v2\/users\/1440"}],"replies":[{"embeddable":true,"href":"https:\/\/www.tgdf.org.tr\/en\/wp-json\/wp\/v2\/comments?post=11851"}],"version-history":[{"count":1,"href":"https:\/\/www.tgdf.org.tr\/en\/wp-json\/wp\/v2\/pages\/11851\/revisions"}],"predecessor-version":[{"id":12030,"href":"https:\/\/www.tgdf.org.tr\/en\/wp-json\/wp\/v2\/pages\/11851\/revisions\/12030"}],"up":[{"embeddable":true,"href":"https:\/\/www.tgdf.org.tr\/en\/wp-json\/wp\/v2\/pages\/11995"}],"wp:attachment":[{"href":"https:\/\/www.tgdf.org.tr\/en\/wp-json\/wp\/v2\/media?parent=11851"}],"curies":[{"name":"wp","href":"https:\/\/api.w.org\/{rel}","templated":true}]}}