{"id":11833,"date":"2024-11-29T12:17:15","date_gmt":"2024-11-29T09:17:15","guid":{"rendered":"https:\/\/www.tgdf.org.tr\/?page_id=11833"},"modified":"2024-12-07T11:59:16","modified_gmt":"2024-12-07T08:59:16","slug":"s-tarik-tezel","status":"publish","type":"page","link":"https:\/\/www.tgdf.org.tr\/en\/about-us\/board-of-directors\/s-tarik-tezel\/","title":{"rendered":"S. Tar\u0131k Tezel"},"content":{"rendered":"<div class=\"wpb-content-wrapper\"><p>[vc_row][vc_column width=\"1\/4\"][vc_single_image image=\"11835\" img_size=\"full\" alignment=\"center\" css=\"\"][\/vc_column][vc_column width=\"3\/4\"][vc_column_text css=\"\"]S. Tar\u0131k Tezel was born in Istanbul in 1961. He graduated from the Department of Interior Architecture at the State Academy of Fine Arts (Mimar Sinan University) in 1987 as a \u201cgraduate interior architect\u201d.<\/p>\n<p>After his graduation, S. Tar\u0131k Tezel worked abroad for a while and then managed his own architectural office between 1989 and 1994. In 1994, he assumed the position of Advertising and Public Relations Manager at S\u00dcTA\u015e.<\/p>\n<p>S. Tar\u0131k Tezel served as the Assistant General Manager of Purchasing and Logistics at S\u00dcTA\u015e between 1998 and 2007, as the Head of Supply Chain at S\u00dcTA\u015e between 2007 and 2012, and in 2011, he was appointed as the General Manager of Agricultural Activities Inc. In 2011, he was appointed as the General Manager of Agricultural Activities Inc. (TARFA\u015e) within the S\u00dcTA\u015e Group. Mr. Tezel currently serves as the Deputy Chairman of the Board of Directors of S\u00dcTA\u015e in addition to this position.<\/p>\n<p>S. Tar\u0131k Tezel became a member of the Union of Dairy, Meat, Food Industrialists and Producers of Turkey (SETB\u0130R) in 2002. Between 2002 and 2012, S. Tar\u0131k Tezel served as a member of SETB\u0130R Board of Directors and as Vice Chairman of SETB\u0130R Board of Directors from 2012 to 2016, and was elected as the Chairman of the Board of Directors at the SETB\u0130R General Assembly on March 28, 2016. Mr. Tezel held this position until 2021 and served on the TGDF Board of Directors between 2018 and 2021. In the last general assembly held in November 2024, Tezel was re-elected as a member of the TGDF board of directors.[\/vc_column_text][\/vc_column][\/vc_row]<\/p>\n<\/div>","protected":false},"excerpt":{"rendered":"<p>[vc_row][vc_column width=&#8221;1\/4&#8243;][vc_single_image image=&#8221;11835&#8243; img_size=&#8221;full&#8221; alignment=&#8221;center&#8221; css=&#8221;&#8221;][\/vc_column][vc_column width=&#8221;3\/4&#8243;][vc_column_text css=&#8221;&#8221;]S. Tar\u0131k Tezel was born in Istanbul in 1961. He graduated from the Department of Interior Architecture at the State Academy of Fine Arts (Mimar Sinan University) in 1987 as a \u201cgraduate interior architect\u201d. After his graduation, S. Tar\u0131k Tezel worked abroad for a while and then managed [&hellip;]<\/p>\n","protected":false},"author":1440,"featured_media":0,"parent":11995,"menu_order":0,"comment_status":"closed","ping_status":"closed","template":"","meta":{"footnotes":""},"class_list":["post-11833","page","type-page","status-publish","hentry"],"_links":{"self":[{"href":"https:\/\/www.tgdf.org.tr\/en\/wp-json\/wp\/v2\/pages\/11833","targetHints":{"allow":["GET"]}}],"collection":[{"href":"https:\/\/www.tgdf.org.tr\/en\/wp-json\/wp\/v2\/pages"}],"about":[{"href":"https:\/\/www.tgdf.org.tr\/en\/wp-json\/wp\/v2\/types\/page"}],"author":[{"embeddable":true,"href":"https:\/\/www.tgdf.org.tr\/en\/wp-json\/wp\/v2\/users\/1440"}],"replies":[{"embeddable":true,"href":"https:\/\/www.tgdf.org.tr\/en\/wp-json\/wp\/v2\/comments?post=11833"}],"version-history":[{"count":1,"href":"https:\/\/www.tgdf.org.tr\/en\/wp-json\/wp\/v2\/pages\/11833\/revisions"}],"predecessor-version":[{"id":12022,"href":"https:\/\/www.tgdf.org.tr\/en\/wp-json\/wp\/v2\/pages\/11833\/revisions\/12022"}],"up":[{"embeddable":true,"href":"https:\/\/www.tgdf.org.tr\/en\/wp-json\/wp\/v2\/pages\/11995"}],"wp:attachment":[{"href":"https:\/\/www.tgdf.org.tr\/en\/wp-json\/wp\/v2\/media?parent=11833"}],"curies":[{"name":"wp","href":"https:\/\/api.w.org\/{rel}","templated":true}]}}