{"id":11825,"date":"2024-11-29T12:12:18","date_gmt":"2024-11-29T09:12:18","guid":{"rendered":"https:\/\/www.tgdf.org.tr\/?page_id=11825"},"modified":"2024-12-07T11:57:18","modified_gmt":"2024-12-07T08:57:18","slug":"ali-sozen","status":"publish","type":"page","link":"https:\/\/www.tgdf.org.tr\/en\/about-us\/board-of-directors\/ali-sozen\/","title":{"rendered":"Ali S\u00f6zen"},"content":{"rendered":"<div class=\"wpb-content-wrapper\"><p>[vc_row][vc_column width=\"1\/4\"][vc_single_image image=\"11827\" img_size=\"full\" alignment=\"center\" css=\"\"][\/vc_column][vc_column width=\"3\/4\"][vc_column_text css=\"\"]Ak G\u0131da- \u0130\u00e7im S\u00fct CEO<\/p>\n<p>After completing his undergraduate studies at Istanbul Technical University, Faculty of Business Administration, Department of Management Engineering, he received a scholarship from the Ministry of National Education and completed his master's degree in finance at the University of Toledo in the United States.<\/p>\n<p>He started his career at MetLife in the USA. He then worked as Brand Manager at Kar G\u0131da and as Commercial Marketing Manager at Inchcape Retrans.<\/p>\n<p>Between 1995 and 2002, he worked at Coca-Cola \u0130\u00e7ecek as Key Account Manager and Asia Sales Center Manager, respectively. He then served as Vice President of Sales and Distribution at Ya\u015far Holding until 2007. Between 2007 and 2009, he worked as Regional Trade Director at Coca-Cola Nigeria. Afterwards, he joined Ya\u015far Holding and served as the president of the Food and Beverage Group until 2011.<\/p>\n<p>In 2011, he joined Y\u0131ld\u0131z Holding as Vice President of Food and Beverage Group.<\/p>\n<p>Since December 2013, he has been the CEO of Ak G\u0131da- \u0130\u00e7im S\u00fct, a subsidiary of Group Lactalis.[\/vc_column_text][\/vc_column][\/vc_row]<\/p>\n<\/div>","protected":false},"excerpt":{"rendered":"<p>[vc_row][vc_column width=&#8221;1\/4&#8243;][vc_single_image image=&#8221;11827&#8243; img_size=&#8221;full&#8221; alignment=&#8221;center&#8221; css=&#8221;&#8221;][\/vc_column][vc_column width=&#8221;3\/4&#8243;][vc_column_text css=&#8221;&#8221;]Ak G\u0131da- \u0130\u00e7im S\u00fct CEO After completing his undergraduate studies at Istanbul Technical University, Faculty of Business Administration, Department of Management Engineering, he received a scholarship from the Ministry of National Education and completed his master&#8217;s degree in finance at the University of Toledo in the United States. [&hellip;]<\/p>\n","protected":false},"author":1440,"featured_media":0,"parent":11995,"menu_order":0,"comment_status":"closed","ping_status":"closed","template":"","meta":{"footnotes":""},"class_list":["post-11825","page","type-page","status-publish","hentry"],"_links":{"self":[{"href":"https:\/\/www.tgdf.org.tr\/en\/wp-json\/wp\/v2\/pages\/11825","targetHints":{"allow":["GET"]}}],"collection":[{"href":"https:\/\/www.tgdf.org.tr\/en\/wp-json\/wp\/v2\/pages"}],"about":[{"href":"https:\/\/www.tgdf.org.tr\/en\/wp-json\/wp\/v2\/types\/page"}],"author":[{"embeddable":true,"href":"https:\/\/www.tgdf.org.tr\/en\/wp-json\/wp\/v2\/users\/1440"}],"replies":[{"embeddable":true,"href":"https:\/\/www.tgdf.org.tr\/en\/wp-json\/wp\/v2\/comments?post=11825"}],"version-history":[{"count":1,"href":"https:\/\/www.tgdf.org.tr\/en\/wp-json\/wp\/v2\/pages\/11825\/revisions"}],"predecessor-version":[{"id":12019,"href":"https:\/\/www.tgdf.org.tr\/en\/wp-json\/wp\/v2\/pages\/11825\/revisions\/12019"}],"up":[{"embeddable":true,"href":"https:\/\/www.tgdf.org.tr\/en\/wp-json\/wp\/v2\/pages\/11995"}],"wp:attachment":[{"href":"https:\/\/www.tgdf.org.tr\/en\/wp-json\/wp\/v2\/media?parent=11825"}],"curies":[{"name":"wp","href":"https:\/\/api.w.org\/{rel}","templated":true}]}}