{"id":874,"date":"2016-06-27T10:48:37","date_gmt":"2016-06-27T10:48:37","guid":{"rendered":"https:\/\/www.tgdf.org.tr\/chn\/yeni1\/?page_id=874"},"modified":"2022-06-30T14:15:39","modified_gmt":"2022-06-30T11:15:39","slug":"tmsd","status":"publish","type":"page","link":"https:\/\/www.tgdf.org.tr\/chn\/tmsd\/","title":{"rendered":"TMSD"},"content":{"rendered":"<div class=\"wpb-content-wrapper\"><p>[vc_row][vc_column width=\"1\/2\"][vc_text_separator title=\"TMSD \u2013 T\u00dcRK\u0130YE MAKARNA SANAY\u0130C\u0130LER\u0130 DERNE\u011e\u0130\" title_align=\"separator_align_left\" color=\"black\"][\/vc_column][vc_column width=\"1\/2\"][vc_text_separator title=\"\u0130LET\u0130\u015e\u0130M B\u0130LG\u0130LER\u0130\" title_align=\"separator_align_left\" color=\"black\"][\/vc_column][\/vc_row][vc_row][vc_column width=\"1\/2\"][\/vc_column][vc_column width=\"1\/2\"][vc_column_text]<\/p>\n<table width=\"498\">\n<tbody>\n<tr>\n<td><b>Ba\u015fkan:<\/b><\/td>\n<td><strong>M. Aykut G\u00f6ymen<\/strong><\/td>\n<\/tr>\n<tr>\n<td><b>Telefon:<\/b><\/td>\n<td>0312 441 55 47 Fax:\u00a00312 441 55 48<\/td>\n<\/tr>\n<tr>\n<td><b>E-mail:<\/b><\/td>\n<td><\/td>\n<\/tr>\n<tr>\n<td><b>Adres:<\/b><\/td>\n<td>Alternatif Plaza K\u0131z\u0131l\u0131rmak Mah.\u00a01446.Cad.No:12\/32 06510\u00a0\u00c7ukurambar\/\u00c7ankaya\/Ankara<\/td>\n<\/tr>\n<tr>\n<td><b>Genel Sekreter:<\/b><\/td>\n<td><strong>\u00a0Goncag\u00fcl \u00c7ELEB\u0130O\u011eLU<\/strong><\/td>\n<\/tr>\n<tr>\n<td><b>Telefon:<\/b><\/td>\n<td>0312 441 55 47 Fax:\u00a00312 441 55 48<\/td>\n<\/tr>\n<tr>\n<td><b>E-mail:<\/b><\/td>\n<td><\/td>\n<\/tr>\n<tr>\n<td><b>Adres:<\/b><\/td>\n<td>Alternatif Plaza K\u0131z\u0131l\u0131rmak Mah.\u00a01446.Cad.No:12\/32 06510\u00a0\u00c7ukurambar\/\u00c7ankaya\/Ankara<\/td>\n<\/tr>\n<tr>\n<td><b>Web Adresi:<\/b><\/td>\n<td><a href=\"http:\/\/www.makarna.org.tr\/\">http:\/\/www.makarna.org.tr<\/a><\/td>\n<\/tr>\n<\/tbody>\n<\/table>\n<p>[\/vc_column_text][\/vc_column][\/vc_row]<\/p>\n<\/div>","protected":false},"excerpt":{"rendered":"<p>[vc_row][vc_column width=&#8221;1\/2&#8243;][vc_text_separator title=&#8221;TMSD \u2013 T\u00dcRK\u0130YE MAKARNA SANAY\u0130C\u0130LER\u0130 DERNE\u011e\u0130&#8221; title_align=&#8221;separator_align_left&#8221; color=&#8221;black&#8221;][\/vc_column][vc_column width=&#8221;1\/2&#8243;][vc_text_separator title=&#8221;\u0130LET\u0130\u015e\u0130M B\u0130LG\u0130LER\u0130&#8221; title_align=&#8221;separator_align_left&#8221; color=&#8221;black&#8221;][\/vc_column][\/vc_row][vc_row][vc_column width=&#8221;1\/2&#8243;][\/vc_column][vc_column width=&#8221;1\/2&#8243;][vc_column_text] Ba\u015fkan: M. Aykut G\u00f6ymen Telefon: 0312 441 55 47 Fax:\u00a00312 441 55 48 E-mail: Adres: Alternatif Plaza K\u0131z\u0131l\u0131rmak Mah.\u00a01446.Cad.No:12\/32 06510\u00a0\u00c7ukurambar\/\u00c7ankaya\/Ankara Genel Sekreter: \u00a0Goncag\u00fcl \u00c7ELEB\u0130O\u011eLU Telefon: 0312 441 55 47 Fax:\u00a00312 441 55 48 E-mail: Adres: Alternatif Plaza K\u0131z\u0131l\u0131rmak [&hellip;]<\/p>\n","protected":false},"author":1436,"featured_media":0,"parent":0,"menu_order":0,"comment_status":"closed","ping_status":"closed","template":"","meta":{"footnotes":""},"class_list":["post-874","page","type-page","status-publish","hentry"],"_links":{"self":[{"href":"https:\/\/www.tgdf.org.tr\/chn\/wp-json\/wp\/v2\/pages\/874","targetHints":{"allow":["GET"]}}],"collection":[{"href":"https:\/\/www.tgdf.org.tr\/chn\/wp-json\/wp\/v2\/pages"}],"about":[{"href":"https:\/\/www.tgdf.org.tr\/chn\/wp-json\/wp\/v2\/types\/page"}],"author":[{"embeddable":true,"href":"https:\/\/www.tgdf.org.tr\/chn\/wp-json\/wp\/v2\/users\/1436"}],"replies":[{"embeddable":true,"href":"https:\/\/www.tgdf.org.tr\/chn\/wp-json\/wp\/v2\/comments?post=874"}],"version-history":[{"count":0,"href":"https:\/\/www.tgdf.org.tr\/chn\/wp-json\/wp\/v2\/pages\/874\/revisions"}],"wp:attachment":[{"href":"https:\/\/www.tgdf.org.tr\/chn\/wp-json\/wp\/v2\/media?parent=874"}],"curies":[{"name":"wp","href":"https:\/\/api.w.org\/{rel}","templated":true}]}}