{"id":856,"date":"2016-06-27T09:40:01","date_gmt":"2016-06-27T09:40:01","guid":{"rendered":"https:\/\/www.tgdf.org.tr\/chn\/yeni1\/?page_id=856"},"modified":"2022-06-30T14:17:00","modified_gmt":"2022-06-30T11:17:00","slug":"pdd","status":"publish","type":"page","link":"https:\/\/www.tgdf.org.tr\/chn\/pdd\/","title":{"rendered":"PDD"},"content":{"rendered":"<div class=\"wpb-content-wrapper\"><p>[vc_row][vc_column width=\"1\/2\"][vc_text_separator title=\"PDD \u2013 P\u0130R\u0130N\u00c7 DE\u011e\u0130RMENC\u0130LER\u0130 DERNE\u011e\u0130\" title_align=\"separator_align_left\" color=\"black\"][\/vc_column][vc_column width=\"1\/2\"][vc_text_separator title=\"\u0130LET\u0130\u015e\u0130M B\u0130LG\u0130LER\u0130\" title_align=\"separator_align_left\" color=\"black\"][\/vc_column][\/vc_row][vc_row][vc_column width=\"1\/2\"][\/vc_column][vc_column width=\"1\/2\"][vc_column_text]<\/p>\n<table>\n<tbody>\n<tr>\n<td><b>Ba\u015fkan:<\/b><\/td>\n<td><b>Birol Kocaman<\/b><\/td>\n<\/tr>\n<tr>\n<td><b>Telefon:<\/b><\/td>\n<td>0284 513 39 42 \u2013 0284 714 96 41\u00a0Fax: 0284 513 31 72<\/td>\n<\/tr>\n<tr>\n<td><b>E-mail:<\/b><\/td>\n<td><\/td>\n<\/tr>\n<tr>\n<td><b>Adres:<\/b><\/td>\n<td>Ke\u015fan Yolu \u00dczeri 5.Km. Uzunk\u00f6pr\u00fc \/ED\u0130RNE<\/td>\n<\/tr>\n<tr>\n<td><b>Genel Sekreter:<\/b><\/td>\n<td><\/td>\n<\/tr>\n<tr>\n<td><b>Telefon:<\/b><\/td>\n<td>0216 562 10 09 Fax: 0216 562 10 96<\/td>\n<\/tr>\n<tr>\n<td><b>E-mail:<\/b><\/td>\n<td><\/td>\n<\/tr>\n<tr>\n<td><b>Adres:<\/b><\/td>\n<td>Altunizade Mah. K\u0131s\u0131kl\u0131 Cad. Tekin Ak \u0130\u015f Merkezi No:3 D:7 K:2\u00a0 Ba\u011flarba\u015f\u0131 \u00dcsk\u00fcdar \u0130stanbul<\/td>\n<\/tr>\n<tr>\n<td><b>Web Adresi:<\/b><\/td>\n<td><a href=\"http:\/\/www.pdd.org.tr\/\">http:\/\/www.pdd.org.tr<\/a><\/td>\n<\/tr>\n<\/tbody>\n<\/table>\n<p>[\/vc_column_text][\/vc_column][\/vc_row]<\/p>\n<\/div>","protected":false},"excerpt":{"rendered":"<p>[vc_row][vc_column width=&#8221;1\/2&#8243;][vc_text_separator title=&#8221;PDD \u2013 P\u0130R\u0130N\u00c7 DE\u011e\u0130RMENC\u0130LER\u0130 DERNE\u011e\u0130&#8221; title_align=&#8221;separator_align_left&#8221; color=&#8221;black&#8221;][\/vc_column][vc_column width=&#8221;1\/2&#8243;][vc_text_separator title=&#8221;\u0130LET\u0130\u015e\u0130M B\u0130LG\u0130LER\u0130&#8221; title_align=&#8221;separator_align_left&#8221; color=&#8221;black&#8221;][\/vc_column][\/vc_row][vc_row][vc_column width=&#8221;1\/2&#8243;][\/vc_column][vc_column width=&#8221;1\/2&#8243;][vc_column_text] Ba\u015fkan: Birol Kocaman Telefon: 0284 513 39 42 \u2013 0284 714 96 41\u00a0Fax: 0284 513 31 72 E-mail: Adres: Ke\u015fan Yolu \u00dczeri 5.Km. Uzunk\u00f6pr\u00fc \/ED\u0130RNE Genel Sekreter: Telefon: 0216 562 10 09 Fax: 0216 562 10 96 E-mail: Adres: [&hellip;]<\/p>\n","protected":false},"author":1436,"featured_media":0,"parent":0,"menu_order":0,"comment_status":"closed","ping_status":"closed","template":"","meta":{"footnotes":""},"class_list":["post-856","page","type-page","status-publish","hentry"],"_links":{"self":[{"href":"https:\/\/www.tgdf.org.tr\/chn\/wp-json\/wp\/v2\/pages\/856","targetHints":{"allow":["GET"]}}],"collection":[{"href":"https:\/\/www.tgdf.org.tr\/chn\/wp-json\/wp\/v2\/pages"}],"about":[{"href":"https:\/\/www.tgdf.org.tr\/chn\/wp-json\/wp\/v2\/types\/page"}],"author":[{"embeddable":true,"href":"https:\/\/www.tgdf.org.tr\/chn\/wp-json\/wp\/v2\/users\/1436"}],"replies":[{"embeddable":true,"href":"https:\/\/www.tgdf.org.tr\/chn\/wp-json\/wp\/v2\/comments?post=856"}],"version-history":[{"count":0,"href":"https:\/\/www.tgdf.org.tr\/chn\/wp-json\/wp\/v2\/pages\/856\/revisions"}],"wp:attachment":[{"href":"https:\/\/www.tgdf.org.tr\/chn\/wp-json\/wp\/v2\/media?parent=856"}],"curies":[{"name":"wp","href":"https:\/\/api.w.org\/{rel}","templated":true}]}}