{"id":849,"date":"2016-06-27T09:37:29","date_gmt":"2016-06-27T09:37:29","guid":{"rendered":"https:\/\/www.tgdf.org.tr\/chn\/yeni1\/?page_id=849"},"modified":"2022-02-14T13:51:03","modified_gmt":"2022-02-14T10:51:03","slug":"sirkeder","status":"publish","type":"page","link":"https:\/\/www.tgdf.org.tr\/chn\/sirkeder\/","title":{"rendered":"S\u0130RKEDER"},"content":{"rendered":"<div class=\"wpb-content-wrapper\"><p>[vc_row][vc_column width=\"1\/2\"][vc_text_separator title=\"S\u0130RKEDER - S\u0130RKE \u00dcRET\u0130C\u0130LER\u0130 DERNE\u011e\u0130\" title_align=\"separator_align_left\" color=\"black\"][\/vc_column][vc_column width=\"1\/2\"][vc_text_separator title=\"\u0130LET\u0130\u015e\u0130M B\u0130LG\u0130LER\u0130\" title_align=\"separator_align_left\" color=\"black\"][\/vc_column][\/vc_row][vc_row][vc_column width=\"1\/2\"][\/vc_column][vc_column width=\"1\/2\"][vc_column_text]<\/p>\n<table>\n<tbody>\n<tr>\n<td><b>Ba\u015fkan:<\/b><\/td>\n<td><strong>G\u00fcrhan G\u00fcven<\/strong><\/td>\n<\/tr>\n<tr>\n<td><b>Telefon:<\/b><\/td>\n<td><\/td>\n<\/tr>\n<tr>\n<td><b>E-mail:<\/b><\/td>\n<td><\/td>\n<\/tr>\n<tr>\n<td><b>Adres:<\/b><\/td>\n<td>Sekiz Eyl\u00fcl Mah. 89.sokak. No:7 \u0130\u00e7 Kap\u0131: 19 Kemalpa\u015fa\/\u0130zmir<\/td>\n<\/tr>\n<tr>\n<td><b>Genel Sekreter:<\/b><\/td>\n<td><strong>S\u00fcleyman Ferruh G\u00fc\u00e7l\u00fc<\/strong><\/td>\n<\/tr>\n<tr>\n<td><b>Telefon:<\/b><\/td>\n<td><\/td>\n<\/tr>\n<tr>\n<td><b>E-mail:<\/b><\/td>\n<td><\/td>\n<\/tr>\n<tr>\n<td><b>Adres:<\/b><\/td>\n<td>Mithat Pa\u015fa Mah. Bartu Sok. Kemer Koru Sitesi A-60 Ey\u00fcpsultan\/\u0130stanbul<\/td>\n<\/tr>\n<tr>\n<td><b>Web Adresi:<\/b><\/td>\n<\/tr>\n<\/tbody>\n<\/table>\n<p>[\/vc_column_text][\/vc_column][\/vc_row]<\/p>\n<\/div>","protected":false},"excerpt":{"rendered":"<p>[vc_row][vc_column width=&#8221;1\/2&#8243;][vc_text_separator title=&#8221;S\u0130RKEDER &#8211; S\u0130RKE \u00dcRET\u0130C\u0130LER\u0130 DERNE\u011e\u0130&#8221; title_align=&#8221;separator_align_left&#8221; color=&#8221;black&#8221;][\/vc_column][vc_column width=&#8221;1\/2&#8243;][vc_text_separator title=&#8221;\u0130LET\u0130\u015e\u0130M B\u0130LG\u0130LER\u0130&#8221; title_align=&#8221;separator_align_left&#8221; color=&#8221;black&#8221;][\/vc_column][\/vc_row][vc_row][vc_column width=&#8221;1\/2&#8243;][\/vc_column][vc_column width=&#8221;1\/2&#8243;][vc_column_text] Ba\u015fkan: G\u00fcrhan G\u00fcven Telefon: E-mail: Adres: Sekiz Eyl\u00fcl Mah. 89.sokak. No:7 \u0130\u00e7 Kap\u0131: 19 Kemalpa\u015fa\/\u0130zmir Genel Sekreter: S\u00fcleyman Ferruh G\u00fc\u00e7l\u00fc Telefon: E-mail: Adres: Mithat Pa\u015fa Mah. Bartu Sok. Kemer Koru Sitesi A-60 Ey\u00fcpsultan\/\u0130stanbul Web Adresi: [\/vc_column_text][\/vc_column][\/vc_row]<\/p>\n","protected":false},"author":1436,"featured_media":0,"parent":0,"menu_order":0,"comment_status":"closed","ping_status":"closed","template":"","meta":{"footnotes":""},"class_list":["post-849","page","type-page","status-publish","hentry"],"_links":{"self":[{"href":"https:\/\/www.tgdf.org.tr\/chn\/wp-json\/wp\/v2\/pages\/849","targetHints":{"allow":["GET"]}}],"collection":[{"href":"https:\/\/www.tgdf.org.tr\/chn\/wp-json\/wp\/v2\/pages"}],"about":[{"href":"https:\/\/www.tgdf.org.tr\/chn\/wp-json\/wp\/v2\/types\/page"}],"author":[{"embeddable":true,"href":"https:\/\/www.tgdf.org.tr\/chn\/wp-json\/wp\/v2\/users\/1436"}],"replies":[{"embeddable":true,"href":"https:\/\/www.tgdf.org.tr\/chn\/wp-json\/wp\/v2\/comments?post=849"}],"version-history":[{"count":0,"href":"https:\/\/www.tgdf.org.tr\/chn\/wp-json\/wp\/v2\/pages\/849\/revisions"}],"wp:attachment":[{"href":"https:\/\/www.tgdf.org.tr\/chn\/wp-json\/wp\/v2\/media?parent=849"}],"curies":[{"name":"wp","href":"https:\/\/api.w.org\/{rel}","templated":true}]}}