{"id":848,"date":"2016-06-27T09:36:57","date_gmt":"2016-06-27T09:36:57","guid":{"rendered":"https:\/\/www.tgdf.org.tr\/chn\/yeni1\/?page_id=848"},"modified":"2021-10-27T03:12:21","modified_gmt":"2021-10-27T00:12:21","slug":"meyed","status":"publish","type":"page","link":"https:\/\/www.tgdf.org.tr\/chn\/meyed\/","title":{"rendered":"MEYED"},"content":{"rendered":"<div class=\"wpb-content-wrapper\"><p>[vc_row][vc_column width=\"1\/2\"][vc_text_separator title=\"MEYED \u2013 MEYVE SUYU END\u00dcSTR\u0130S\u0130 DERNE\u011e\u0130\" title_align=\"separator_align_left\" color=\"black\"][\/vc_column][vc_column width=\"1\/2\"][vc_text_separator title=\"\u0130LET\u0130\u015e\u0130M B\u0130LG\u0130LER\u0130\" title_align=\"separator_align_left\" color=\"black\"][\/vc_column][\/vc_row][vc_row][vc_column width=\"1\/2\"][\/vc_column][vc_column width=\"1\/2\"][vc_column_text]<\/p>\n<table>\n<tbody>\n<tr>\n<td><b>Ba\u015fkan:<\/b><\/td>\n<td><b>\u0130lker G\u00fcney<\/b><\/td>\n<\/tr>\n<tr>\n<td><b>Telefon:<\/b><\/td>\n<td>0216 373 23 62 Fax: 0216 373 16 52<\/td>\n<\/tr>\n<tr>\n<td><b>E-mail:<\/b><\/td>\n<td><\/td>\n<\/tr>\n<tr>\n<td><b>Adres:<\/b><\/td>\n<td>Barbaros Mah.\u00a0Akzambak Sok. Uphill Towers A1 Blok Kat 1 D:\u00a06 Ata\u015fehir\/\u0130stanbul<\/td>\n<\/tr>\n<tr>\n<td><b>Genel Sekreter:<\/b><\/td>\n<td><b>\u0130pek \u0130\u015fbitiren<\/b><\/td>\n<\/tr>\n<tr>\n<td><b>Telefon:<\/b><\/td>\n<td>0216 373 23 62 Fax: 0216 373 16 52<\/td>\n<\/tr>\n<tr>\n<td><b>E-mail:<\/b><\/td>\n<td><\/td>\n<\/tr>\n<tr>\n<td><b>Adres:<\/b><\/td>\n<td>Barbaros Mah.\u00a0Akzambak Sok. Uphill Towers A1 Blok Kat 1 D:\u00a06 Ata\u015fehir\/\u0130stanbul<\/td>\n<\/tr>\n<tr>\n<td><b>Web Adresi:<\/b><\/td>\n<td><a href=\"http:\/\/www.meyed.org.tr\/\">http:\/\/www.meyed.org.tr<\/a><\/td>\n<\/tr>\n<\/tbody>\n<\/table>\n<p>[\/vc_column_text][\/vc_column][\/vc_row]<\/p>\n<\/div>","protected":false},"excerpt":{"rendered":"<p>[vc_row][vc_column width=&#8221;1\/2&#8243;][vc_text_separator title=&#8221;MEYED \u2013 MEYVE SUYU END\u00dcSTR\u0130S\u0130 DERNE\u011e\u0130&#8221; title_align=&#8221;separator_align_left&#8221; color=&#8221;black&#8221;][\/vc_column][vc_column width=&#8221;1\/2&#8243;][vc_text_separator title=&#8221;\u0130LET\u0130\u015e\u0130M B\u0130LG\u0130LER\u0130&#8221; title_align=&#8221;separator_align_left&#8221; color=&#8221;black&#8221;][\/vc_column][\/vc_row][vc_row][vc_column width=&#8221;1\/2&#8243;][\/vc_column][vc_column width=&#8221;1\/2&#8243;][vc_column_text] Ba\u015fkan: \u0130lker G\u00fcney Telefon: 0216 373 23 62 Fax: 0216 373 16 52 E-mail: Adres: Barbaros Mah.\u00a0Akzambak Sok. Uphill Towers A1 Blok Kat 1 D:\u00a06 Ata\u015fehir\/\u0130stanbul Genel Sekreter: \u0130pek \u0130\u015fbitiren Telefon: 0216 373 23 62 Fax: 0216 373 [&hellip;]<\/p>\n","protected":false},"author":1436,"featured_media":0,"parent":0,"menu_order":0,"comment_status":"closed","ping_status":"closed","template":"","meta":{"footnotes":""},"class_list":["post-848","page","type-page","status-publish","hentry"],"_links":{"self":[{"href":"https:\/\/www.tgdf.org.tr\/chn\/wp-json\/wp\/v2\/pages\/848","targetHints":{"allow":["GET"]}}],"collection":[{"href":"https:\/\/www.tgdf.org.tr\/chn\/wp-json\/wp\/v2\/pages"}],"about":[{"href":"https:\/\/www.tgdf.org.tr\/chn\/wp-json\/wp\/v2\/types\/page"}],"author":[{"embeddable":true,"href":"https:\/\/www.tgdf.org.tr\/chn\/wp-json\/wp\/v2\/users\/1436"}],"replies":[{"embeddable":true,"href":"https:\/\/www.tgdf.org.tr\/chn\/wp-json\/wp\/v2\/comments?post=848"}],"version-history":[{"count":0,"href":"https:\/\/www.tgdf.org.tr\/chn\/wp-json\/wp\/v2\/pages\/848\/revisions"}],"wp:attachment":[{"href":"https:\/\/www.tgdf.org.tr\/chn\/wp-json\/wp\/v2\/media?parent=848"}],"curies":[{"name":"wp","href":"https:\/\/api.w.org\/{rel}","templated":true}]}}