{"id":839,"date":"2016-06-27T09:32:54","date_gmt":"2016-06-27T09:32:54","guid":{"rendered":"https:\/\/www.tgdf.org.tr\/chn\/yeni1\/?page_id=839"},"modified":"2021-10-27T03:11:37","modified_gmt":"2021-10-27T00:11:37","slug":"meder","status":"publish","type":"page","link":"https:\/\/www.tgdf.org.tr\/chn\/meder\/","title":{"rendered":"MEDER"},"content":{"rendered":"<div class=\"wpb-content-wrapper\"><p>[vc_row][vc_column width=\"1\/2\"][vc_text_separator title=\"MEDER \u2013 ME\u015eRUBAT\u00c7ILAR DERNE\u011e\u0130\" title_align=\"separator_align_left\" color=\"black\"][\/vc_column][vc_column width=\"1\/2\"][vc_text_separator title=\"\u0130LET\u0130\u015e\u0130M B\u0130LG\u0130LER\u0130\" title_align=\"separator_align_left\" color=\"black\"][\/vc_column][\/vc_row][vc_row][vc_column width=\"1\/2\"][\/vc_column][vc_column width=\"1\/2\"][vc_column_text]<\/p>\n<table style=\"width: 87.4372%;\">\n<tbody>\n<tr>\n<td style=\"width: 27.7952%;\"><b>Ba\u015fkan:<\/b><\/td>\n<td style=\"width: 70.582%;\"><b>Esra \u0130ren<\/b><\/td>\n<\/tr>\n<tr>\n<td style=\"width: 27.7952%;\"><b>Telefon:<\/b><\/td>\n<td style=\"width: 70.582%;\">0216 635 40 10 \u2013 Fax: 0216 634 50 01<\/td>\n<\/tr>\n<tr>\n<td style=\"width: 27.7952%;\"><b>E-mail:<\/b><\/td>\n<td style=\"width: 70.582%;\"><\/td>\n<\/tr>\n<tr>\n<td style=\"width: 27.7952%;\"><b>Adres:<\/b><\/td>\n<td style=\"width: 70.582%;\">Saray Mah. Siteyolu Sok. No:4 \u00dcmraniye \u0130stanbul<\/td>\n<\/tr>\n<tr>\n<td style=\"width: 27.7952%;\"><b>Genel Sekreter:<\/b><\/td>\n<td style=\"width: 70.582%;\"><b>Nizamettin \u015eent\u00fcrk<\/b><\/td>\n<\/tr>\n<tr>\n<td style=\"width: 27.7952%;\"><b>Telefon:<\/b><\/td>\n<td style=\"width: 70.582%;\">0312 426 06 39-40\u00a0Fax: 0312 426 06 38<\/td>\n<\/tr>\n<tr>\n<td style=\"width: 27.7952%;\"><b>E-mail:<\/b><\/td>\n<td style=\"width: 70.582%;\"><\/td>\n<\/tr>\n<tr>\n<td style=\"width: 27.7952%;\"><b>Adres:<\/b><\/td>\n<td style=\"width: 70.582%;\">Bestekar Sokak No: 22\/10 Kavakl\u0131dere\/Ankara<\/td>\n<\/tr>\n<tr>\n<td style=\"width: 27.7952%;\"><b>Web Adresi:<\/b><\/td>\n<td style=\"width: 70.582%;\"><a href=\"http:\/\/www.mesrubatcilar.org\/\">http:\/\/www.mesrubatcilar.org<\/a><\/td>\n<\/tr>\n<\/tbody>\n<\/table>\n<p>[\/vc_column_text][\/vc_column][\/vc_row]<\/p>\n<\/div>","protected":false},"excerpt":{"rendered":"<p>[vc_row][vc_column width=&#8221;1\/2&#8243;][vc_text_separator title=&#8221;MEDER \u2013 ME\u015eRUBAT\u00c7ILAR DERNE\u011e\u0130&#8221; title_align=&#8221;separator_align_left&#8221; color=&#8221;black&#8221;][\/vc_column][vc_column width=&#8221;1\/2&#8243;][vc_text_separator title=&#8221;\u0130LET\u0130\u015e\u0130M B\u0130LG\u0130LER\u0130&#8221; title_align=&#8221;separator_align_left&#8221; color=&#8221;black&#8221;][\/vc_column][\/vc_row][vc_row][vc_column width=&#8221;1\/2&#8243;][\/vc_column][vc_column width=&#8221;1\/2&#8243;][vc_column_text] Ba\u015fkan: Esra \u0130ren Telefon: 0216 635 40 10 \u2013 Fax: 0216 634 50 01 E-mail: Adres: Saray Mah. Siteyolu Sok. No:4 \u00dcmraniye \u0130stanbul Genel Sekreter: Nizamettin \u015eent\u00fcrk Telefon: 0312 426 06 39-40\u00a0Fax: 0312 426 06 38 E-mail: Adres: Bestekar Sokak [&hellip;]<\/p>\n","protected":false},"author":1436,"featured_media":0,"parent":0,"menu_order":0,"comment_status":"closed","ping_status":"closed","template":"","meta":{"footnotes":""},"class_list":["post-839","page","type-page","status-publish","hentry"],"_links":{"self":[{"href":"https:\/\/www.tgdf.org.tr\/chn\/wp-json\/wp\/v2\/pages\/839","targetHints":{"allow":["GET"]}}],"collection":[{"href":"https:\/\/www.tgdf.org.tr\/chn\/wp-json\/wp\/v2\/pages"}],"about":[{"href":"https:\/\/www.tgdf.org.tr\/chn\/wp-json\/wp\/v2\/types\/page"}],"author":[{"embeddable":true,"href":"https:\/\/www.tgdf.org.tr\/chn\/wp-json\/wp\/v2\/users\/1436"}],"replies":[{"embeddable":true,"href":"https:\/\/www.tgdf.org.tr\/chn\/wp-json\/wp\/v2\/comments?post=839"}],"version-history":[{"count":0,"href":"https:\/\/www.tgdf.org.tr\/chn\/wp-json\/wp\/v2\/pages\/839\/revisions"}],"wp:attachment":[{"href":"https:\/\/www.tgdf.org.tr\/chn\/wp-json\/wp\/v2\/media?parent=839"}],"curies":[{"name":"wp","href":"https:\/\/api.w.org\/{rel}","templated":true}]}}