{"id":837,"date":"2016-06-27T09:32:27","date_gmt":"2016-06-27T09:32:27","guid":{"rendered":"https:\/\/www.tgdf.org.tr\/chn\/yeni1\/?page_id=837"},"modified":"2021-10-27T17:29:28","modified_gmt":"2021-10-27T14:29:28","slug":"gisder","status":"publish","type":"page","link":"https:\/\/www.tgdf.org.tr\/chn\/gisder\/","title":{"rendered":"G\u0130SDER"},"content":{"rendered":"<div class=\"wpb-content-wrapper\"><p>[vc_row][vc_column width=\"1\/2\"][vc_text_separator title=\"G\u0130SDER \u2013 GELENEKSEL ALKOLL\u00dc \u0130\u00c7K\u0130 \u00dcRET\u0130C\u0130LER\u0130 DERNE\u011e\u0130\" title_align=\"separator_align_left\" color=\"black\"][\/vc_column][vc_column width=\"1\/2\"][vc_text_separator title=\"\u0130LET\u0130\u015e\u0130M B\u0130LG\u0130LER\u0130\" title_align=\"separator_align_left\" color=\"black\"][\/vc_column][\/vc_row][vc_row][vc_column width=\"1\/2\"][\/vc_column][vc_column width=\"1\/2\"][vc_column_text]<\/p>\n<table style=\"width: 79.3162%;\">\n<tbody>\n<tr>\n<td style=\"width: 22.1675%;\"><b>Ba\u015fkan:<\/b><\/td>\n<td style=\"width: 77.0153%;\"><b>\u00c7a\u011f\u0131l \u0130mre<\/b><\/td>\n<\/tr>\n<tr>\n<td style=\"width: 22.1675%;\"><b>Telefon:<\/b><\/td>\n<td style=\"width: 77.0153%;\"><\/td>\n<\/tr>\n<tr>\n<td style=\"width: 22.1675%;\"><b>E-mail:<\/b><\/td>\n<td style=\"width: 77.0153%;\"><\/td>\n<\/tr>\n<tr>\n<td style=\"width: 22.1675%;\"><b>Adres:<\/b><\/td>\n<td style=\"width: 77.0153%;\">Yedi Eyl\u00fcl, Ankara \u0130zmir Karayolu 8. Km., 45400 Turgutlu\/Manisa<\/td>\n<\/tr>\n<tr>\n<td style=\"width: 22.1675%;\"><b>Genel Sekreter:<\/b><\/td>\n<td style=\"width: 77.0153%;\"><b>T\u00fclay Aktan<\/b><\/td>\n<\/tr>\n<tr>\n<td style=\"width: 22.1675%;\"><b>Telefon:<\/b><\/td>\n<td style=\"width: 77.0153%;\">0232 799 00 20\u00a0Fax: 0232\u00a0799 00 30<\/td>\n<\/tr>\n<tr>\n<td style=\"width: 22.1675%;\"><b>E-mail:<\/b><\/td>\n<td style=\"width: 77.0153%;\"><\/td>\n<\/tr>\n<tr>\n<td style=\"width: 22.1675%;\"><b>Adres:<\/b><\/td>\n<td style=\"width: 77.0153%;\">\u0130TOB Organize Sanayi B\u00f6lgesi Tekeli\u00a0Menderes \/\u0130ZM\u0130R<\/td>\n<\/tr>\n<tr>\n<td style=\"width: 22.1675%;\"><b>Web Adresi:<\/b><\/td>\n<td style=\"width: 77.0153%;\"><a href=\"http:\/\/www.gis-der.org\/\">http:\/\/www.gis-der.org<\/a><\/td>\n<\/tr>\n<\/tbody>\n<\/table>\n<p>[\/vc_column_text][\/vc_column][\/vc_row]<\/p>\n<\/div>","protected":false},"excerpt":{"rendered":"<p>[vc_row][vc_column width=&#8221;1\/2&#8243;][vc_text_separator title=&#8221;G\u0130SDER \u2013 GELENEKSEL ALKOLL\u00dc \u0130\u00c7K\u0130 \u00dcRET\u0130C\u0130LER\u0130 DERNE\u011e\u0130&#8221; title_align=&#8221;separator_align_left&#8221; color=&#8221;black&#8221;][\/vc_column][vc_column width=&#8221;1\/2&#8243;][vc_text_separator title=&#8221;\u0130LET\u0130\u015e\u0130M B\u0130LG\u0130LER\u0130&#8221; title_align=&#8221;separator_align_left&#8221; color=&#8221;black&#8221;][\/vc_column][\/vc_row][vc_row][vc_column width=&#8221;1\/2&#8243;][\/vc_column][vc_column width=&#8221;1\/2&#8243;][vc_column_text] Ba\u015fkan: \u00c7a\u011f\u0131l \u0130mre Telefon: E-mail: Adres: Yedi Eyl\u00fcl, Ankara \u0130zmir Karayolu 8. Km., 45400 Turgutlu\/Manisa Genel Sekreter: T\u00fclay Aktan Telefon: 0232 799 00 20\u00a0Fax: 0232\u00a0799 00 30 E-mail: Adres: \u0130TOB Organize Sanayi B\u00f6lgesi Tekeli\u00a0Menderes \/\u0130ZM\u0130R Web Adresi: [&hellip;]<\/p>\n","protected":false},"author":1436,"featured_media":0,"parent":0,"menu_order":0,"comment_status":"closed","ping_status":"closed","template":"","meta":{"footnotes":""},"class_list":["post-837","page","type-page","status-publish","hentry"],"_links":{"self":[{"href":"https:\/\/www.tgdf.org.tr\/chn\/wp-json\/wp\/v2\/pages\/837","targetHints":{"allow":["GET"]}}],"collection":[{"href":"https:\/\/www.tgdf.org.tr\/chn\/wp-json\/wp\/v2\/pages"}],"about":[{"href":"https:\/\/www.tgdf.org.tr\/chn\/wp-json\/wp\/v2\/types\/page"}],"author":[{"embeddable":true,"href":"https:\/\/www.tgdf.org.tr\/chn\/wp-json\/wp\/v2\/users\/1436"}],"replies":[{"embeddable":true,"href":"https:\/\/www.tgdf.org.tr\/chn\/wp-json\/wp\/v2\/comments?post=837"}],"version-history":[{"count":0,"href":"https:\/\/www.tgdf.org.tr\/chn\/wp-json\/wp\/v2\/pages\/837\/revisions"}],"wp:attachment":[{"href":"https:\/\/www.tgdf.org.tr\/chn\/wp-json\/wp\/v2\/media?parent=837"}],"curies":[{"name":"wp","href":"https:\/\/api.w.org\/{rel}","templated":true}]}}