{"id":828,"date":"2016-06-27T09:28:08","date_gmt":"2016-06-27T09:28:08","guid":{"rendered":"https:\/\/www.tgdf.org.tr\/chn\/yeni1\/?page_id=828"},"modified":"2021-10-27T03:10:29","modified_gmt":"2021-10-27T00:10:29","slug":"gidabil","status":"publish","type":"page","link":"https:\/\/www.tgdf.org.tr\/chn\/gidabil\/","title":{"rendered":"GIDAKAT"},"content":{"rendered":"<div class=\"wpb-content-wrapper\"><p>[vc_row][vc_column width=\"1\/2\"][vc_text_separator title=\"GIDAB\u0130L \u2013 GIDA B\u0130LE\u015eENLER\u0130 VE GEL\u0130\u015eT\u0130R\u0130C\u0130LER\u0130 SANAY\u0130C\u0130LER\u0130 DERNE\u011e\u0130\" title_align=\"separator_align_left\" color=\"black\"][\/vc_column][vc_column width=\"1\/2\"][vc_text_separator title=\"\u0130LET\u0130\u015e\u0130M B\u0130LG\u0130LER\u0130\" title_align=\"separator_align_left\" color=\"black\"][\/vc_column][\/vc_row][vc_row][vc_column width=\"1\/2\"][\/vc_column][vc_column width=\"1\/2\"][vc_column_text]<\/p>\n<table>\n<tbody>\n<tr>\n<td><b>Ba\u015fkan:<\/b><\/td>\n<td><b>Dr. Mehmet \u00c7etin Duruk<\/b><\/td>\n<\/tr>\n<tr>\n<td><b>Telefon:<\/b><\/td>\n<td>0282 758 20 20\u00a0Fax: 0282 758 21 21<\/td>\n<\/tr>\n<tr>\n<td><b>E-mail:<\/b><\/td>\n<td><\/td>\n<\/tr>\n<tr>\n<td><b>Adres:<\/b><\/td>\n<td><i>K\u0131s\u0131kl\u0131 Cad. Tekin Ak \u0130\u015f Merkezi K:2 No:3\/7 Altunizade-\u00dcsk\u00fcdar \/ \u0130STANBUL\u00a0<\/i><\/td>\n<\/tr>\n<tr>\n<td><b>Genel Sekreter:<\/b><\/td>\n<td><b>Canan Elibollar<\/b><\/td>\n<\/tr>\n<tr>\n<td><b>Telefon:<\/b><\/td>\n<td><i>0216 651 86 81-82\u00a0\u00a0 Faks: 0216 651 86 83<\/i><\/td>\n<\/tr>\n<tr>\n<td><b>E-mail:<\/b><\/td>\n<td><\/td>\n<\/tr>\n<tr>\n<td><b>Adres:<\/b><\/td>\n<td><i>K\u0131s\u0131kl\u0131 Cad. Tekin Ak \u0130\u015f Merkezi K:2 No:3\/7 Altunizade-\u00dcsk\u00fcdar \/ \u0130STANBUL\u00a0<\/i><\/td>\n<\/tr>\n<tr>\n<td><b>Web Adresi:<\/b><\/td>\n<td><a href=\"http:\/\/www.gidabil.org.tr\/\">http:\/\/www.gidabil.org.tr<\/a><\/td>\n<\/tr>\n<\/tbody>\n<\/table>\n<p>[\/vc_column_text][\/vc_column][\/vc_row]<\/p>\n<\/div>","protected":false},"excerpt":{"rendered":"<p>[vc_row][vc_column width=&#8221;1\/2&#8243;][vc_text_separator title=&#8221;GIDAB\u0130L \u2013 GIDA B\u0130LE\u015eENLER\u0130 VE GEL\u0130\u015eT\u0130R\u0130C\u0130LER\u0130 SANAY\u0130C\u0130LER\u0130 DERNE\u011e\u0130&#8221; title_align=&#8221;separator_align_left&#8221; color=&#8221;black&#8221;][\/vc_column][vc_column width=&#8221;1\/2&#8243;][vc_text_separator title=&#8221;\u0130LET\u0130\u015e\u0130M B\u0130LG\u0130LER\u0130&#8221; title_align=&#8221;separator_align_left&#8221; color=&#8221;black&#8221;][\/vc_column][\/vc_row][vc_row][vc_column width=&#8221;1\/2&#8243;][\/vc_column][vc_column width=&#8221;1\/2&#8243;][vc_column_text] Ba\u015fkan: Dr. Mehmet \u00c7etin Duruk Telefon: 0282 758 20 20\u00a0Fax: 0282 758 21 21 E-mail: Adres: K\u0131s\u0131kl\u0131 Cad. Tekin Ak \u0130\u015f Merkezi K:2 No:3\/7 Altunizade-\u00dcsk\u00fcdar \/ \u0130STANBUL\u00a0 Genel Sekreter: Canan Elibollar Telefon: 0216 651 86 81-82\u00a0\u00a0 [&hellip;]<\/p>\n","protected":false},"author":1436,"featured_media":0,"parent":0,"menu_order":0,"comment_status":"closed","ping_status":"closed","template":"","meta":{"footnotes":""},"class_list":["post-828","page","type-page","status-publish","hentry"],"_links":{"self":[{"href":"https:\/\/www.tgdf.org.tr\/chn\/wp-json\/wp\/v2\/pages\/828","targetHints":{"allow":["GET"]}}],"collection":[{"href":"https:\/\/www.tgdf.org.tr\/chn\/wp-json\/wp\/v2\/pages"}],"about":[{"href":"https:\/\/www.tgdf.org.tr\/chn\/wp-json\/wp\/v2\/types\/page"}],"author":[{"embeddable":true,"href":"https:\/\/www.tgdf.org.tr\/chn\/wp-json\/wp\/v2\/users\/1436"}],"replies":[{"embeddable":true,"href":"https:\/\/www.tgdf.org.tr\/chn\/wp-json\/wp\/v2\/comments?post=828"}],"version-history":[{"count":0,"href":"https:\/\/www.tgdf.org.tr\/chn\/wp-json\/wp\/v2\/pages\/828\/revisions"}],"wp:attachment":[{"href":"https:\/\/www.tgdf.org.tr\/chn\/wp-json\/wp\/v2\/media?parent=828"}],"curies":[{"name":"wp","href":"https:\/\/api.w.org\/{rel}","templated":true}]}}