{"id":805,"date":"2016-06-27T08:48:52","date_gmt":"2016-06-27T08:48:52","guid":{"rendered":"https:\/\/www.tgdf.org.tr\/chn\/yeni1\/?page_id=805"},"modified":"2021-10-27T03:06:02","modified_gmt":"2021-10-27T00:06:02","slug":"balder","status":"publish","type":"page","link":"https:\/\/www.tgdf.org.tr\/chn\/balder\/","title":{"rendered":"BALDER"},"content":{"rendered":"<div class=\"wpb-content-wrapper\"><p>[vc_row][vc_column width=\"1\/2\"][vc_text_separator title=\"BALDER \u2013 ARI \u00dcR\u00dcNLER\u0130 \u0130LE SA\u011eLIKLI YA\u015eAM PLATFORMU\" title_align=\"separator_align_left\" color=\"black\"][\/vc_column][vc_column width=\"1\/2\"][vc_text_separator title=\"\u0130LET\u0130\u015e\u0130M B\u0130LG\u0130LER\u0130\" title_align=\"separator_align_left\" color=\"black\"][\/vc_column][\/vc_row][vc_row][vc_column width=\"1\/2\"][\/vc_column][vc_column width=\"1\/2\"][vc_column_text]<\/p>\n<table>\n<tbody>\n<tr>\n<td><b>Ba\u015fkan:<\/b><\/td>\n<td><b>\u00d6zen Alt\u0131parmak<\/b><\/td>\n<\/tr>\n<tr>\n<td><b>Telefon:<\/b><\/td>\n<td>0216 643 02 02 Fax: 0216 641 30 30<\/td>\n<\/tr>\n<tr>\n<td><b>E-mail:<\/b><\/td>\n<td><\/td>\n<\/tr>\n<tr>\n<td><b>Adres:<\/b><\/td>\n<td>\u00c7avu\u015fba\u015f\u0131 Cad. No:70 \u00c7ekmek\u00f6y \/\u0130STANBUL<\/td>\n<\/tr>\n<tr>\n<td><b>Genel Koordinat\u00f6r:<\/b><\/td>\n<td><b>\u0130sfendiyar \u00dcz\u00fcmc\u00fc<\/b><\/td>\n<\/tr>\n<tr>\n<td><b>Telefon:<\/b><\/td>\n<td>0216 641 02\u00a002 \u00a0Faks: 0216 641 30 30<\/td>\n<\/tr>\n<tr>\n<td><b>E-mail:<\/b><\/td>\n<td><\/td>\n<\/tr>\n<tr>\n<td><b>Adres:<\/b><\/td>\n<td>\u00c7avu\u015fba\u015f\u0131 Cad. No:70 \u00c7ekmek\u00f6y \/\u0130STANBUL<\/td>\n<\/tr>\n<tr>\n<td><b>Web Adresi:<\/b><\/td>\n<td><a href=\"http:\/\/www.balder.org.tr\/\">http:\/\/www.balder.org.tr<\/a><\/td>\n<\/tr>\n<\/tbody>\n<\/table>\n<p>[\/vc_column_text][\/vc_column][\/vc_row]<\/p>\n<\/div>","protected":false},"excerpt":{"rendered":"<p>[vc_row][vc_column width=&#8221;1\/2&#8243;][vc_text_separator title=&#8221;BALDER \u2013 ARI \u00dcR\u00dcNLER\u0130 \u0130LE SA\u011eLIKLI YA\u015eAM PLATFORMU&#8221; title_align=&#8221;separator_align_left&#8221; color=&#8221;black&#8221;][\/vc_column][vc_column width=&#8221;1\/2&#8243;][vc_text_separator title=&#8221;\u0130LET\u0130\u015e\u0130M B\u0130LG\u0130LER\u0130&#8221; title_align=&#8221;separator_align_left&#8221; color=&#8221;black&#8221;][\/vc_column][\/vc_row][vc_row][vc_column width=&#8221;1\/2&#8243;][\/vc_column][vc_column width=&#8221;1\/2&#8243;][vc_column_text] Ba\u015fkan: \u00d6zen Alt\u0131parmak Telefon: 0216 643 02 02 Fax: 0216 641 30 30 E-mail: Adres: \u00c7avu\u015fba\u015f\u0131 Cad. No:70 \u00c7ekmek\u00f6y \/\u0130STANBUL Genel Koordinat\u00f6r: \u0130sfendiyar \u00dcz\u00fcmc\u00fc Telefon: 0216 641 02\u00a002 \u00a0Faks: 0216 641 30 30 E-mail: Adres: \u00c7avu\u015fba\u015f\u0131 [&hellip;]<\/p>\n","protected":false},"author":1436,"featured_media":0,"parent":0,"menu_order":0,"comment_status":"closed","ping_status":"closed","template":"","meta":{"footnotes":""},"class_list":["post-805","page","type-page","status-publish","hentry"],"_links":{"self":[{"href":"https:\/\/www.tgdf.org.tr\/chn\/wp-json\/wp\/v2\/pages\/805","targetHints":{"allow":["GET"]}}],"collection":[{"href":"https:\/\/www.tgdf.org.tr\/chn\/wp-json\/wp\/v2\/pages"}],"about":[{"href":"https:\/\/www.tgdf.org.tr\/chn\/wp-json\/wp\/v2\/types\/page"}],"author":[{"embeddable":true,"href":"https:\/\/www.tgdf.org.tr\/chn\/wp-json\/wp\/v2\/users\/1436"}],"replies":[{"embeddable":true,"href":"https:\/\/www.tgdf.org.tr\/chn\/wp-json\/wp\/v2\/comments?post=805"}],"version-history":[{"count":0,"href":"https:\/\/www.tgdf.org.tr\/chn\/wp-json\/wp\/v2\/pages\/805\/revisions"}],"wp:attachment":[{"href":"https:\/\/www.tgdf.org.tr\/chn\/wp-json\/wp\/v2\/media?parent=805"}],"curies":[{"name":"wp","href":"https:\/\/api.w.org\/{rel}","templated":true}]}}