{"id":7708,"date":"2022-09-24T18:59:10","date_gmt":"2022-09-24T15:59:10","guid":{"rendered":"https:\/\/www.tgdf.org.tr\/chn\/?page_id=7708"},"modified":"2022-09-24T18:59:30","modified_gmt":"2022-09-24T15:59:30","slug":"etuder","status":"publish","type":"page","link":"https:\/\/www.tgdf.org.tr\/chn\/etuder\/","title":{"rendered":"ET\u00dcDER"},"content":{"rendered":"<div class=\"wpb-content-wrapper\"><p>[vc_row][vc_column width=\"1\/2\"][vc_text_separator title=\"ET\u00dcDER - \u98df\u54c1\u670d\u52a1\u4f9b\u5e94\u5546\u534f\u4f1a\" title_align=\"separator_align_left\" color=\"black\"][\/vc_column][vc_column width=\"1\/2\"][vc_text_separator title=\"\u8054\u7cfb\u65b9\u5f0f\" title_align=\"separator_align_left\" color=\"black\"][\/vc_column][\/vc_row][vc_row][vc_column width=\"1\/2\"][\/vc_column][vc_column width=\"1\/2\"][vc_column_text]<\/p>\n<table style=\"width: 543px;\">\n<tbody>\n<tr>\n<td style=\"width: 124px;\"><b>Ba\u015fkan:<\/b><\/td>\n<td style=\"width: 419px;\"><strong>Melih \u015eahin\u00f6z<\/strong><\/td>\n<\/tr>\n<tr>\n<td style=\"width: 124px;\"><b>Telefon:<\/b><\/td>\n<td style=\"width: 419px;\">0216 456 96 90<\/td>\n<\/tr>\n<tr>\n<td style=\"width: 124px;\"><b>E-mail:<\/b><\/td>\n<td style=\"width: 419px;\">info@etuder.org.tr<\/td>\n<\/tr>\n<tr>\n<td style=\"width: 124px;\"><b>Adres:<\/b><\/td>\n<td style=\"width: 419px;\">Atat\u00fcrk Mah. Girne Cad. Tercan \u0130\u015f Merkezi<br \/>\nNo:29 Kat:1 Ata\u015fehir \/ \u0130stanbul<\/td>\n<\/tr>\n<tr>\n<td style=\"width: 124px;\"><b>Genel Sekreter:<\/b><\/td>\n<td style=\"width: 419px;\"><strong>Tolga G\u00fcll\u00fc<\/strong><\/td>\n<\/tr>\n<tr>\n<td style=\"width: 124px;\"><b>Telefon:<\/b><\/td>\n<td style=\"width: 419px;\">0216 456 96 90<\/td>\n<\/tr>\n<tr>\n<td style=\"width: 124px;\"><b>E-mail:<\/b><\/td>\n<td style=\"width: 419px;\">info@etuder.org.tr<\/td>\n<\/tr>\n<tr>\n<td style=\"width: 124px;\"><b>Adres:<\/b><\/td>\n<td style=\"width: 419px;\">Atat\u00fcrk Mah. Girne Cad. Tercan \u0130\u015f Merkezi<br \/>\nNo:29 Kat:1 Ata\u015fehir \/ \u0130stanbul<\/td>\n<\/tr>\n<tr>\n<td style=\"width: 124px;\"><b>Web Adresi:<\/b><\/td>\n<td style=\"width: 419px;\">http:\/\/www.etuder.org.tr<\/td>\n<\/tr>\n<\/tbody>\n<\/table>\n<p>[\/vc_column_text][\/vc_column][\/vc_row]<\/p>\n<\/div>","protected":false},"excerpt":{"rendered":"<p>[vc_row][vc_column width=&#8221;1\/2&#8243;][vc_text_separator title=&#8221;ET\u00dcDER &#8211; \u98df\u54c1\u670d\u52a1\u4f9b\u5e94\u5546\u534f\u4f1a&#8221; title_align=&#8221;separator_align_left&#8221; color=&#8221;black&#8221;][\/vc_column][vc_column width=&#8221;1\/2&#8243;][vc_text_separator title=&#8221;\u8054\u7cfb\u65b9\u5f0f&#8221; title_align=&#8221;separator_align_left&#8221; color=&#8221;black&#8221;][\/vc_column][\/vc_row][vc_row][vc_column width=&#8221;1\/2&#8243;][\/vc_column][vc_column width=&#8221;1\/2&#8243;][vc_column_text] Ba\u015fkan: Melih \u015eahin\u00f6z Telefon: 0216 456 96 90 E-mail: info@etuder.org.tr Adres: Atat\u00fcrk Mah. Girne Cad. Tercan \u0130\u015f Merkezi No:29 Kat:1 Ata\u015fehir \/ \u0130stanbul Genel Sekreter: Tolga G\u00fcll\u00fc Telefon: 0216 456 96 90 E-mail: info@etuder.org.tr Adres: Atat\u00fcrk Mah. Girne Cad. Tercan \u0130\u015f Merkezi [&hellip;]<\/p>\n","protected":false},"author":1440,"featured_media":0,"parent":0,"menu_order":0,"comment_status":"closed","ping_status":"closed","template":"","meta":{"footnotes":""},"class_list":["post-7708","page","type-page","status-publish","hentry"],"_links":{"self":[{"href":"https:\/\/www.tgdf.org.tr\/chn\/wp-json\/wp\/v2\/pages\/7708","targetHints":{"allow":["GET"]}}],"collection":[{"href":"https:\/\/www.tgdf.org.tr\/chn\/wp-json\/wp\/v2\/pages"}],"about":[{"href":"https:\/\/www.tgdf.org.tr\/chn\/wp-json\/wp\/v2\/types\/page"}],"author":[{"embeddable":true,"href":"https:\/\/www.tgdf.org.tr\/chn\/wp-json\/wp\/v2\/users\/1440"}],"replies":[{"embeddable":true,"href":"https:\/\/www.tgdf.org.tr\/chn\/wp-json\/wp\/v2\/comments?post=7708"}],"version-history":[{"count":0,"href":"https:\/\/www.tgdf.org.tr\/chn\/wp-json\/wp\/v2\/pages\/7708\/revisions"}],"wp:attachment":[{"href":"https:\/\/www.tgdf.org.tr\/chn\/wp-json\/wp\/v2\/media?parent=7708"}],"curies":[{"name":"wp","href":"https:\/\/api.w.org\/{rel}","templated":true}]}}