{"id":7669,"date":"2022-02-17T12:32:34","date_gmt":"2022-02-17T09:32:34","guid":{"rendered":"https:\/\/www.tgdf.org.tr\/chn\/?page_id=7669"},"modified":"2022-03-12T12:44:34","modified_gmt":"2022-03-12T09:44:34","slug":"finance-committee","status":"publish","type":"page","link":"https:\/\/www.tgdf.org.tr\/chn\/komisyonlar\/finance-committee\/","title":{"rendered":"\u8d22\u52a1\u59d4\u5458\u4f1a"},"content":{"rendered":"<div class=\"wpb-content-wrapper\"><p>[vc_row][vc_column width=\"2\/3\"][vc_column_text]<\/p>\n<p class=\"p1\">...<\/p>\n<p>[\/vc_column_text][\/vc_column][vc_column width=\"1\/3\"][vc_column_text]<\/p>\n<p class=\"p1\" style=\"text-align: center;\"><strong><span style=\"font-size: 14pt;\">\u8d1f\u8d23\u7684\u4e3b\u5e2d<\/span><\/strong><\/p>\n<p style=\"text-align: center;\">S\u00dcLEYMAN G\u00dc\u00c7L\u00dc<\/p>\n<p>[\/vc_column_text][vc_single_image image=\"7687\" img_size=\"full\" alignment=\"center\"][\/vc_column][\/vc_row]<\/p>\n<\/div>","protected":false},"excerpt":{"rendered":"<p>[vc_row][vc_column width=&#8221;2\/3&#8243;][vc_column_text] &#8230; [\/vc_column_text][\/vc_column][vc_column width=&#8221;1\/3&#8243;][vc_column_text] \u8d1f\u8d23\u7684\u4e3b\u5e2d S\u00dcLEYMAN G\u00dc\u00c7L\u00dc [\/vc_column_text][vc_single_image image=&#8221;7687&#8243; img_size=&#8221;full&#8221; alignment=&#8221;center&#8221;][\/vc_column][\/vc_row]<\/p>\n","protected":false},"author":1440,"featured_media":0,"parent":520,"menu_order":0,"comment_status":"closed","ping_status":"closed","template":"","meta":{"footnotes":""},"class_list":["post-7669","page","type-page","status-publish","hentry"],"_links":{"self":[{"href":"https:\/\/www.tgdf.org.tr\/chn\/wp-json\/wp\/v2\/pages\/7669","targetHints":{"allow":["GET"]}}],"collection":[{"href":"https:\/\/www.tgdf.org.tr\/chn\/wp-json\/wp\/v2\/pages"}],"about":[{"href":"https:\/\/www.tgdf.org.tr\/chn\/wp-json\/wp\/v2\/types\/page"}],"author":[{"embeddable":true,"href":"https:\/\/www.tgdf.org.tr\/chn\/wp-json\/wp\/v2\/users\/1440"}],"replies":[{"embeddable":true,"href":"https:\/\/www.tgdf.org.tr\/chn\/wp-json\/wp\/v2\/comments?post=7669"}],"version-history":[{"count":0,"href":"https:\/\/www.tgdf.org.tr\/chn\/wp-json\/wp\/v2\/pages\/7669\/revisions"}],"up":[{"embeddable":true,"href":"https:\/\/www.tgdf.org.tr\/chn\/wp-json\/wp\/v2\/pages\/520"}],"wp:attachment":[{"href":"https:\/\/www.tgdf.org.tr\/chn\/wp-json\/wp\/v2\/media?parent=7669"}],"curies":[{"name":"wp","href":"https:\/\/api.w.org\/{rel}","templated":true}]}}