{"id":6599,"date":"2020-01-21T07:50:07","date_gmt":"2020-01-21T07:50:07","guid":{"rendered":"https:\/\/www.tgdf.org.tr\/chn\/?page_id=6599"},"modified":"2022-11-18T14:57:32","modified_gmt":"2022-11-18T11:57:32","slug":"abuder","status":"publish","type":"page","link":"https:\/\/www.tgdf.org.tr\/chn\/abuder\/","title":{"rendered":"AB\u00dcDER"},"content":{"rendered":"<div class=\"wpb-content-wrapper\"><p>[vc_row][vc_column width=\"1\/2\"][vc_text_separator title=\"AB\u00dcDER \u2013 AROMAT\u0130K B\u0130TK\u0130LER VE BAHARAT \u00dcRET\u0130C\u0130LER\u0130 DERNE\u011e\u0130\" title_align=\"separator_align_left\" color=\"black\"][\/vc_column][vc_column width=\"1\/2\"][vc_text_separator title=\"\u0130LET\u0130\u015e\u0130M B\u0130LG\u0130LER\u0130\" title_align=\"separator_align_left\" color=\"black\"][\/vc_column][\/vc_row][vc_row][vc_column width=\"1\/2\"][\/vc_column][vc_column width=\"1\/2\"][vc_column_text]<\/p>\n<table style=\"width: 100%; height: 264px;\">\n<tbody>\n<tr style=\"height: 24px;\">\n<td style=\"height: 24px;\"><b>Ba\u015fkan:<\/b><\/td>\n<td style=\"height: 24px;\"><b>Ayd\u0131n Acun<\/b><\/td>\n<\/tr>\n<tr style=\"height: 24px;\">\n<td style=\"height: 24px;\"><b>Telefon:<\/b><\/td>\n<td style=\"height: 24px;\">0\u00a0212 549 23 63<\/td>\n<\/tr>\n<tr style=\"height: 24px;\">\n<td style=\"height: 24px;\"><b>E-mail:<\/b><\/td>\n<td style=\"height: 24px;\"><\/td>\n<\/tr>\n<tr style=\"height: 24px;\">\n<td style=\"height: 24px;\"><b>Adres:<\/b><\/td>\n<td style=\"height: 24px;\">Aykosan Sanayi Sitesi 2 k\u0131s\u0131m 15.Ada A blok \u0130kitelli Organize Sanayi B\u00f6lgesi Ba\u015fak\u015fehir\/\u0130stanbul<\/td>\n<\/tr>\n<tr style=\"height: 48px;\">\n<td style=\"height: 48px;\"><b>Genel Sekreter:<\/b><\/td>\n<td style=\"height: 48px;\"><b>Ay\u015feg\u00fcl Ayd\u0131n<\/b><\/td>\n<\/tr>\n<tr style=\"height: 24px;\">\n<td style=\"height: 24px;\"><b>Telefon:<\/b><\/td>\n<td style=\"height: 24px;\">0 212 549 23 63<\/td>\n<\/tr>\n<tr style=\"height: 24px;\">\n<td style=\"height: 24px;\"><b>E-mail:<\/b><\/td>\n<td style=\"height: 24px;\"><\/td>\n<\/tr>\n<tr style=\"height: 48px;\">\n<td style=\"height: 48px;\"><b>Adres:<\/b><\/td>\n<td style=\"height: 48px;\">Yass\u0131\u00f6ren mah. Bay\u0131nd\u0131r cad. Papa\u011fan sk. No.11 Arnavutk\u00f6y\/\u0130stanbul<\/td>\n<\/tr>\n<tr style=\"height: 24px;\">\n<td style=\"height: 24px;\"><b>Web Adresi:<\/b><\/td>\n<td style=\"height: 24px;\"><a href=\"https:\/\/abuder.org.tr\/\">https:\/\/abuder.org.tr\/<\/a><\/td>\n<\/tr>\n<\/tbody>\n<\/table>\n<p>[\/vc_column_text][\/vc_column][\/vc_row]<\/p>\n<\/div>","protected":false},"excerpt":{"rendered":"<p>[vc_row][vc_column width=&#8221;1\/2&#8243;][vc_text_separator title=&#8221;AB\u00dcDER \u2013 AROMAT\u0130K B\u0130TK\u0130LER VE BAHARAT \u00dcRET\u0130C\u0130LER\u0130 DERNE\u011e\u0130&#8221; title_align=&#8221;separator_align_left&#8221; color=&#8221;black&#8221;][\/vc_column][vc_column width=&#8221;1\/2&#8243;][vc_text_separator title=&#8221;\u0130LET\u0130\u015e\u0130M B\u0130LG\u0130LER\u0130&#8221; title_align=&#8221;separator_align_left&#8221; color=&#8221;black&#8221;][\/vc_column][\/vc_row][vc_row][vc_column width=&#8221;1\/2&#8243;][\/vc_column][vc_column width=&#8221;1\/2&#8243;][vc_column_text] Ba\u015fkan: Ayd\u0131n Acun Telefon: 0\u00a0212 549 23 63 E-mail: Adres: Aykosan Sanayi Sitesi 2 k\u0131s\u0131m 15.Ada A blok \u0130kitelli Organize Sanayi B\u00f6lgesi Ba\u015fak\u015fehir\/\u0130stanbul Genel Sekreter: Ay\u015feg\u00fcl Ayd\u0131n Telefon: 0 212 549 23 63 E-mail: Adres: Yass\u0131\u00f6ren [&hellip;]<\/p>\n","protected":false},"author":1436,"featured_media":0,"parent":0,"menu_order":0,"comment_status":"closed","ping_status":"closed","template":"","meta":{"footnotes":""},"class_list":["post-6599","page","type-page","status-publish","hentry"],"_links":{"self":[{"href":"https:\/\/www.tgdf.org.tr\/chn\/wp-json\/wp\/v2\/pages\/6599","targetHints":{"allow":["GET"]}}],"collection":[{"href":"https:\/\/www.tgdf.org.tr\/chn\/wp-json\/wp\/v2\/pages"}],"about":[{"href":"https:\/\/www.tgdf.org.tr\/chn\/wp-json\/wp\/v2\/types\/page"}],"author":[{"embeddable":true,"href":"https:\/\/www.tgdf.org.tr\/chn\/wp-json\/wp\/v2\/users\/1436"}],"replies":[{"embeddable":true,"href":"https:\/\/www.tgdf.org.tr\/chn\/wp-json\/wp\/v2\/comments?post=6599"}],"version-history":[{"count":0,"href":"https:\/\/www.tgdf.org.tr\/chn\/wp-json\/wp\/v2\/pages\/6599\/revisions"}],"wp:attachment":[{"href":"https:\/\/www.tgdf.org.tr\/chn\/wp-json\/wp\/v2\/media?parent=6599"}],"curies":[{"name":"wp","href":"https:\/\/api.w.org\/{rel}","templated":true}]}}