{"id":580,"date":"2016-06-23T12:10:27","date_gmt":"2016-06-23T12:10:27","guid":{"rendered":"https:\/\/www.tgdf.org.tr\/chn\/yeni1\/?page_id=580"},"modified":"2021-05-31T19:49:38","modified_gmt":"2021-05-31T16:49:38","slug":"iletisim","status":"publish","type":"page","link":"https:\/\/www.tgdf.org.tr\/chn\/iletisim\/","title":{"rendered":"\u8054\u7cfb\u65b9\u5f0f"},"content":{"rendered":"<div class=\"wpb-content-wrapper\"><p>[vc_row][vc_column width=\"1\/2\"][vc_column_text]<\/p>\n<p class=\"p1\"><span style=\"font-size: 14pt;\"><b>TGDF <\/b><span class=\"s1\"><b>\u4e2d\u5fc3<\/b><\/span><\/span><\/p>\n<p>&#x1f4de; \u7535\u8bdd<span class=\"s1\"> :<\/span>0 216 651 86 81 - \u4f20\u771f<span class=\"s1\"> :<\/span>0 216 651 86 83<\/p>\n<p>&#x1f3e2; Altunizade Mah. K\u0131s\u0131kl\u0131 <span class=\"s1\">\u8857\u9053<\/span>.\u00a0Tekin Ak \u0130\u015f Merkezi 3<span class=\"s1\">\u53f7<\/span><br \/>\n2<span class=\"s1\">\u697c<\/span>7<span class=\"s1\">\u5ba4<\/span> <span class=\"s1\">\uff0c\u7f16\u7801<\/span>34662\u00a0 Ba\u011flarba\u015f\u0131 \u2013 \u00dcsk\u00fcdar <span class=\"s1\">\u4f0a\u65af\u5766\u5e03\u5c14<\/span><\/p>\n<p>&#x2709; \u90ae\u7bb1<span class=\"s1\">: <\/span><a href=\"mailto:genelsekreterlik@tgdf.org.tr\">genelsekreterlik@tgdf.org.tr<\/a><\/p>\n<p class=\"p1\">TGDF KEP <span class=\"s1\">\u5730\u5740: <\/span><a href=\"mailto:tgdf@hs01.kep.tr\">tgdf@hs01.kep.tr<\/a><\/p>\n<p>[\/vc_column_text][\/vc_column][vc_column width=\"1\/2\"][vc_gmaps link=\"#E-8_JTNDaWZyYW1lJTIwc3JjJTNEJTIyaHR0cHMlM0ElMkYlMkZ3d3cuZ29vZ2xlLmNvbSUyRm1hcHMlMkZlbWJlZCUzRnBiJTNEJTIxMW0xOCUyMTFtMTIlMjExbTMlMjExZDMwMTAuMDYwODQ0MjUxNDcxNyUyMTJkMjkuMDM1NDgwMTE1NDE0NTQ3JTIxM2Q0MS4wMjM5MjQ3NzkyOTkxNiUyMTJtMyUyMTFmMCUyMTJmMCUyMTNmMCUyMTNtMiUyMTFpMTAyNCUyMTJpNzY4JTIxNGYxMy4xJTIxM20zJTIxMW0yJTIxMXMweDE0Y2FiN2ZiMmY0NTg4OGIlMjUzQTB4MWEyYmE3NDllMjg1NzAyYSUyMTJzVCUyNUMzJTI1QkNya2l5ZSUyQkclMjVDNCUyNUIxZGElMkJ2ZSUyQiUyNUM0JTI1QjAlMjVDMyUyNUE3ZWNlayUyQlNhbmF5aWklMkJEZXJuZWtsZXJpJTJCRmVkZXJhc3lvbnUlMjE1ZTAlMjEzbTIlMjExc3RyJTIxMnNrciUyMTR2MTUyMjk4MDc4NDMzNyUyMiUyMHdpZHRoJTNEJTIyNjAwJTIyJTIwaGVpZ2h0JTNEJTIyNDUwJTIyJTIwZnJhbWVib3JkZXIlM0QlMjIwJTIyJTIwc3R5bGUlM0QlMjJib3JkZXIlM0EwJTIyJTIwYWxsb3dmdWxsc2NyZWVuJTNFJTNDJTJGaWZyYW1lJTNF\"][\/vc_column][\/vc_row]<\/p>\n<\/div>","protected":false},"excerpt":{"rendered":"<p>[vc_row][vc_column width=&#8221;1\/2&#8243;][vc_column_text] TGDF \u4e2d\u5fc3 &#x1f4de; \u7535\u8bdd :0 216 651 86 81 &#8211; \u4f20\u771f :0 216 651 86 83 &#x1f3e2; Altunizade Mah. K\u0131s\u0131kl\u0131 \u8857\u9053.\u00a0Tekin Ak \u0130\u015f Merkezi 3\u53f7 2\u697c7\u5ba4 \uff0c\u7f16\u780134662\u00a0 Ba\u011flarba\u015f\u0131 \u2013 \u00dcsk\u00fcdar \u4f0a\u65af\u5766\u5e03\u5c14 &#x2709; \u90ae\u7bb1: genelsekreterlik@tgdf.org.tr TGDF KEP \u5730\u5740: tgdf@hs01.kep.tr [\/vc_column_text][\/vc_column][vc_column width=&#8221;1\/2&#8243;][vc_gmaps link=&#8221;#E-8_JTNDaWZyYW1lJTIwc3JjJTNEJTIyaHR0cHMlM0ElMkYlMkZ3d3cuZ29vZ2xlLmNvbSUyRm1hcHMlMkZlbWJlZCUzRnBiJTNEJTIxMW0xOCUyMTFtMTIlMjExbTMlMjExZDMwMTAuMDYwODQ0MjUxNDcxNyUyMTJkMjkuMDM1NDgwMTE1NDE0NTQ3JTIxM2Q0MS4wMjM5MjQ3NzkyOTkxNiUyMTJtMyUyMTFmMCUyMTJmMCUyMTNmMCUyMTNtMiUyMTFpMTAyNCUyMTJpNzY4JTIxNGYxMy4xJTIxM20zJTIxMW0yJTIxMXMweDE0Y2FiN2ZiMmY0NTg4OGIlMjUzQTB4MWEyYmE3NDllMjg1NzAyYSUyMTJzVCUyNUMzJTI1QkNya2l5ZSUyQkclMjVDNCUyNUIxZGElMkJ2ZSUyQiUyNUM0JTI1QjAlMjVDMyUyNUE3ZWNlayUyQlNhbmF5aWklMkJEZXJuZWtsZXJpJTJCRmVkZXJhc3lvbnUlMjE1ZTAlMjEzbTIlMjExc3RyJTIxMnNrciUyMTR2MTUyMjk4MDc4NDMzNyUyMiUyMHdpZHRoJTNEJTIyNjAwJTIyJTIwaGVpZ2h0JTNEJTIyNDUwJTIyJTIwZnJhbWVib3JkZXIlM0QlMjIwJTIyJTIwc3R5bGUlM0QlMjJib3JkZXIlM0EwJTIyJTIwYWxsb3dmdWxsc2NyZWVuJTNFJTNDJTJGaWZyYW1lJTNF&#8221;][\/vc_column][\/vc_row]<\/p>\n","protected":false},"author":1436,"featured_media":0,"parent":0,"menu_order":0,"comment_status":"closed","ping_status":"closed","template":"","meta":{"footnotes":""},"class_list":["post-580","page","type-page","status-publish","hentry"],"_links":{"self":[{"href":"https:\/\/www.tgdf.org.tr\/chn\/wp-json\/wp\/v2\/pages\/580","targetHints":{"allow":["GET"]}}],"collection":[{"href":"https:\/\/www.tgdf.org.tr\/chn\/wp-json\/wp\/v2\/pages"}],"about":[{"href":"https:\/\/www.tgdf.org.tr\/chn\/wp-json\/wp\/v2\/types\/page"}],"author":[{"embeddable":true,"href":"https:\/\/www.tgdf.org.tr\/chn\/wp-json\/wp\/v2\/users\/1436"}],"replies":[{"embeddable":true,"href":"https:\/\/www.tgdf.org.tr\/chn\/wp-json\/wp\/v2\/comments?post=580"}],"version-history":[{"count":0,"href":"https:\/\/www.tgdf.org.tr\/chn\/wp-json\/wp\/v2\/pages\/580\/revisions"}],"wp:attachment":[{"href":"https:\/\/www.tgdf.org.tr\/chn\/wp-json\/wp\/v2\/media?parent=580"}],"curies":[{"name":"wp","href":"https:\/\/api.w.org\/{rel}","templated":true}]}}