{"id":562,"date":"2016-06-23T12:07:31","date_gmt":"2016-06-23T12:07:31","guid":{"rendered":"https:\/\/www.tgdf.org.tr\/chn\/yeni1\/?page_id=562"},"modified":"2022-07-18T21:48:02","modified_gmt":"2022-07-18T18:48:02","slug":"cevre-ve-tarim-komisyonu","status":"publish","type":"page","link":"https:\/\/www.tgdf.org.tr\/chn\/komisyonlar\/cevre-ve-tarim-komisyonu\/","title":{"rendered":"\u73af\u5883\u4e0e\u519c\u4e1a\u59d4\u5458\u4f1a"},"content":{"rendered":"<div class=\"wpb-content-wrapper\"><p>[vc_row][vc_column width=\"2\/3\"][vc_column_text]<\/p>\n<p class=\"p1\">\u4e8e\u98df\u54c1\u548c\u996e\u6599\u516c\u53f8\u786e\u4fdd\u5176\u4f9b\u5e94\u94fe\u7684\u53ef\u6301\u7eed\u6027\u3001\u5bf9\u957f\u671f\u5b58\u5728\u800c\u8a00\u4e5f\u975e\u5e38\u91cd\u8981\u3002<span class=\"s1\">TGDF<\/span>\u81f4\u529b\u4e8e\u652f\u6301\u53ef\u6301\u7eed\u5b9e\u8df5\uff0c\u4ee5\u4fdd\u62a4\u548c\u9f13\u52b1\u81ea\u7136\u8d44\u6e90\u3002\u6b64\u5916\uff0c\u4e3a\u4e86\u52a0\u5f3a\u548c\u6269\u5c55\u884c\u4e1a\u7684\u73af\u5883\u7814\u53d1\u7814\u7a76\uff0c\u53ef\u6301\u7eed\u7684\u751f\u4ea7\u548c\u6d88\u8d39\uff0c\u4e3a\u4e86\u6709\u6548\u5730\u5236\u5b9a\u91cd\u8981\u7684\u73af\u5883\u653f\u7b56\uff0c\u4f8b\u5982\u80fd\u6e90\uff0c\u6c14\u5019\u53d8\u5316\uff0c\u6c34\uff0c\u5e9f\u7269\u548c\u8d44\u6e90\u7ba1\u7406\uff0c\u9f13\u52b1\u5728\u98df\u7269\u94fe\u7684\u5404\u4e2a\u9636\u6bb5\u3001\u4f8b\u5982\u519c\u4e1a\uff0c\u751f\u4ea7\uff0c\u96f6\u552e\u548c\u6d88\u8d39\u7b49\u65b9\u9762\u6709\u6548\u5229\u7528\u8d44\u6e90\u7684\u505a\u6cd5\uff0c\u76d1\u89c6\u6709\u5173\u300a\u751f\u7269\u5b89\u5168\u6cd5\u300b\u548c\u76f8\u5173\u6cd5\u89c4\u7684\u53d1\u5c55\uff0c\u4e3a\u7acb\u6cd5\u7684\u5236\u5b9a\u505a\u51fa\u8d21\u732e\uff0c\u5728\u4e0e\u4f01\u4e1a\uff0c\u79d1\u5b66\u548c\u516c\u6c11\u793e\u4f1a\u7684\u56fd\u5bb6\u548c\u56fd\u9645\u5229\u76ca\u76f8\u5173\u8005\u8fdb\u884c\u6c9f\u901a\u65b9\u9762\u53d1\u6325\u4e86\u79ef\u6781\u4f5c\u7528\u3002<\/p>\n<p class=\"p1\"><span class=\"s1\">TGDF<\/span>\u5c3d\u53ef\u80fd\u63a8\u5e7f\u5e76\u9075\u5faa\u6700\u4f73\u5b9e\u8df5\uff0c\u4ee5\u4fc3\u8fdb\u8be5\u6280\u672f\u7684\u4f7f\u7528\u3002\u5176\u4e2d\u6700\u91cd\u8981\u7684\u662f\u5c06\u4e8e<span class=\"s1\">2020<\/span>\u5e74\u5b9e\u73b0\u7684\u300a\u5df4\u9ece\u534f\u5b9a\u300b\u3002\u7531\u5fb7\u56fd\u56fd\u9645\u5408\u4f5c\u7f72\uff08<span class=\"s1\">GIZ<\/span>\uff09\u5b9e\u65bd\uff0c\u5fb7\u56fd\u8054\u90a6\u73af\u5883\uff0c\u81ea\u7136\u4fdd\u62a4\uff0c\u5efa\u7b51\u548c\u6838\u5b89\u5168\u90e8\uff0c\u4e0e\u571f\u8033\u5176\u5171\u548c\u56fd\u73af\u5883\u4e0e\u57ce\u5e02\u53d1\u5c55\u90e8\u5408\u4f5c\u5f00\u5c55\u4e86<span class=\"s1\">\u201c<\/span>\u5fb7\u56fd\u56fd\u9645\u6c14\u5019\u5021\u8bae\u4e0b\u7684\u571f\u8033\u5176\u6e29\u5ba4\u6c14\u4f53\u6392\u653e\u76d1\u6d4b\u56fd\u9645\u5408\u4f5c\uff0c\u80fd\u529b\u53d1\u5c55\u9879\u76ee\u7684\u62a5\u544a\u548c\u9a8c\u8bc1\u9879\u76ee<span class=\"s1\">\u201d<\/span>\uff0c\u6d89\u53ca\u884c\u4e1a\u8303\u56f4 \u5bf9\u5176\u6574\u5408\u8fdb\u884c\u7814\u7a76\u3002<span class=\"s1\">TGDF<\/span>\u6b63\u5728\u5bc6\u5207\u5173\u6ce8\u8be5\u9879\u76ee\uff0c\u8fd9\u662f\u5df4\u9ece\u534f\u8bae\u7684\u521d\u6b65\u7814\u7a76\u4e4b\u4e00\uff0c\u8be5\u534f\u8bae\u5c06\u4e8e<span class=\"s1\">2020<\/span>\u5e74\u751f\u6548\u3002<\/p>\n<p>[\/vc_column_text][\/vc_column][vc_column width=\"1\/3\"][vc_column_text]<\/p>\n<p class=\"p1\" style=\"text-align: center;\"><strong><span style=\"font-size: 14pt;\">\u8d1f\u8d23\u7684\u4e3b\u5e2d<\/span><\/strong><\/p>\n<p style=\"text-align: center;\">K\u00dcR\u015eAT AB\u0130D\u0130N APAN<\/p>\n<p>[\/vc_column_text][vc_single_image image=\"7629\" img_size=\"full\" alignment=\"center\"][\/vc_column][\/vc_row]<\/p>\n<\/div>","protected":false},"excerpt":{"rendered":"<p>[vc_row][vc_column width=&#8221;2\/3&#8243;][vc_column_text] \u4e8e\u98df\u54c1\u548c\u996e\u6599\u516c\u53f8\u786e\u4fdd\u5176\u4f9b\u5e94\u94fe\u7684\u53ef\u6301\u7eed\u6027\u3001\u5bf9\u957f\u671f\u5b58\u5728\u800c\u8a00\u4e5f\u975e\u5e38\u91cd\u8981\u3002TGDF\u81f4\u529b\u4e8e\u652f\u6301\u53ef\u6301\u7eed\u5b9e\u8df5\uff0c\u4ee5\u4fdd\u62a4\u548c\u9f13\u52b1\u81ea\u7136\u8d44\u6e90\u3002\u6b64\u5916\uff0c\u4e3a\u4e86\u52a0\u5f3a\u548c\u6269\u5c55\u884c\u4e1a\u7684\u73af\u5883\u7814\u53d1\u7814\u7a76\uff0c\u53ef\u6301\u7eed\u7684\u751f\u4ea7\u548c\u6d88\u8d39\uff0c\u4e3a\u4e86\u6709\u6548\u5730\u5236\u5b9a\u91cd\u8981\u7684\u73af\u5883\u653f\u7b56\uff0c\u4f8b\u5982\u80fd\u6e90\uff0c\u6c14\u5019\u53d8\u5316\uff0c\u6c34\uff0c\u5e9f\u7269\u548c\u8d44\u6e90\u7ba1\u7406\uff0c\u9f13\u52b1\u5728\u98df\u7269\u94fe\u7684\u5404\u4e2a\u9636\u6bb5\u3001\u4f8b\u5982\u519c\u4e1a\uff0c\u751f\u4ea7\uff0c\u96f6\u552e\u548c\u6d88\u8d39\u7b49\u65b9\u9762\u6709\u6548\u5229\u7528\u8d44\u6e90\u7684\u505a\u6cd5\uff0c\u76d1\u89c6\u6709\u5173\u300a\u751f\u7269\u5b89\u5168\u6cd5\u300b\u548c\u76f8\u5173\u6cd5\u89c4\u7684\u53d1\u5c55\uff0c\u4e3a\u7acb\u6cd5\u7684\u5236\u5b9a\u505a\u51fa\u8d21\u732e\uff0c\u5728\u4e0e\u4f01\u4e1a\uff0c\u79d1\u5b66\u548c\u516c\u6c11\u793e\u4f1a\u7684\u56fd\u5bb6\u548c\u56fd\u9645\u5229\u76ca\u76f8\u5173\u8005\u8fdb\u884c\u6c9f\u901a\u65b9\u9762\u53d1\u6325\u4e86\u79ef\u6781\u4f5c\u7528\u3002 TGDF\u5c3d\u53ef\u80fd\u63a8\u5e7f\u5e76\u9075\u5faa\u6700\u4f73\u5b9e\u8df5\uff0c\u4ee5\u4fc3\u8fdb\u8be5\u6280\u672f\u7684\u4f7f\u7528\u3002\u5176\u4e2d\u6700\u91cd\u8981\u7684\u662f\u5c06\u4e8e2020\u5e74\u5b9e\u73b0\u7684\u300a\u5df4\u9ece\u534f\u5b9a\u300b\u3002\u7531\u5fb7\u56fd\u56fd\u9645\u5408\u4f5c\u7f72\uff08GIZ\uff09\u5b9e\u65bd\uff0c\u5fb7\u56fd\u8054\u90a6\u73af\u5883\uff0c\u81ea\u7136\u4fdd\u62a4\uff0c\u5efa\u7b51\u548c\u6838\u5b89\u5168\u90e8\uff0c\u4e0e\u571f\u8033\u5176\u5171\u548c\u56fd\u73af\u5883\u4e0e\u57ce\u5e02\u53d1\u5c55\u90e8\u5408\u4f5c\u5f00\u5c55\u4e86\u201c\u5fb7\u56fd\u56fd\u9645\u6c14\u5019\u5021\u8bae\u4e0b\u7684\u571f\u8033\u5176\u6e29\u5ba4\u6c14\u4f53\u6392\u653e\u76d1\u6d4b\u56fd\u9645\u5408\u4f5c\uff0c\u80fd\u529b\u53d1\u5c55\u9879\u76ee\u7684\u62a5\u544a\u548c\u9a8c\u8bc1\u9879\u76ee\u201d\uff0c\u6d89\u53ca\u884c\u4e1a\u8303\u56f4 \u5bf9\u5176\u6574\u5408\u8fdb\u884c\u7814\u7a76\u3002TGDF\u6b63\u5728\u5bc6\u5207\u5173\u6ce8\u8be5\u9879\u76ee\uff0c\u8fd9\u662f\u5df4\u9ece\u534f\u8bae\u7684\u521d\u6b65\u7814\u7a76\u4e4b\u4e00\uff0c\u8be5\u534f\u8bae\u5c06\u4e8e2020\u5e74\u751f\u6548\u3002 [\/vc_column_text][\/vc_column][vc_column width=&#8221;1\/3&#8243;][vc_column_text] \u8d1f\u8d23\u7684\u4e3b\u5e2d K\u00dcR\u015eAT AB\u0130D\u0130N APAN [\/vc_column_text][vc_single_image image=&#8221;7629&#8243; img_size=&#8221;full&#8221; alignment=&#8221;center&#8221;][\/vc_column][\/vc_row]<\/p>\n","protected":false},"author":1436,"featured_media":0,"parent":520,"menu_order":0,"comment_status":"closed","ping_status":"closed","template":"","meta":{"footnotes":""},"class_list":["post-562","page","type-page","status-publish","hentry"],"_links":{"self":[{"href":"https:\/\/www.tgdf.org.tr\/chn\/wp-json\/wp\/v2\/pages\/562","targetHints":{"allow":["GET"]}}],"collection":[{"href":"https:\/\/www.tgdf.org.tr\/chn\/wp-json\/wp\/v2\/pages"}],"about":[{"href":"https:\/\/www.tgdf.org.tr\/chn\/wp-json\/wp\/v2\/types\/page"}],"author":[{"embeddable":true,"href":"https:\/\/www.tgdf.org.tr\/chn\/wp-json\/wp\/v2\/users\/1436"}],"replies":[{"embeddable":true,"href":"https:\/\/www.tgdf.org.tr\/chn\/wp-json\/wp\/v2\/comments?post=562"}],"version-history":[{"count":0,"href":"https:\/\/www.tgdf.org.tr\/chn\/wp-json\/wp\/v2\/pages\/562\/revisions"}],"up":[{"embeddable":true,"href":"https:\/\/www.tgdf.org.tr\/chn\/wp-json\/wp\/v2\/pages\/520"}],"wp:attachment":[{"href":"https:\/\/www.tgdf.org.tr\/chn\/wp-json\/wp\/v2\/media?parent=562"}],"curies":[{"name":"wp","href":"https:\/\/api.w.org\/{rel}","templated":true}]}}