{"id":5480,"date":"2017-08-08T11:50:14","date_gmt":"2017-08-08T11:50:14","guid":{"rendered":"https:\/\/www.tgdf.org.tr\/chn\/?page_id=5480"},"modified":"2021-10-27T03:06:14","modified_gmt":"2021-10-27T00:06:14","slug":"besd-bir","status":"publish","type":"page","link":"https:\/\/www.tgdf.org.tr\/chn\/besd-bir\/","title":{"rendered":"BESD-B\u0130R"},"content":{"rendered":"<div class=\"wpb-content-wrapper\"><p>[vc_row][vc_column width=\"1\/2\"][vc_text_separator title=\"BESD-B\u0130R | Beyaz Et Sanayicileri ve Dam\u0131zl\u0131k\u00e7\u0131lar\u0131 Birli\u011fi Derne\u011fi\" title_align=\"separator_align_left\" color=\"black\"][\/vc_column][vc_column width=\"1\/2\"][vc_text_separator title=\"\u0130LET\u0130\u015e\u0130M B\u0130LG\u0130LER\u0130\" title_align=\"separator_align_left\" color=\"black\"][\/vc_column][\/vc_row][vc_row][vc_column width=\"1\/2\"][\/vc_column][vc_column width=\"1\/2\"][vc_column_text]<\/p>\n<table>\n<tbody>\n<tr>\n<td><b>Ba\u015fkan:<\/b><\/td>\n<td><b>Naci KAPLAN<\/b><\/td>\n<\/tr>\n<tr>\n<td><b>Telefon:<\/b><\/td>\n<td>264 871 2788<\/td>\n<\/tr>\n<tr>\n<td><b>E-mail:<\/b><\/td>\n<td><\/td>\n<\/tr>\n<tr>\n<td><b>Adres:<\/b><\/td>\n<td>K. Kaynarca Cd. No:5 Kaynarca\/Sakarya<\/td>\n<\/tr>\n<tr>\n<td><b>Genel Sekreter:<\/b><\/td>\n<td><strong>Ahmet Erg\u00fcn<\/strong><\/td>\n<\/tr>\n<tr>\n<td><b>Telefon:<\/b><\/td>\n<td>0312 472 7788<\/td>\n<\/tr>\n<tr>\n<td><b>E-mail:<\/b><\/td>\n<td><\/td>\n<\/tr>\n<tr>\n<td><b>Adres:<\/b><\/td>\n<td>\u00c7etin Eme\u00e7 Blv. 1314.Cad. 1309.Sk. 5\/A 06460 \u00d6ve\u00e7ler-ANKARA<\/td>\n<\/tr>\n<tr>\n<td><b>Web Adresi:<\/b><\/td>\n<td><\/td>\n<\/tr>\n<\/tbody>\n<\/table>\n<p>[\/vc_column_text][\/vc_column][\/vc_row]<\/p>\n<\/div>","protected":false},"excerpt":{"rendered":"<p>[vc_row][vc_column width=&#8221;1\/2&#8243;][vc_text_separator title=&#8221;BESD-B\u0130R | Beyaz Et Sanayicileri ve Dam\u0131zl\u0131k\u00e7\u0131lar\u0131 Birli\u011fi Derne\u011fi&#8221; title_align=&#8221;separator_align_left&#8221; color=&#8221;black&#8221;][\/vc_column][vc_column width=&#8221;1\/2&#8243;][vc_text_separator title=&#8221;\u0130LET\u0130\u015e\u0130M B\u0130LG\u0130LER\u0130&#8221; title_align=&#8221;separator_align_left&#8221; color=&#8221;black&#8221;][\/vc_column][\/vc_row][vc_row][vc_column width=&#8221;1\/2&#8243;][\/vc_column][vc_column width=&#8221;1\/2&#8243;][vc_column_text] Ba\u015fkan: Naci KAPLAN Telefon: 264 871 2788 E-mail: Adres: K. Kaynarca Cd. No:5 Kaynarca\/Sakarya Genel Sekreter: Ahmet Erg\u00fcn Telefon: 0312 472 7788 E-mail: Adres: \u00c7etin Eme\u00e7 Blv. 1314.Cad. 1309.Sk. 5\/A 06460 \u00d6ve\u00e7ler-ANKARA Web Adresi: [\/vc_column_text][\/vc_column][\/vc_row]<\/p>\n","protected":false},"author":1440,"featured_media":0,"parent":0,"menu_order":0,"comment_status":"closed","ping_status":"closed","template":"","meta":{"footnotes":""},"class_list":["post-5480","page","type-page","status-publish","hentry"],"_links":{"self":[{"href":"https:\/\/www.tgdf.org.tr\/chn\/wp-json\/wp\/v2\/pages\/5480","targetHints":{"allow":["GET"]}}],"collection":[{"href":"https:\/\/www.tgdf.org.tr\/chn\/wp-json\/wp\/v2\/pages"}],"about":[{"href":"https:\/\/www.tgdf.org.tr\/chn\/wp-json\/wp\/v2\/types\/page"}],"author":[{"embeddable":true,"href":"https:\/\/www.tgdf.org.tr\/chn\/wp-json\/wp\/v2\/users\/1440"}],"replies":[{"embeddable":true,"href":"https:\/\/www.tgdf.org.tr\/chn\/wp-json\/wp\/v2\/comments?post=5480"}],"version-history":[{"count":0,"href":"https:\/\/www.tgdf.org.tr\/chn\/wp-json\/wp\/v2\/pages\/5480\/revisions"}],"wp:attachment":[{"href":"https:\/\/www.tgdf.org.tr\/chn\/wp-json\/wp\/v2\/media?parent=5480"}],"curies":[{"name":"wp","href":"https:\/\/api.w.org\/{rel}","templated":true}]}}