{"id":524,"date":"2016-06-23T11:43:02","date_gmt":"2016-06-23T11:43:02","guid":{"rendered":"https:\/\/www.tgdf.org.tr\/chn\/yeni1\/?page_id=524"},"modified":"2022-09-24T18:54:43","modified_gmt":"2022-09-24T15:54:43","slug":"baskanlar-kurulu","status":"publish","type":"page","link":"https:\/\/www.tgdf.org.tr\/chn\/hakkimizda\/baskanlar-kurulu\/","title":{"rendered":"\u4e3b\u5e2d\u59d4\u5458\u4f1a"},"content":{"rendered":"<div class=\"wpb-content-wrapper\"><p>[vc_row][vc_column width=\"1\/3\"][vc_single_image image=\"7332\" img_size=\"200x200\" alignment=\"center\" style=\"vc_box_shadow_3d\"][vc_custom_heading text=\"Ayd\u0131n Acun\" font_container=\"tag:h6|text_align:center\"][vc_column_text]<\/p>\n<p class=\"p1\" style=\"text-align: center;\"><a href=\"https:\/\/abuder.org.tr\/\"><span class=\"s1\"><b>AB\u00dcDER<\/b><\/span><span class=\"s2\"><b>\u5305\u88c5\u9999\u6599\u5236\u9020\u5546\u534f\u4f1a<\/b><\/span><\/a><\/p>\n<p>[\/vc_column_text][\/vc_column][vc_column width=\"1\/3\"][vc_single_image image=\"7300\" img_size=\"200x200\" alignment=\"center\" style=\"vc_box_shadow_3d\"][vc_custom_heading text=\"Levent K\u00f6m\u00fcr\" font_container=\"tag:h6|text_align:center\"][vc_column_text]<\/p>\n<p class=\"p1\" style=\"text-align: center;\"><a href=\"http:\/\/www.alkider.org.tr\/\"><span class=\"s1\">ALK\u0130DER<\/span><span class=\"s2\">\u00a0<\/span><span class=\"s3\">\u9152\u7cbe\u996e\u6599\u751f\u4ea7\u8005\u548c\u8fdb\u53e3\u5546\u534f\u4f1a<\/span><\/a><\/p>\n<p>[\/vc_column_text][\/vc_column][vc_column width=\"1\/3\"][vc_single_image image=\"7303\" img_size=\"200x200\" alignment=\"center\" style=\"vc_box_shadow_3d\"][vc_custom_heading text=\"Harun \u00c7all\u0131\" font_container=\"tag:h6|text_align:center\"][vc_column_text]<\/p>\n<p class=\"p1\" style=\"text-align: center;\"><a href=\"http:\/\/www.asuder.org.tr\/\"><span class=\"s1\">AS\u00dcD<\/span><span class=\"s2\">\u00a0<\/span><span class=\"s3\">\u5305\u88c5\u5976\u548c\u4e73\u5236\u54c1\u5236\u9020\u5546\u534f\u4f1a<\/span><\/a><\/p>\n<p>[\/vc_column_text][\/vc_column][\/vc_row][vc_row][vc_column width=\"1\/3\"][vc_single_image image=\"7302\" img_size=\"200x200\" alignment=\"center\" style=\"vc_box_shadow_3d\"][vc_custom_heading text=\"\u00d6zen Alt\u0131parmak\" font_container=\"tag:h6|text_align:center\"][vc_column_text]<\/p>\n<p class=\"p1\" style=\"text-align: center;\"><a href=\"http:\/\/www.balder.org.tr\/\"><span class=\"s1\">BALDER<\/span><span class=\"s2\">\u00a0<\/span><span class=\"s3\">\u871c\u8702\u4ea7\u54c1\u548c\u5065\u5eb7\u751f\u6d3b\u5e73\u53f0\u534f\u4f1a<\/span><\/a><\/p>\n<p>[\/vc_column_text][\/vc_column][vc_column width=\"1\/3\"][vc_single_image image=\"7511\" img_size=\"200x200\" alignment=\"center\" style=\"vc_box_shadow_3d\"][vc_custom_heading text=\"Naci KAPLAN\" font_container=\"tag:h6|text_align:center\"][vc_column_text]<\/p>\n<p class=\"p1\" style=\"text-align: center;\"><a href=\"http:\/\/www.besd-bir.org\/\"><span class=\"s1\">BESD-B\u0130R<\/span><span class=\"s2\">\u00a0<\/span><span class=\"s3\">\u5bb6\u79bd\u8089\u5236\u9020\u5546\u548c\u9972\u517b\u8005\u534f\u4f1a<\/span><\/a><\/p>\n<p>[\/vc_column_text][\/vc_column][vc_column width=\"1\/3\"][vc_single_image image=\"7583\" img_size=\"200x200\" alignment=\"center\" style=\"vc_box_shadow_3d\"][vc_custom_heading text=\"G\u00fcven Erdal\" font_container=\"tag:h6|text_align:center\"][vc_column_text]<\/p>\n<p class=\"p1\" style=\"text-align: center;\"><a href=\"http:\/\/www.biramalt.com\/\"><span class=\"s1\">BMUD<\/span><span class=\"s2\">\u00a0<\/span><span class=\"s3\">\u5564\u9152\u548c\u9ea6\u82bd\u751f\u4ea7\u5546\u534f\u4f1a<\/span><\/a><\/p>\n<p>[\/vc_column_text][\/vc_column][\/vc_row][vc_row][vc_column][vc_separator color=\"black\"][\/vc_column][\/vc_row][vc_row][vc_column width=\"1\/3\"][vc_single_image image=\"7308\" img_size=\"200x200\" alignment=\"center\" style=\"vc_box_shadow_3d\"][vc_custom_heading text=\"Tahir B\u00fcy\u00fckhelvac\u0131gil\" font_container=\"tag:h6|text_align:center\"][vc_column_text]<\/p>\n<p class=\"p1\" style=\"text-align: center;\"><a href=\"http:\/\/www.bysd.org.tr\/\"><span class=\"s1\">BYSD<\/span><span class=\"s2\">\u00a0<\/span><span class=\"s3\">\u690d\u7269\u6cb9\u5236\u9020\u5546\u534f\u4f1a<\/span><\/a><\/p>\n<p>[\/vc_column_text][\/vc_column][vc_column width=\"1\/3\"][vc_single_image image=\"7310\" img_size=\"200x200\" alignment=\"center\" style=\"vc_box_shadow_3d\"][vc_custom_heading text=\"Ahmet Y\u00fccesan\" font_container=\"tag:h6|text_align:center\"][vc_column_text]<\/p>\n<p class=\"p1\" style=\"text-align: center;\"><a href=\"http:\/\/www.etbir.org\"><span class=\"s1\">ETB\u0130R<\/span><span class=\"s2\">\u00a0<\/span><span class=\"s3\">\u7ea2\u8089\u5236\u9020\u8005\u548c\u751f\u4ea7\u8005\u534f\u4f1a<\/span><\/a><\/p>\n<p>[\/vc_column_text][\/vc_column][vc_column width=\"1\/3\"][vc_single_image image=\"7709\" img_size=\"200x200\" alignment=\"center\" style=\"vc_box_shadow_3d\"][vc_custom_heading text=\"Melih \u015eahin\u00f6z\" font_container=\"tag:h6|text_align:center\"][vc_column_text]<\/p>\n<p class=\"p1\" style=\"text-align: center;\"><a href=\"https:\/\/www.etuder.org.tr\/\">ET\u00dcDER - <strong>\u98df\u54c1\u670d\u52a1\u4f9b\u5e94\u5546\u534f\u4f1a<\/strong><\/a><\/p>\n<p>[\/vc_column_text][\/vc_column][\/vc_row][vc_row][vc_column][vc_separator color=\"black\"][\/vc_column][\/vc_row][vc_row][vc_column width=\"1\/3\"][vc_single_image image=\"7311\" img_size=\"200x200\" alignment=\"center\" style=\"vc_box_shadow_3d\"][vc_custom_heading text=\"Mehmet \u00c7etin Duruk\" font_container=\"tag:h6|text_align:center\"][vc_column_text]<\/p>\n<p class=\"p1\" style=\"text-align: center;\"><a href=\"http:\/\/www.gidakat.org.tr\/\"><span class=\"s1\">GIDAB\u0130L<\/span><span class=\"s2\">\u00a0<\/span><span class=\"s3\">\u98df\u54c1\u6210\u5206\u548c\u914d\u6599\u5de5\u4e1a\u5546\u534f\u4f1a<\/span><\/a><\/p>\n<p>[\/vc_column_text][\/vc_column][vc_column width=\"1\/3\"][vc_single_image image=\"7584\" img_size=\"200x200\" alignment=\"center\" style=\"vc_box_shadow_3d\"][vc_custom_heading text=\"\u00c7a\u011f\u0131l \u0130mre\" font_container=\"tag:h6|text_align:center\"][vc_column_text]<\/p>\n<p class=\"p1\" style=\"text-align: center;\"><a href=\"http:\/\/www.gis-der.org\"><span class=\"s1\">G\u0130SDER<\/span><span class=\"s2\">\u4f20\u7edf\u9152\u7cbe\u996e\u6599\u5236\u9020\u5546\u534f\u4f1a<\/span><\/a><\/p>\n<p>[\/vc_column_text][\/vc_column][vc_column width=\"1\/3\"][vc_single_image image=\"7314\" img_size=\"200x200\" alignment=\"center\" style=\"vc_box_shadow_3d\"][vc_custom_heading text=\"Mehmet \u00d6mer KIZIL\" font_container=\"tag:h6|text_align:center\"][vc_column_text]<\/p>\n<p class=\"p1\" style=\"text-align: center;\"><a href=\"http:\/\/www.masuder.org.tr\/\"><span class=\"s1\">MASUDER<\/span><span class=\"s2\">\u00a0<\/span><span class=\"s3\">\u571f\u8033\u5176\u77ff\u6cc9\u6c34\u5236\u9020\u5546\u534f\u4f1a<\/span><\/a><\/p>\n<p>[\/vc_column_text][\/vc_column][\/vc_row][vc_row][vc_column][vc_separator color=\"black\"][\/vc_column][\/vc_row][vc_row][vc_column width=\"1\/3\"][vc_single_image image=\"7585\" img_size=\"200x200\" alignment=\"center\" style=\"vc_box_shadow_3d\"][vc_custom_heading text=\"Esra \u0130ren\" font_container=\"tag:h6|text_align:center\"][vc_column_text]<\/p>\n<p class=\"p1\" style=\"text-align: center;\"><a href=\"http:\/\/www.mesrubatcilar.org\/\">MEDER<span class=\"s1\">\u8f6f\u996e\u6599\u534f\u4f1a<\/span><\/a><\/p>\n<p>[\/vc_column_text][\/vc_column][vc_column width=\"1\/3\"][vc_single_image image=\"7586\" img_size=\"200x200\" alignment=\"center\" style=\"vc_box_shadow_3d\"][vc_custom_heading text=\"Ozan Diren\" font_container=\"tag:h6|text_align:center\"][vc_column_text]<\/p>\n<p class=\"p1\" style=\"text-align: center;\"><a href=\"http:\/\/www.meyed.org.tr\/\">MEYED<span class=\"s1\">\u00a0<\/span><span class=\"s2\">\u679c\u6c41\u5de5\u4e1a\u534f\u4f1a<\/span><\/a><\/p>\n<p>[\/vc_column_text][\/vc_column][vc_column width=\"1\/3\"][vc_single_image image=\"7587\" img_size=\"200x200\" alignment=\"center\" style=\"vc_box_shadow_3d\"][vc_custom_heading text=\"Ebru Akda\u011f\" font_container=\"tag:h6|text_align:center\"][vc_column_text]<\/p>\n<p class=\"p1\" style=\"text-align: center;\"><a href=\"http:\/\/www.mumsad.org.tr\/\"><span class=\"s1\">M\u00dcMSAD<\/span><span class=\"s2\">\u00a0<\/span><span class=\"s3\">\u70f9\u996a\u4ea7\u54c1\u548c\u4eba\u9020\u9ec4\u6cb9\u5236\u9020\u5546\u534f\u4f1a<\/span><\/a><\/p>\n<p>[\/vc_column_text][\/vc_column][\/vc_row][vc_row][vc_column][vc_separator color=\"black\"][\/vc_column][\/vc_row][vc_row][vc_column width=\"1\/3\"][vc_single_image image=\"6034\" img_size=\"200x200\" alignment=\"center\" style=\"vc_box_shadow_3d\"][vc_custom_heading text=\"Nihat Uysall\u0131\" font_container=\"tag:h6|text_align:center\"][vc_column_text]<\/p>\n<p style=\"text-align: center;\"><a href=\"http:\/\/musad.org\"><span class=\"s1\">M\u00dcSAD<\/span><span class=\"s2\">\u00a0<\/span><span class=\"s3\">\u9762\u98df\u751f\u4ea7\u8005\u548c\u5de5\u4e1a\u5546\u534f\u4f1a<\/span><\/a><\/p>\n<p>[\/vc_column_text][\/vc_column][vc_column width=\"1\/3\"][vc_single_image image=\"7588\" img_size=\"200x200\" alignment=\"center\" style=\"vc_box_shadow_3d\"][vc_custom_heading text=\"\u0130smail Ba\u015faran\" font_container=\"tag:h6|text_align:center\"][vc_column_text]<\/p>\n<p class=\"p1\" style=\"text-align: center;\"><a href=\"http:\/\/www.nisad.org.tr\/\"><span class=\"s1\">N\u0130SAD<\/span><span class=\"s2\">\u6dc0\u7c89\u5de5\u4e1a\u5546\u534f\u4f1a<\/span><\/a><\/p>\n<p>[\/vc_column_text][\/vc_column][vc_column width=\"1\/3\"][vc_single_image image=\"6397\" img_size=\"200x200\" alignment=\"center\" style=\"vc_box_shadow_3d\"][vc_custom_heading text=\"Muharrem Do\u011fan\" font_container=\"tag:h6|text_align:center\"][vc_column_text]<\/p>\n<p class=\"p1\" style=\"text-align: center;\"><a href=\"http:\/\/www.orguder.org.tr\/\"><span class=\"s1\">ORG\u00dcDER<\/span><span class=\"s2\">\u00a0<\/span><span class=\"s3\">\u6709\u673a\u4ea7\u54c1\u751f\u4ea7\u8005\u548c\u5de5\u4e1a\u5546\u534f\u4f1a<\/span><\/a><\/p>\n<p>[\/vc_column_text][\/vc_column][\/vc_row][vc_row][vc_column width=\"1\/3\"][\/vc_column][vc_column width=\"1\/3\"][\/vc_column][vc_column width=\"1\/3\"][\/vc_column][\/vc_row][vc_row][vc_column][vc_separator color=\"black\"][\/vc_column][\/vc_row][vc_row][vc_column width=\"1\/3\"][vc_single_image image=\"7578\" img_size=\"200x200\" alignment=\"center\" style=\"vc_box_shadow_3d\"][vc_custom_heading text=\"Haluk Aky\u00fcrek\" font_container=\"tag:h6|text_align:center\"][vc_column_text]<\/p>\n<p class=\"p1\" style=\"text-align: center;\"><a href=\"http:\/\/www.pakder.org.tr\/\"><span class=\"s1\">PAKDER\u00a0<\/span><span class=\"s2\">\u519c\u4ea7\u54c1\u8c37\u7269\uff0c\u8c46\u7c7b\u5546\u4e1a\u5305\u88c5\u548c\u5236\u9020\u5546\u534f\u4f1a<\/span><\/a><\/p>\n<p>[\/vc_column_text][\/vc_column][vc_column width=\"1\/3\"][vc_single_image image=\"7322\" img_size=\"200x200\" alignment=\"center\" style=\"vc_box_shadow_3d\"][vc_custom_heading text=\"Birol Kocaman\" font_container=\"tag:h6|text_align:center\"][vc_column_text]<\/p>\n<p class=\"p1\" style=\"text-align: center;\"><a href=\"http:\/\/www.pdd.org.tr\"><span class=\"s1\">PDD<\/span><span class=\"s2\">\u00a0<\/span><span class=\"s3\">\u7c73\u548c\u78e8\u574a\u4e3b\u534f\u4f1a<\/span><\/a><\/p>\n<p>[\/vc_column_text][\/vc_column][vc_column width=\"1\/3\"][vc_single_image image=\"7323\" img_size=\"200x200\" alignment=\"center\" style=\"vc_box_shadow_3d\"][vc_custom_heading text=\"Hakan Turan\" font_container=\"tag:h6|text_align:center\"][vc_column_text]<\/p>\n<p class=\"p1\" style=\"text-align: center;\"><a href=\"https:\/\/www.tgdf.org.tr\/chn\/salkonder\/\"><span class=\"s1\">SALKONDER\u00a0<\/span><span class=\"s2\">\u756a\u8304\u9171\uff0c\u51b7\u51bb\u548c\u7f50\u5934\u98df\u54c1\u5de5\u4e1a\u5546\u534f\u4f1a<\/span><\/a><\/p>\n<p>[\/vc_column_text][\/vc_column][\/vc_row][vc_row][vc_column][vc_separator color=\"black\"][\/vc_column][\/vc_row][vc_row][vc_column width=\"1\/3\"][vc_single_image image=\"7683\" img_size=\"200x200\" alignment=\"center\" style=\"vc_box_shadow_3d\"][vc_custom_heading text=\"\u0130sa Co\u015fkun\" font_container=\"tag:h6|text_align:center\"][vc_column_text]<\/p>\n<p class=\"p1\" style=\"text-align: center;\"><a href=\"http:\/\/www.setbir.org.tr\/\"><span class=\"s1\">SETB\u0130R<\/span><span class=\"s2\">\u00a0<\/span><span class=\"s3\">\u571f\u8033\u5176\u725b\u5976\uff0c\u8089\uff0c\u98df\u54c1\u5de5\u4e1a\u5546\u548c\u5236\u9020\u5546\u534f\u4f1a<\/span><\/a><\/p>\n<p>[\/vc_column_text][\/vc_column][vc_column width=\"1\/3\"][vc_single_image image=\"7589\" img_size=\"200x200\" alignment=\"center\" style=\"vc_box_shadow_3d\"][vc_custom_heading text=\"G\u00fcrhan G\u00fcven\" font_container=\"tag:h6|text_align:center\"][vc_column_text]<\/p>\n<p class=\"p1\" style=\"text-align: center;\"><a href=\"https:\/\/www.tgdf.org.tr\/hakkimizda\/baskanlar-kurulu\/\"><strong>SIRKEDER <\/strong>\u918b\u751f\u4ea7\u8005\u534f\u4f1a<\/a><\/p>\n<p>[\/vc_column_text][\/vc_column][vc_column width=\"1\/3\"][vc_single_image image=\"7590\" img_size=\"200x200\" alignment=\"center\" style=\"vc_box_shadow_3d\"][vc_custom_heading text=\"H\u00fcseyin Karamehmeto\u011flu\" font_container=\"tag:h6|text_align:center\"][vc_column_text]<\/p>\n<p class=\"p1\" style=\"text-align: center;\"><a href=\"http:\/\/suder.org.tr\"><span class=\"s1\">SUDER<\/span><span class=\"s2\">\u00a0<\/span><span class=\"s3\">\u5305\u88c5\u6c34\u751f\u4ea7\u5546\u534f\u4f1a<\/span><\/a><\/p>\n<p>[\/vc_column_text][\/vc_column][\/vc_row][vc_row][vc_column][vc_separator color=\"black\"][\/vc_column][\/vc_row][vc_row][vc_column width=\"1\/3\"][vc_single_image image=\"7327\" img_size=\"200x200\" alignment=\"center\" style=\"vc_box_shadow_3d\"][vc_custom_heading text=\"Necati G\u00f6ksu\" font_container=\"tag:h6|text_align:center\"][vc_column_text]<\/p>\n<p class=\"p1\" style=\"text-align: center;\"><a href=\"http:\/\/www.suther.org\/\"><span class=\"s1\">SUTHER<\/span><span class=\"s2\">\u00a0<\/span><span class=\"s3\">\u829d\u9ebb\uff0c\u829d\u9ebb\u9171\uff0c\u9165\u7cd6\uff0c\u679c\u9171\u5236\u9020\u5546\u534f\u4f1a<\/span><\/a><\/p>\n<p>[\/vc_column_text][\/vc_column][vc_column width=\"1\/3\"][vc_single_image image=\"7324\" img_size=\"200x200\" alignment=\"center\" style=\"vc_box_shadow_3d\"][vc_custom_heading text=\"Ali N.Ba\u015fman\" font_container=\"tag:h6|text_align:center\"][vc_column_text]<\/p>\n<p class=\"p1\" style=\"text-align: center;\"><a href=\"http:\/\/www.sarapureticileri.org\/\">\u015eARAPDER<span class=\"s1\">\u00a0<\/span><span class=\"s2\">\u8461\u8404\u9152\u751f\u4ea7\u5546\u534f\u4f1a<\/span><\/a><\/p>\n<p>[\/vc_column_text][\/vc_column][vc_column width=\"1\/3\"][vc_single_image image=\"7591\" img_size=\"200x200\" alignment=\"center\" style=\"vc_box_shadow_3d\"][vc_custom_heading text=\"\u015eemsi Kopuz\" font_container=\"tag:h6|text_align:center\"][vc_column_text]<\/p>\n<p class=\"p1\" style=\"text-align: center;\"><a href=\"http:\/\/semad.org.tr\/\"><span class=\"s1\">\u015eEMAD<\/span><span class=\"s2\">\u00a0<\/span><span class=\"s3\">\u7cd6\u679c\u4ea7\u54c1\u5236\u9020\u5546\u534f\u4f1a<\/span><\/a><\/p>\n<p>[\/vc_column_text][\/vc_column][\/vc_row][vc_row][vc_column][vc_separator color=\"black\"][\/vc_column][\/vc_row][vc_row][vc_column width=\"1\/3\"][vc_single_image image=\"7690\" img_size=\"200x200\" alignment=\"center\" style=\"vc_box_shadow_3d\"][vc_custom_heading text=\"M. Aykut G\u00f6ymen\" font_container=\"tag:h6|text_align:center\"][vc_column_text]<\/p>\n<p class=\"p1\" style=\"text-align: center;\"><a href=\"http:\/\/www.makarna.org.tr\"><span class=\"s1\">TMSD<\/span><span class=\"s2\">\u00a0<\/span><span class=\"s3\">\u571f\u8033\u5176\u9762\u98df\u5de5\u4e1a\u5546\u534f\u4f1a<\/span><\/a><\/p>\n<p>[\/vc_column_text][\/vc_column][vc_column width=\"1\/3\"][vc_single_image image=\"7331\" img_size=\"200x200\" alignment=\"center\" style=\"vc_box_shadow_3d\"][vc_custom_heading text=\"Mustafa Manav\" font_container=\"tag:h6|text_align:center\"][vc_column_text]<\/p>\n<p class=\"p1\" style=\"text-align: center;\"><a href=\"http:\/\/www.tugider.org.tr\/\">T\u00dcG\u0130DER<span class=\"s1\">\u00a0<\/span><span class=\"s2\">\u6240\u6709\u98df\u54c1\u5916\u8d38\u534f\u4f1a<\/span><\/a><\/p>\n<p>[\/vc_column_text][\/vc_column][vc_column width=\"1\/3\"][\/vc_column][\/vc_row]<\/p>\n<\/div>","protected":false},"excerpt":{"rendered":"<p>[vc_row][vc_column width=&#8221;1\/3&#8243;][vc_single_image image=&#8221;7332&#8243; img_size=&#8221;200&#215;200&#8243; alignment=&#8221;center&#8221; style=&#8221;vc_box_shadow_3d&#8221;][vc_custom_heading text=&#8221;Ayd\u0131n Acun&#8221; font_container=&#8221;tag:h6|text_align:center&#8221;][vc_column_text] AB\u00dcDER\u5305\u88c5\u9999\u6599\u5236\u9020\u5546\u534f\u4f1a [\/vc_column_text][\/vc_column][vc_column width=&#8221;1\/3&#8243;][vc_single_image image=&#8221;7300&#8243; img_size=&#8221;200&#215;200&#8243; alignment=&#8221;center&#8221; style=&#8221;vc_box_shadow_3d&#8221;][vc_custom_heading text=&#8221;Levent K\u00f6m\u00fcr&#8221; font_container=&#8221;tag:h6|text_align:center&#8221;][vc_column_text] ALK\u0130DER\u00a0\u9152\u7cbe\u996e\u6599\u751f\u4ea7\u8005\u548c\u8fdb\u53e3\u5546\u534f\u4f1a [\/vc_column_text][\/vc_column][vc_column width=&#8221;1\/3&#8243;][vc_single_image image=&#8221;7303&#8243; img_size=&#8221;200&#215;200&#8243; alignment=&#8221;center&#8221; style=&#8221;vc_box_shadow_3d&#8221;][vc_custom_heading text=&#8221;Harun \u00c7all\u0131&#8221; font_container=&#8221;tag:h6|text_align:center&#8221;][vc_column_text] AS\u00dcD\u00a0\u5305\u88c5\u5976\u548c\u4e73\u5236\u54c1\u5236\u9020\u5546\u534f\u4f1a [\/vc_column_text][\/vc_column][\/vc_row][vc_row][vc_column width=&#8221;1\/3&#8243;][vc_single_image image=&#8221;7302&#8243; img_size=&#8221;200&#215;200&#8243; alignment=&#8221;center&#8221; style=&#8221;vc_box_shadow_3d&#8221;][vc_custom_heading text=&#8221;\u00d6zen Alt\u0131parmak&#8221; font_container=&#8221;tag:h6|text_align:center&#8221;][vc_column_text] BALDER\u00a0\u871c\u8702\u4ea7\u54c1\u548c\u5065\u5eb7\u751f\u6d3b\u5e73\u53f0\u534f\u4f1a [\/vc_column_text][\/vc_column][vc_column width=&#8221;1\/3&#8243;][vc_single_image image=&#8221;7511&#8243; img_size=&#8221;200&#215;200&#8243; alignment=&#8221;center&#8221; style=&#8221;vc_box_shadow_3d&#8221;][vc_custom_heading text=&#8221;Naci KAPLAN&#8221; font_container=&#8221;tag:h6|text_align:center&#8221;][vc_column_text] BESD-B\u0130R\u00a0\u5bb6\u79bd\u8089\u5236\u9020\u5546\u548c\u9972\u517b\u8005\u534f\u4f1a [\/vc_column_text][\/vc_column][vc_column width=&#8221;1\/3&#8243;][vc_single_image image=&#8221;7583&#8243; img_size=&#8221;200&#215;200&#8243; alignment=&#8221;center&#8221; [&hellip;]<\/p>\n","protected":false},"author":1436,"featured_media":0,"parent":1074,"menu_order":0,"comment_status":"closed","ping_status":"closed","template":"","meta":{"footnotes":""},"class_list":["post-524","page","type-page","status-publish","hentry"],"_links":{"self":[{"href":"https:\/\/www.tgdf.org.tr\/chn\/wp-json\/wp\/v2\/pages\/524","targetHints":{"allow":["GET"]}}],"collection":[{"href":"https:\/\/www.tgdf.org.tr\/chn\/wp-json\/wp\/v2\/pages"}],"about":[{"href":"https:\/\/www.tgdf.org.tr\/chn\/wp-json\/wp\/v2\/types\/page"}],"author":[{"embeddable":true,"href":"https:\/\/www.tgdf.org.tr\/chn\/wp-json\/wp\/v2\/users\/1436"}],"replies":[{"embeddable":true,"href":"https:\/\/www.tgdf.org.tr\/chn\/wp-json\/wp\/v2\/comments?post=524"}],"version-history":[{"count":0,"href":"https:\/\/www.tgdf.org.tr\/chn\/wp-json\/wp\/v2\/pages\/524\/revisions"}],"up":[{"embeddable":true,"href":"https:\/\/www.tgdf.org.tr\/chn\/wp-json\/wp\/v2\/pages\/1074"}],"wp:attachment":[{"href":"https:\/\/www.tgdf.org.tr\/chn\/wp-json\/wp\/v2\/media?parent=524"}],"curies":[{"name":"wp","href":"https:\/\/api.w.org\/{rel}","templated":true}]}}